{"id":256379,"date":"2022-10-21T11:45:51","date_gmt":"2022-10-21T09:45:51","guid":{"rendered":"http:\/\/dev.claret.cat\/producte\/costa-rica-6\/"},"modified":"2023-01-28T19:40:52","modified_gmt":"2023-01-28T18:40:52","slug":"costa-rica-6-9788408133797","status":"publish","type":"product","link":"https:\/\/www.claret.cat\/es\/libro\/costa-rica-6-9788408133797\/","title":{"rendered":"COSTA RICA 6"},"content":{"rendered":"<p>Parece que todos los caminos llevan hasta cascadas, brumosos lagos de cr\u00e1teres o playas desiertas rodeadas por la jungla. Explorar este pa\u00eds a caballo, a pie o en kayak es la mejor manera de vivir una inolvidable aventura tropical.<br \/> Esta gu\u00eda de Costa Rica aporta toda la informaci\u00f3n necesaria e imprescindible para emprender tu viaje por todas las zonas del pa\u00eds que deseas visitar. En ella encontrar\u00e1s recomendaciones de viaje a Costa Rica y advertencias y consejos, para hacer que tu viaje sea inolvidable.\u00a0<br \/> Recorre rutas y caminos que tantas veces has visto fotografiados, y recuerda que esto es solo una gu\u00eda, \u00a1la aventura la vives t\u00fa!\u00a0<br \/> Incluye:.Mapas, im\u00e1genes, itinerarios, lugares secretos y toda la informaci\u00f3n m\u00e1s actualizada y completa..Cap\u00edtulos especiales sobre flora y fauna, paisajes y ecolog\u00eda..Gu\u00eda de actividades al aire libre y mapa espec\u00edfico de lugares donde practicar el surf..Informaci\u00f3n sobre: San Jos\u00e9, Valle Central y Tierras Altas, Costa caribe\u00f1a, Noroeste, El Arsenal, Tierras Bajas del Norte, Pen\u00ednsula de Nicoya, Costa central del Pac\u00edfico, Sur y la Pen\u00ednsula de Osa.<\/p>\n","protected":false},"excerpt":{"rendered":"<p>YANAGIHARA, WENDY \/ CLARK, GREGOR \/ VORHEES, MARA<\/p>\n","protected":false},"featured_media":256380,"template":"","meta":{"_acf_changed":false,"om_disable_all_campaigns":false,"rs_blank_template":"","rs_page_bg_color":"","slide_template_v7":"","inline_featured_image":false,"_monsterinsights_skip_tracking":false,"_monsterinsights_sitenote_active":false,"_monsterinsights_sitenote_note":"","_monsterinsights_sitenote_category":0},"product_brand":[],"product_cat":[107],"product_tag":[],"class_list":{"0":"post-256379","1":"product","2":"type-product","3":"status-publish","4":"has-post-thumbnail","6":"product_cat-guies-de-viatge","8":"first","9":"instock","10":"taxable","11":"shipping-taxable","12":"purchasable","13":"product-type-simple"},"acf":{"autor":"YANAGIHARA, WENDY \/ CLARK, GREGOR \/ VORHEES, MARA","codart":"840813379","libros-coleccion":"","ediciones":"1","encuadernacion":"R\u00fastica","fecha_de_publicacion":"01\/11\/2014","novedad":"0","paginas":"512","subtitulo":"","orden":"999","portada":"0","idioma":"spa","editorial":[{"ID":8244,"post_author":"3","post_date":"2022-09-30 09:21:26","post_date_gmt":"2022-09-30 07:21:26","post_content":"","post_title":"GEOPLANETA EDITORIAL","post_excerpt":"","post_status":"publish","comment_status":"closed","ping_status":"closed","post_password":"","post_name":"geoplaneta-editorial","to_ping":"","pinged":"","post_modified":"2022-09-30 09:21:26","post_modified_gmt":"2022-09-30 07:21:26","post_content_filtered":"","post_parent":0,"guid":"http:\/\/dev.claret.cat\/editorial\/geoplaneta-editorial\/","menu_order":0,"post_type":"editorial","post_mime_type":"","comment_count":"0","filter":"raw"}],"autores-libros":[{"ID":157122,"post_author":"3","post_date":"2022-10-14 15:26:17","post_date_gmt":"2022-10-14 13:26:17","post_content":"","post_title":"GREGOR CLARK","post_excerpt":"","post_status":"publish","comment_status":"closed","ping_status":"closed","post_password":"","post_name":"gregor-clark","to_ping":"","pinged":"","post_modified":"2022-10-14 15:26:17","post_modified_gmt":"2022-10-14 13:26:17","post_content_filtered":"","post_parent":0,"guid":"http:\/\/dev.claret.cat\/autor\/gregor-clark\/","menu_order":0,"post_type":"autor","post_mime_type":"","comment_count":"0","filter":"raw"}]},"aioseo_notices":[],"_links":{"self":[{"href":"https:\/\/www.claret.cat\/es\/wp-json\/wp\/v2\/product\/256379","targetHints":{"allow":["GET"]}}],"collection":[{"href":"https:\/\/www.claret.cat\/es\/wp-json\/wp\/v2\/product"}],"about":[{"href":"https:\/\/www.claret.cat\/es\/wp-json\/wp\/v2\/types\/product"}],"wp:featuredmedia":[{"embeddable":true,"href":"https:\/\/www.claret.cat\/es\/wp-json\/wp\/v2\/media\/256380"}],"wp:attachment":[{"href":"https:\/\/www.claret.cat\/es\/wp-json\/wp\/v2\/media?parent=256379"}],"wp:term":[{"taxonomy":"product_brand","embeddable":true,"href":"https:\/\/www.claret.cat\/es\/wp-json\/wp\/v2\/product_brand?post=256379"},{"taxonomy":"product_cat","embeddable":true,"href":"https:\/\/www.claret.cat\/es\/wp-json\/wp\/v2\/product_cat?post=256379"},{"taxonomy":"product_tag","embeddable":true,"href":"https:\/\/www.claret.cat\/es\/wp-json\/wp\/v2\/product_tag?post=256379"}],"curies":[{"name":"wp","href":"https:\/\/api.w.org\/{rel}","templated":true}]}}