{"id":25640,"date":"2022-10-02T10:33:03","date_gmt":"2022-10-02T08:33:03","guid":{"rendered":"http:\/\/dev.claret.cat\/producte\/asi-pensaba-teresa-de-jesus\/"},"modified":"2024-05-23T18:26:58","modified_gmt":"2024-05-23T16:26:58","slug":"asi-pensaba-teresa-de-jesus-9788472399020","status":"publish","type":"product","link":"https:\/\/www.claret.cat\/es\/libro\/asi-pensaba-teresa-de-jesus-9788472399020\/","title":{"rendered":"AS\u00cd PENSABA TERESA DE JES\u00daS"},"content":{"rendered":"<p>He aqu\u00ed unos pensamientos de Santa Teresa dispuestos para las prisas y el gusto y la sensibilidad y la religiosidad y hasta para la irreligiosidad del hombre de hoy. Unos pensamientos preparados para leer en el metro en el autob\u00fas. Mientras esperas o vas de camino. Echado en el sill\u00f3n o en la cima de una monta\u00f1a a mitad del paseo. Cuando pretendes dedicarte a pensar y aun cuando no quisieras hacerlo. En esta ocasi\u00f3n han sido unas manos y una sensibilidad femeninas las espigadoras de los escritos teresianos. Las de Hna. Mar\u00eda Jes\u00fas y Gloria, o las de Gloria y Mar\u00eda Jes\u00fas. Carmelita Misionera la primera; entusiastas de Teresa, asistentes sociales y, por lo mismo, profesionales de la intercomunicaci\u00f3n humana, las dos. El hecho de que sea \u00e9sta ya la tercera edici\u00f3n avala tambi\u00e9n la utilidad del contenido de estas p\u00e1ginas.<\/p>\n","protected":false},"excerpt":{"rendered":"<p>REM\u00cdREZ,M JESUS<\/p>\n","protected":false},"featured_media":350750,"template":"","meta":{"_acf_changed":false,"om_disable_all_campaigns":false,"rs_blank_template":"","rs_page_bg_color":"","slide_template_v7":"","inline_featured_image":false,"_monsterinsights_skip_tracking":false,"_monsterinsights_sitenote_active":false,"_monsterinsights_sitenote_note":"","_monsterinsights_sitenote_category":0},"product_brand":[],"product_cat":[242,492],"product_tag":[],"class_list":{"0":"post-25640","1":"product","2":"type-product","3":"status-publish","4":"has-post-thumbnail","6":"product_cat-carmelitana","7":"product_cat-carmelitana-espiritualidad-1_espiritualidad","9":"first","10":"instock","11":"taxable","12":"shipping-taxable","13":"purchasable","14":"product-type-simple"},"acf":{"autor":"REM\u00cdREZ,M JESUS","codart":"847239902","libros-coleccion":"As\u00ed era","ediciones":"3","encuadernacion":"R\u00fastica","fecha_de_publicacion":"22\/11\/2005","novedad":"0","paginas":"200","subtitulo":"","orden":"999","portada":"0","idioma":"spa","editorial":[{"ID":6309,"post_author":"3","post_date":"2022-07-28 17:49:25","post_date_gmt":"2022-07-28 15:49:25","post_content":"","post_title":"Monte Carmelo","post_excerpt":"","post_status":"publish","comment_status":"closed","ping_status":"closed","post_password":"","post_name":"monte-carmelo","to_ping":"","pinged":"","post_modified":"2022-07-28 17:49:25","post_modified_gmt":"2022-07-28 15:49:25","post_content_filtered":"","post_parent":0,"guid":"http:\/\/dev.claret.cat\/editorial\/monte-carmelo\/","menu_order":0,"post_type":"editorial","post_mime_type":"","comment_count":"0","filter":"raw"}],"autores-libros":[{"ID":163654,"post_author":"3","post_date":"2022-10-14 17:40:46","post_date_gmt":"2022-10-14 15:40:46","post_content":"","post_title":"MAR\u00cdA JES\u00daS REM\u00cdREZ","post_excerpt":"","post_status":"publish","comment_status":"closed","ping_status":"closed","post_password":"","post_name":"maria-jesus-remirez","to_ping":"","pinged":"","post_modified":"2022-10-14 17:40:46","post_modified_gmt":"2022-10-14 15:40:46","post_content_filtered":"","post_parent":0,"guid":"http:\/\/dev.claret.cat\/autor\/maria-jesus-remirez\/","menu_order":0,"post_type":"autor","post_mime_type":"","comment_count":"0","filter":"raw"}]},"aioseo_notices":[],"_links":{"self":[{"href":"https:\/\/www.claret.cat\/es\/wp-json\/wp\/v2\/product\/25640","targetHints":{"allow":["GET"]}}],"collection":[{"href":"https:\/\/www.claret.cat\/es\/wp-json\/wp\/v2\/product"}],"about":[{"href":"https:\/\/www.claret.cat\/es\/wp-json\/wp\/v2\/types\/product"}],"wp:featuredmedia":[{"embeddable":true,"href":"https:\/\/www.claret.cat\/es\/wp-json\/wp\/v2\/media\/350750"}],"wp:attachment":[{"href":"https:\/\/www.claret.cat\/es\/wp-json\/wp\/v2\/media?parent=25640"}],"wp:term":[{"taxonomy":"product_brand","embeddable":true,"href":"https:\/\/www.claret.cat\/es\/wp-json\/wp\/v2\/product_brand?post=25640"},{"taxonomy":"product_cat","embeddable":true,"href":"https:\/\/www.claret.cat\/es\/wp-json\/wp\/v2\/product_cat?post=25640"},{"taxonomy":"product_tag","embeddable":true,"href":"https:\/\/www.claret.cat\/es\/wp-json\/wp\/v2\/product_tag?post=25640"}],"curies":[{"name":"wp","href":"https:\/\/api.w.org\/{rel}","templated":true}]}}