{"id":256466,"date":"2022-10-21T11:47:53","date_gmt":"2022-10-21T09:47:53","guid":{"rendered":"http:\/\/dev.claret.cat\/producte\/festes-i-tradicions-catalanes-2\/"},"modified":"2023-01-28T15:57:56","modified_gmt":"2023-01-28T14:57:56","slug":"festes-i-tradicions-catalanes-9788416033461","status":"publish","type":"product","link":"https:\/\/www.claret.cat\/es\/libro\/festes-i-tradicions-catalanes-9788416033461\/","title":{"rendered":"FESTES I TRADICIONS CATALANES"},"content":{"rendered":"<p>Ballar amb els gegants a les festes majors, disfressar-nos pel Carnestoltes, fer fogueres la nit del foc&#8230; El nostre calendari est\u00e0 ple de celebracions que ens agrada fer junts, de vegades nom\u00e9s amb la fam\u00edlia i altres tot el poble fent gresca alhora. Tenim festes tan antigues com el Nadal i tan modernes com les cal\u00e7otades.<\/p>\n<p> A m\u00e9s, a Catalunya fem algunes coses \u00faniques i ben curioses, com regalar-nos llibres i roses per Sant Jordi, posar caganers en el pessebre o demanar al ti\u00f3 que ens deixi algun regal. Tamb\u00e9 fem altres coses molt atrevides, com les estructures dels castellers. I ja t&#8221;haur\u00e0s adonat que som una mica golafres! Ens agrada aplegar-nos per fer la castanyada, les cal\u00e7otades, les xatonades&#8230; i afartar-nos de panellets, mones de Pasqua, torrons i neules. Fins i tot sortim a collir nosaltres mateixos els bolets al bosc.<\/p>\n<p> No hi ha res m\u00e9s divertit que un dia de festa!<\/p>\n","protected":false},"excerpt":{"rendered":"<p>CASTELLANO, FRANCESC \/ PALET, MARIA<\/p>\n","protected":false},"featured_media":277470,"template":"","meta":{"_acf_changed":false,"om_disable_all_campaigns":false,"rs_blank_template":"","rs_page_bg_color":"","slide_template_v7":"","inline_featured_image":false,"_monsterinsights_skip_tracking":false,"_monsterinsights_sitenote_active":false,"_monsterinsights_sitenote_note":"","_monsterinsights_sitenote_category":0},"product_brand":[],"product_cat":[90,540],"product_tag":[],"class_list":{"0":"post-256466","1":"product","2":"type-product","3":"status-publish","4":"has-post-thumbnail","6":"product_cat-altres","7":"product_cat-otros","9":"first","10":"instock","11":"taxable","12":"shipping-taxable","13":"purchasable","14":"product-type-simple"},"acf":{"autor":"CASTELLANO, FRANCESC \/ PALET, MARIA","codart":"841603346","libros-coleccion":"","ediciones":"1","encuadernacion":"Carton\u00e9","fecha_de_publicacion":"01\/11\/2014","novedad":"0","paginas":"30","subtitulo":"","orden":"999","portada":"0","idioma":"cat","editorial":[{"ID":147646,"post_author":"3","post_date":"2022-10-14 11:52:10","post_date_gmt":"2022-10-14 09:52:10","post_content":"","post_title":"COMANEGRA","post_excerpt":"","post_status":"publish","comment_status":"closed","ping_status":"closed","post_password":"","post_name":"comanegra","to_ping":"","pinged":"","post_modified":"2022-10-14 11:52:10","post_modified_gmt":"2022-10-14 09:52:10","post_content_filtered":"","post_parent":0,"guid":"http:\/\/dev.claret.cat\/editorial\/comanegra\/","menu_order":0,"post_type":"editorial","post_mime_type":"","comment_count":"0","filter":"raw"}],"autores-libros":[{"ID":277468,"post_author":"3","post_date":"2022-12-09 08:24:55","post_date_gmt":"2022-12-09 07:24:55","post_content":"","post_title":"FRANCESC CASTELLANO","post_excerpt":"","post_status":"publish","comment_status":"closed","ping_status":"closed","post_password":"","post_name":"francesc-castellano","to_ping":"","pinged":"","post_modified":"2022-12-09 08:24:55","post_modified_gmt":"2022-12-09 07:24:55","post_content_filtered":"","post_parent":0,"guid":"http:\/\/dev.claret.cat\/autor\/francesc-castellano\/","menu_order":0,"post_type":"autor","post_mime_type":"","comment_count":"0","filter":"raw"},{"ID":277469,"post_author":"3","post_date":"2022-12-09 08:24:56","post_date_gmt":"2022-12-09 07:24:56","post_content":"","post_title":"MARIA PALET","post_excerpt":"","post_status":"publish","comment_status":"closed","ping_status":"closed","post_password":"","post_name":"maria-palet","to_ping":"","pinged":"","post_modified":"2022-12-09 08:24:56","post_modified_gmt":"2022-12-09 07:24:56","post_content_filtered":"","post_parent":0,"guid":"http:\/\/dev.claret.cat\/autor\/maria-palet\/","menu_order":0,"post_type":"autor","post_mime_type":"","comment_count":"0","filter":"raw"}]},"aioseo_notices":[],"_links":{"self":[{"href":"https:\/\/www.claret.cat\/es\/wp-json\/wp\/v2\/product\/256466","targetHints":{"allow":["GET"]}}],"collection":[{"href":"https:\/\/www.claret.cat\/es\/wp-json\/wp\/v2\/product"}],"about":[{"href":"https:\/\/www.claret.cat\/es\/wp-json\/wp\/v2\/types\/product"}],"wp:featuredmedia":[{"embeddable":true,"href":"https:\/\/www.claret.cat\/es\/wp-json\/wp\/v2\/media\/277470"}],"wp:attachment":[{"href":"https:\/\/www.claret.cat\/es\/wp-json\/wp\/v2\/media?parent=256466"}],"wp:term":[{"taxonomy":"product_brand","embeddable":true,"href":"https:\/\/www.claret.cat\/es\/wp-json\/wp\/v2\/product_brand?post=256466"},{"taxonomy":"product_cat","embeddable":true,"href":"https:\/\/www.claret.cat\/es\/wp-json\/wp\/v2\/product_cat?post=256466"},{"taxonomy":"product_tag","embeddable":true,"href":"https:\/\/www.claret.cat\/es\/wp-json\/wp\/v2\/product_tag?post=256466"}],"curies":[{"name":"wp","href":"https:\/\/api.w.org\/{rel}","templated":true}]}}