{"id":256485,"date":"2022-10-21T11:48:20","date_gmt":"2022-10-21T09:48:20","guid":{"rendered":"http:\/\/dev.claret.cat\/producte\/el-petit-os-polar-vull-anar-amb-tu\/"},"modified":"2023-01-28T10:30:58","modified_gmt":"2023-01-28T09:30:58","slug":"el-petit-os-polar-vull-anar-amb-tu-9788499755465","status":"publish","type":"product","link":"https:\/\/www.claret.cat\/es\/libro\/el-petit-os-polar-vull-anar-amb-tu-9788499755465\/","title":{"rendered":"EL PETIT \u00d3S POLAR. VULL ANAR AMB TU!"},"content":{"rendered":"<p>Lars, el petit \u00f3s polar, ha caigut en una trampa. Per\u00f2 aconsegueix escapar juntament amb altres animals i aix\u00ed coneix la Lea, una petita \u00f3ssa bruna. Com que fa temps que vol tenir un amic, li proposa d&#8221;anar amb ell cap al pol Nord. Despr\u00e9s d&#8221;un viatge ple d&#8221;aventures, arriben a casa sans i estalvis. Una altra tendra i emocionant hist\u00f2ria d&#8221;en Lars, el petit \u00f3s polar.<\/p>\n","protected":false},"excerpt":{"rendered":"<p>DE BEER, HANS<\/p>\n","protected":false},"featured_media":256486,"template":"","meta":{"_acf_changed":false,"om_disable_all_campaigns":false,"rs_blank_template":"","rs_page_bg_color":"","slide_template_v7":"","inline_featured_image":false,"_monsterinsights_skip_tracking":false,"_monsterinsights_sitenote_active":false,"_monsterinsights_sitenote_note":"","_monsterinsights_sitenote_category":0},"product_brand":[],"product_cat":[16],"product_tag":[],"class_list":{"0":"post-256485","1":"product","2":"type-product","3":"status-publish","4":"has-post-thumbnail","6":"product_cat-sense-categoria","8":"first","9":"instock","10":"taxable","11":"shipping-taxable","12":"purchasable","13":"product-type-simple"},"acf":{"autor":"DE BEER, HANS","codart":"849975546","libros-coleccion":"","ediciones":"1","encuadernacion":"R\u00fastica","fecha_de_publicacion":"01\/11\/2014","novedad":"0","paginas":"24","subtitulo":"","orden":"999","portada":"0","idioma":"cat","editorial":[{"ID":6321,"post_author":"3","post_date":"2022-07-28 17:49:41","post_date_gmt":"2022-07-28 15:49:41","post_content":"","post_title":"PAG\u00c8S","post_excerpt":"","post_status":"publish","comment_status":"closed","ping_status":"closed","post_password":"","post_name":"pages","to_ping":"","pinged":"","post_modified":"2022-07-28 17:49:41","post_modified_gmt":"2022-07-28 15:49:41","post_content_filtered":"","post_parent":0,"guid":"http:\/\/dev.claret.cat\/editorial\/pages\/","menu_order":0,"post_type":"editorial","post_mime_type":"","comment_count":"0","filter":"raw"}]},"aioseo_notices":[],"_links":{"self":[{"href":"https:\/\/www.claret.cat\/es\/wp-json\/wp\/v2\/product\/256485","targetHints":{"allow":["GET"]}}],"collection":[{"href":"https:\/\/www.claret.cat\/es\/wp-json\/wp\/v2\/product"}],"about":[{"href":"https:\/\/www.claret.cat\/es\/wp-json\/wp\/v2\/types\/product"}],"wp:featuredmedia":[{"embeddable":true,"href":"https:\/\/www.claret.cat\/es\/wp-json\/wp\/v2\/media\/256486"}],"wp:attachment":[{"href":"https:\/\/www.claret.cat\/es\/wp-json\/wp\/v2\/media?parent=256485"}],"wp:term":[{"taxonomy":"product_brand","embeddable":true,"href":"https:\/\/www.claret.cat\/es\/wp-json\/wp\/v2\/product_brand?post=256485"},{"taxonomy":"product_cat","embeddable":true,"href":"https:\/\/www.claret.cat\/es\/wp-json\/wp\/v2\/product_cat?post=256485"},{"taxonomy":"product_tag","embeddable":true,"href":"https:\/\/www.claret.cat\/es\/wp-json\/wp\/v2\/product_tag?post=256485"}],"curies":[{"name":"wp","href":"https:\/\/api.w.org\/{rel}","templated":true}]}}