{"id":256515,"date":"2022-10-21T11:49:03","date_gmt":"2022-10-21T09:49:03","guid":{"rendered":"http:\/\/dev.claret.cat\/producte\/el-talento-de-los-adolescentes\/"},"modified":"2023-01-28T15:18:03","modified_gmt":"2023-01-28T14:18:03","slug":"el-talento-de-los-adolescentes-9788434418738","status":"publish","type":"product","link":"https:\/\/www.claret.cat\/es\/libro\/el-talento-de-los-adolescentes-9788434418738\/","title":{"rendered":"EL TALENTO DE LOS ADOLESCENTES"},"content":{"rendered":"<p>Cuando se habla de adolescencia se hace en tono preocupado o indignado. Las noticias siempre son negativas. Esto puede provocar lo que los psic\u00f3logos llaman self-fulfilling prophecy, una profec\u00eda que se cumple por el hecho de enunciarla.<\/p>\n<p> Repetir tanto que la adolescencia es un problema induce en los j\u00f3venes una actitud que viene a corroborar la imagen que se les env\u00eda. La presi\u00f3n comercial sobre los adolescentes, la apelaci\u00f3n a medidas jur\u00eddicas como la reducci\u00f3n de la edad penal, la claudicaci\u00f3n educativa, el miedo a hablar de valores morales hacen imprescindible replantearse el tema de la adolescencia y, sobre todo, del modelo que los adultos proyectamos sobre ellos. El nuevo modelo debe ser a la vez m\u00e1s optimista y m\u00e1s exigente. Al titular este libro El talento de los adolescentes Jos\u00e9 Antonio Marina busca enfatizar este nuevo enfoque de la adolescencia, entendiendo por ?talento? la capacidad para elegir bien las metas y movilizar los conocimientos, las emociones y las fortalezas necesarias para alcanzarlas. Es, pues, la inteligencia en acci\u00f3n.<\/p>\n","protected":false},"excerpt":{"rendered":"<p>MARINA, JOS\u00c9 ANTONIO<\/p>\n","protected":false},"featured_media":256516,"template":"","meta":{"_acf_changed":false,"om_disable_all_campaigns":false,"rs_blank_template":"","rs_page_bg_color":"","slide_template_v7":"","inline_featured_image":false,"_monsterinsights_skip_tracking":false,"_monsterinsights_sitenote_active":false,"_monsterinsights_sitenote_note":"","_monsterinsights_sitenote_category":0},"product_brand":[],"product_cat":[16],"product_tag":[],"class_list":{"0":"post-256515","1":"product","2":"type-product","3":"status-publish","4":"has-post-thumbnail","6":"product_cat-sense-categoria","8":"first","9":"instock","10":"taxable","11":"shipping-taxable","12":"purchasable","13":"product-type-simple"},"acf":{"autor":"MARINA, JOS\u00c9 ANTONIO","codart":"843441873","libros-coleccion":"","ediciones":"1","encuadernacion":"R\u00fastica","fecha_de_publicacion":"01\/11\/2014","novedad":"0","paginas":"192","subtitulo":"","orden":"999","portada":"0","idioma":"spa","autores-libros":[{"ID":160177,"post_author":"3","post_date":"2022-10-14 15:50:55","post_date_gmt":"2022-10-14 13:50:55","post_content":"","post_title":"JOS\u00c9 ANTONIO MARINA","post_excerpt":"","post_status":"publish","comment_status":"closed","ping_status":"closed","post_password":"","post_name":"jose-antonio-marina","to_ping":"","pinged":"","post_modified":"2022-10-14 15:50:55","post_modified_gmt":"2022-10-14 13:50:55","post_content_filtered":"","post_parent":0,"guid":"http:\/\/dev.claret.cat\/autor\/jose-antonio-marina\/","menu_order":0,"post_type":"autor","post_mime_type":"","comment_count":"0","filter":"raw"}]},"aioseo_notices":[],"_links":{"self":[{"href":"https:\/\/www.claret.cat\/es\/wp-json\/wp\/v2\/product\/256515","targetHints":{"allow":["GET"]}}],"collection":[{"href":"https:\/\/www.claret.cat\/es\/wp-json\/wp\/v2\/product"}],"about":[{"href":"https:\/\/www.claret.cat\/es\/wp-json\/wp\/v2\/types\/product"}],"wp:featuredmedia":[{"embeddable":true,"href":"https:\/\/www.claret.cat\/es\/wp-json\/wp\/v2\/media\/256516"}],"wp:attachment":[{"href":"https:\/\/www.claret.cat\/es\/wp-json\/wp\/v2\/media?parent=256515"}],"wp:term":[{"taxonomy":"product_brand","embeddable":true,"href":"https:\/\/www.claret.cat\/es\/wp-json\/wp\/v2\/product_brand?post=256515"},{"taxonomy":"product_cat","embeddable":true,"href":"https:\/\/www.claret.cat\/es\/wp-json\/wp\/v2\/product_cat?post=256515"},{"taxonomy":"product_tag","embeddable":true,"href":"https:\/\/www.claret.cat\/es\/wp-json\/wp\/v2\/product_tag?post=256515"}],"curies":[{"name":"wp","href":"https:\/\/api.w.org\/{rel}","templated":true}]}}