{"id":256552,"date":"2022-10-21T11:49:56","date_gmt":"2022-10-21T09:49:56","guid":{"rendered":"http:\/\/dev.claret.cat\/producte\/rinxols-dor-4\/"},"modified":"2024-05-22T16:33:07","modified_gmt":"2024-05-22T14:33:07","slug":"rinxols-dor-9788498837131","status":"publish","type":"product","link":"https:\/\/www.claret.cat\/es\/libro\/rinxols-dor-9788498837131\/","title":{"rendered":"RINXOLS D&#8217;OR"},"content":{"rendered":"<p>Aquest conte de la R\u00ednxols d&#8217;or \u00e9s per llegir, per escoltar, per mirar, per saber-te&#8217;l de mem\u00f2ria!<br \/>El text, escrit amb lletra de pal, \u00e9s curt i rimat. Ajudem aix\u00ed els infants a entrar en el m\u00f3n de la poesia i alhora, com que el conte \u00e9s f\u00e0cil de recordar, exercitem la mem\u00f2ria.<br \/>Els dibuixos, amb un toc d&#8217;humor, faciliten la comprensi\u00f3 lectora.<br \/>La col\u00b7lecci\u00f3: els contes de sempre adaptats per als primers lectors i per als que encara no llegeixen.<\/p>\n","protected":false},"excerpt":{"rendered":"<p>LLUC, TOMAS \/ CAROSIA, ED<\/p>\n","protected":false},"featured_media":368758,"template":"","meta":{"_acf_changed":false,"om_disable_all_campaigns":false,"rs_blank_template":"","rs_page_bg_color":"","slide_template_v7":"","inline_featured_image":false,"_monsterinsights_skip_tracking":false,"_monsterinsights_sitenote_active":false,"_monsterinsights_sitenote_note":"","_monsterinsights_sitenote_category":0},"product_brand":[],"product_cat":[90,540],"product_tag":[],"class_list":{"0":"post-256552","1":"product","2":"type-product","3":"status-publish","4":"has-post-thumbnail","6":"product_cat-altres","7":"product_cat-otros","9":"first","10":"instock","11":"taxable","12":"shipping-taxable","13":"purchasable","14":"product-type-simple"},"acf":{"autor":"LLUC, TOMAS \/ CAROSIA, ED","codart":"849883713","libros-coleccion":"","ediciones":"1","encuadernacion":"R\u00fastica","fecha_de_publicacion":"01\/11\/2014","novedad":"0","paginas":"24","subtitulo":"","orden":"999","portada":"0","idioma":"cat","editorial":[{"ID":8266,"post_author":"3","post_date":"2022-09-30 09:21:36","post_date_gmt":"2022-09-30 07:21:36","post_content":"","post_title":"PUBLICACIONS DE L'ABADIA DE MONTSERRAT","post_excerpt":"","post_status":"publish","comment_status":"closed","ping_status":"closed","post_password":"","post_name":"publicacions-de-labadia-de-montserrat-5","to_ping":"","pinged":"","post_modified":"2022-09-30 09:21:36","post_modified_gmt":"2022-09-30 07:21:36","post_content_filtered":"","post_parent":0,"guid":"http:\/\/dev.claret.cat\/editorial\/publicacions-de-labadia-de-montserrat-5\/","menu_order":0,"post_type":"editorial","post_mime_type":"","comment_count":"0","filter":"raw"}],"autores-libros":[{"ID":323277,"post_author":"3","post_date":"2023-01-03 05:29:44","post_date_gmt":"2023-01-03 04:29:44","post_content":"","post_title":"TOM\u00c0S LLUC","post_excerpt":"","post_status":"publish","comment_status":"closed","ping_status":"closed","post_password":"","post_name":"tomas-lluc","to_ping":"","pinged":"","post_modified":"2023-01-03 05:29:44","post_modified_gmt":"2023-01-03 04:29:44","post_content_filtered":"","post_parent":0,"guid":"https:\/\/www.claret.cat\/autor\/tomas-lluc\/","menu_order":0,"post_type":"autor","post_mime_type":"","comment_count":"0","filter":"raw"},{"ID":323675,"post_author":"3","post_date":"2023-01-03 05:46:40","post_date_gmt":"2023-01-03 04:46:40","post_content":"","post_title":"ED CAROSIA","post_excerpt":"","post_status":"publish","comment_status":"closed","ping_status":"closed","post_password":"","post_name":"ed-carosia","to_ping":"","pinged":"","post_modified":"2023-01-03 05:46:40","post_modified_gmt":"2023-01-03 04:46:40","post_content_filtered":"","post_parent":0,"guid":"https:\/\/www.claret.cat\/autor\/ed-carosia\/","menu_order":0,"post_type":"autor","post_mime_type":"","comment_count":"0","filter":"raw"}]},"aioseo_notices":[],"_links":{"self":[{"href":"https:\/\/www.claret.cat\/es\/wp-json\/wp\/v2\/product\/256552","targetHints":{"allow":["GET"]}}],"collection":[{"href":"https:\/\/www.claret.cat\/es\/wp-json\/wp\/v2\/product"}],"about":[{"href":"https:\/\/www.claret.cat\/es\/wp-json\/wp\/v2\/types\/product"}],"wp:featuredmedia":[{"embeddable":true,"href":"https:\/\/www.claret.cat\/es\/wp-json\/wp\/v2\/media\/368758"}],"wp:attachment":[{"href":"https:\/\/www.claret.cat\/es\/wp-json\/wp\/v2\/media?parent=256552"}],"wp:term":[{"taxonomy":"product_brand","embeddable":true,"href":"https:\/\/www.claret.cat\/es\/wp-json\/wp\/v2\/product_brand?post=256552"},{"taxonomy":"product_cat","embeddable":true,"href":"https:\/\/www.claret.cat\/es\/wp-json\/wp\/v2\/product_cat?post=256552"},{"taxonomy":"product_tag","embeddable":true,"href":"https:\/\/www.claret.cat\/es\/wp-json\/wp\/v2\/product_tag?post=256552"}],"curies":[{"name":"wp","href":"https:\/\/api.w.org\/{rel}","templated":true}]}}