{"id":256906,"date":"2022-10-21T11:58:23","date_gmt":"2022-10-21T09:58:23","guid":{"rendered":"http:\/\/dev.claret.cat\/producte\/pasteles-de-matha-stewart\/"},"modified":"2023-01-28T04:17:19","modified_gmt":"2023-01-28T03:17:19","slug":"pasteles-de-matha-stewart-9788426140791","status":"publish","type":"product","link":"https:\/\/www.claret.cat\/es\/libro\/pasteles-de-matha-stewart-9788426140791\/","title":{"rendered":"PASTELES DE MATHA STEWART"},"content":{"rendered":"<p>Este libro est\u00e1 dedicado a toda aquella persona que desea crear el pastel perfecto para una ocasi\u00f3n especial. Con m\u00e1s de 150 recetas para cualquier ocasi\u00f3n, este libro ampl\u00eda al m\u00e1ximo las recetas para ayudarte a obtener los mejores resultados. Tiene una secci\u00f3n de t\u00e9cnicas b\u00e1sicas con consejos de confianza e instrucciones de todo tipo, desde c\u00f3mo mezclar la masa y preparar los moldes hasta c\u00f3mo igualar, dividir y glasear pasteles de capas. Tambi\u00e9n comprende un apartado de iniciaci\u00f3n bellamente ilustrado sobre t\u00e9cnicas de decoraci\u00f3n sencillas con manga pastelera y adornos de az\u00facar y chocolate. Elige entre un mont\u00f3n de recetas de acompa\u00f1amientos infalibles, como glaseados, salsas, cremas y compotas de fruta.<\/p>\n","protected":false},"excerpt":{"rendered":"<p>STEWART&#8221;S, MARTHA<\/p>\n","protected":false},"featured_media":256907,"template":"","meta":{"_acf_changed":false,"om_disable_all_campaigns":false,"rs_blank_template":"","rs_page_bg_color":"","slide_template_v7":"","inline_featured_image":false,"_monsterinsights_skip_tracking":false,"_monsterinsights_sitenote_active":false,"_monsterinsights_sitenote_note":"","_monsterinsights_sitenote_category":0},"product_brand":[],"product_cat":[103],"product_tag":[],"class_list":{"0":"post-256906","1":"product","2":"type-product","3":"status-publish","4":"has-post-thumbnail","6":"product_cat-cuina","8":"first","9":"instock","10":"taxable","11":"shipping-taxable","12":"purchasable","13":"product-type-simple"},"acf":{"autor":"STEWART''S, MARTHA","codart":"842614079","libros-coleccion":"REPOSTERIA DE DISE\u00d1O","ediciones":"1","encuadernacion":"R\u00fastica","fecha_de_publicacion":"01\/10\/2014","novedad":"1","paginas":"352","subtitulo":"","orden":"0","portada":"0","idioma":"spa","editorial":[{"ID":6226,"post_author":"3","post_date":"2022-07-28 17:47:36","post_date_gmt":"2022-07-28 15:47:36","post_content":"","post_title":"EDITORIAL JUVENTUD","post_excerpt":"","post_status":"publish","comment_status":"closed","ping_status":"closed","post_password":"","post_name":"editorial-juventud","to_ping":"","pinged":"","post_modified":"2022-07-28 17:47:36","post_modified_gmt":"2022-07-28 15:47:36","post_content_filtered":"","post_parent":0,"guid":"http:\/\/dev.claret.cat\/editorial\/editorial-juventud\/","menu_order":0,"post_type":"editorial","post_mime_type":"","comment_count":"0","filter":"raw"}]},"aioseo_notices":[],"_links":{"self":[{"href":"https:\/\/www.claret.cat\/es\/wp-json\/wp\/v2\/product\/256906","targetHints":{"allow":["GET"]}}],"collection":[{"href":"https:\/\/www.claret.cat\/es\/wp-json\/wp\/v2\/product"}],"about":[{"href":"https:\/\/www.claret.cat\/es\/wp-json\/wp\/v2\/types\/product"}],"wp:featuredmedia":[{"embeddable":true,"href":"https:\/\/www.claret.cat\/es\/wp-json\/wp\/v2\/media\/256907"}],"wp:attachment":[{"href":"https:\/\/www.claret.cat\/es\/wp-json\/wp\/v2\/media?parent=256906"}],"wp:term":[{"taxonomy":"product_brand","embeddable":true,"href":"https:\/\/www.claret.cat\/es\/wp-json\/wp\/v2\/product_brand?post=256906"},{"taxonomy":"product_cat","embeddable":true,"href":"https:\/\/www.claret.cat\/es\/wp-json\/wp\/v2\/product_cat?post=256906"},{"taxonomy":"product_tag","embeddable":true,"href":"https:\/\/www.claret.cat\/es\/wp-json\/wp\/v2\/product_tag?post=256906"}],"curies":[{"name":"wp","href":"https:\/\/api.w.org\/{rel}","templated":true}]}}