{"id":257070,"date":"2022-10-21T12:02:07","date_gmt":"2022-10-21T10:02:07","guid":{"rendered":"http:\/\/dev.claret.cat\/producte\/la-formacio-duna-identitat\/"},"modified":"2025-05-15T12:15:29","modified_gmt":"2025-05-15T10:15:29","slug":"la-formacio-duna-identitat-9788497665261","status":"publish","type":"product","link":"https:\/\/www.claret.cat\/es\/libro\/la-formacio-duna-identitat-9788497665261\/","title":{"rendered":"LA FORMACI\u00d3 D&#8217;UNA IDENTITAT"},"content":{"rendered":"<p>Per qu\u00e8 els catalans som avui un poble amb un fort sentit d?identitat? D?on surt aquest sentiment de pertinen\u00e7a a un col\u00b7lectiu que comparteix llengua, cultura i unes formes d?entendre la societat i el m\u00f3n? Josep Fontana, una de les veus m\u00e9s autoritzades en l?\u00e0mbit del pensament, intenta seguir al llarg del temps, des del segle VIII fins a l?actualitat, el proc\u00e9s que ha acabat conformant aquesta identitat. Fontana formula al passat aquelles preguntes que importen a la societat i al temps en qu\u00e8 viu i ens en d\u00f3na les claus en un llibre senzill i entenedor.<\/p>\n","protected":false},"excerpt":{"rendered":"<p>FONTANA L\u00c1ZARO, JOSEP<\/p>\n","protected":false},"featured_media":1021732,"template":"","meta":{"_acf_changed":false,"om_disable_all_campaigns":false,"rs_blank_template":"","rs_page_bg_color":"","slide_template_v7":"","inline_featured_image":false,"_monsterinsights_skip_tracking":false,"_monsterinsights_sitenote_active":false,"_monsterinsights_sitenote_note":"","_monsterinsights_sitenote_category":0},"product_brand":[],"product_cat":[351,85],"product_tag":[],"class_list":{"0":"post-257070","1":"product","2":"type-product","3":"status-publish","4":"has-post-thumbnail","6":"product_cat-historia-2_humanidades","7":"product_cat-historia","9":"first","10":"outofstock","11":"taxable","12":"shipping-taxable","13":"purchasable","14":"product-type-simple"},"acf":{"autor":"FONTANA L\u00c1ZARO, JOSEP","codart":"849766526","libros-coleccion":"","ediciones":"1","encuadernacion":"R\u00fastica","fecha_de_publicacion":"01\/10\/2014","novedad":"0","paginas":"416","subtitulo":"UNA HIST\u00d2RIA DE CATALUNYA","orden":"999","portada":"0","idioma":"spa","editorial":[{"ID":148123,"post_author":"3","post_date":"2022-10-14 11:55:49","post_date_gmt":"2022-10-14 09:55:49","post_content":"","post_title":"EUMO, EDITORIAL","post_excerpt":"","post_status":"publish","comment_status":"closed","ping_status":"closed","post_password":"","post_name":"eumo-editorial","to_ping":"","pinged":"","post_modified":"2022-10-14 11:55:49","post_modified_gmt":"2022-10-14 09:55:49","post_content_filtered":"","post_parent":0,"guid":"http:\/\/dev.claret.cat\/editorial\/eumo-editorial\/","menu_order":0,"post_type":"editorial","post_mime_type":"","comment_count":"0","filter":"raw"}],"autores-libros":[{"ID":160669,"post_author":"3","post_date":"2022-10-14 15:54:56","post_date_gmt":"2022-10-14 13:54:56","post_content":"","post_title":"JOSEP FONTANA L\u00c0ZARO","post_excerpt":"","post_status":"publish","comment_status":"closed","ping_status":"closed","post_password":"","post_name":"josep-fontana-lazaro","to_ping":"","pinged":"","post_modified":"2022-10-14 15:54:56","post_modified_gmt":"2022-10-14 13:54:56","post_content_filtered":"","post_parent":0,"guid":"http:\/\/dev.claret.cat\/autor\/josep-fontana-lazaro\/","menu_order":0,"post_type":"autor","post_mime_type":"","comment_count":"0","filter":"raw"}],"booktrailer":"","resenas":""},"aioseo_notices":[],"_links":{"self":[{"href":"https:\/\/www.claret.cat\/es\/wp-json\/wp\/v2\/product\/257070","targetHints":{"allow":["GET"]}}],"collection":[{"href":"https:\/\/www.claret.cat\/es\/wp-json\/wp\/v2\/product"}],"about":[{"href":"https:\/\/www.claret.cat\/es\/wp-json\/wp\/v2\/types\/product"}],"wp:featuredmedia":[{"embeddable":true,"href":"https:\/\/www.claret.cat\/es\/wp-json\/wp\/v2\/media\/1021732"}],"wp:attachment":[{"href":"https:\/\/www.claret.cat\/es\/wp-json\/wp\/v2\/media?parent=257070"}],"wp:term":[{"taxonomy":"product_brand","embeddable":true,"href":"https:\/\/www.claret.cat\/es\/wp-json\/wp\/v2\/product_brand?post=257070"},{"taxonomy":"product_cat","embeddable":true,"href":"https:\/\/www.claret.cat\/es\/wp-json\/wp\/v2\/product_cat?post=257070"},{"taxonomy":"product_tag","embeddable":true,"href":"https:\/\/www.claret.cat\/es\/wp-json\/wp\/v2\/product_tag?post=257070"}],"curies":[{"name":"wp","href":"https:\/\/api.w.org\/{rel}","templated":true}]}}