{"id":257164,"date":"2022-10-21T12:04:18","date_gmt":"2022-10-21T10:04:18","guid":{"rendered":"http:\/\/dev.claret.cat\/producte\/la-superheroina-supersonica\/"},"modified":"2026-01-23T13:58:03","modified_gmt":"2026-01-23T12:58:03","slug":"la-superheroina-supersonica-9788484128069","status":"publish","type":"product","link":"https:\/\/www.claret.cat\/es\/libro\/la-superheroina-supersonica-9788484128069\/","title":{"rendered":"LA SUPERHERO\u00cfNA SUPERS\u00d2NICA"},"content":{"rendered":"<p>Recon\u00e8ixer i saber expressar emocions i sentiments \u00e9s molt important per al desenvolupament dels nens entre els dos anys i mig i els vuit anys.<br \/> Al voltant d&#8221;una hist\u00f2ria en la qual l&#8221;Anna o en Xavier passen per algun tipus d&#8221;aventura, reconeixerem, aprendrem i posarem en pr\u00e0ctica tot tipus d&#8221;emocions i sentiments.<\/p>\n","protected":false},"excerpt":{"rendered":"<p>CANALS BOTINES, MIREIA<\/p>\n","protected":false},"featured_media":1076781,"template":"","meta":{"_acf_changed":false,"om_disable_all_campaigns":false,"rs_blank_template":"","rs_page_bg_color":"","slide_template_v7":"","inline_featured_image":false,"_monsterinsights_skip_tracking":false,"_monsterinsights_sitenote_active":false,"_monsterinsights_sitenote_note":"","_monsterinsights_sitenote_category":0},"product_brand":[],"product_cat":[352,86],"product_tag":[],"class_list":{"0":"post-257164","1":"product","2":"type-product","3":"status-publish","4":"has-post-thumbnail","6":"product_cat-infantil-3_infantil-juvenil-spa","7":"product_cat-infantil","9":"first","10":"instock","11":"taxable","12":"shipping-taxable","13":"purchasable","14":"product-type-simple"},"acf":{"autor":"CANALS BOTINES, MIREIA","codart":"848412806","libros-coleccion":"FORA DE COL.LECCI\u00d3","ediciones":"1","encuadernacion":"R\u00fastica","fecha_de_publicacion":"01\/10\/2014","novedad":"0","paginas":"32","subtitulo":"EMOCIONS 5 (LA POR)","orden":"999","portada":"0","idioma":"cat","autores-libros":[{"ID":165193,"post_author":"3","post_date":"2022-10-14 17:53:10","post_date_gmt":"2022-10-14 15:53:10","post_content":"","post_title":"MIREIA CANALS BOTINES","post_excerpt":"","post_status":"publish","comment_status":"closed","ping_status":"closed","post_password":"","post_name":"mireia-canals-botines","to_ping":"","pinged":"","post_modified":"2022-10-14 17:53:10","post_modified_gmt":"2022-10-14 15:53:10","post_content_filtered":"","post_parent":0,"guid":"http:\/\/dev.claret.cat\/autor\/mireia-canals-botines\/","menu_order":0,"post_type":"autor","post_mime_type":"","comment_count":"0","filter":"raw"}],"booktrailer":"","resenas":"","editorial":[{"ID":262462,"post_author":"3","post_date":"2022-10-24 11:24:41","post_date_gmt":"2022-10-24 09:24:41","post_content":"","post_title":"SALVATELLA, MIGUEL A.","post_excerpt":"","post_status":"publish","comment_status":"closed","ping_status":"closed","post_password":"","post_name":"salvatella-miguel-a","to_ping":"","pinged":"","post_modified":"2022-10-24 11:24:41","post_modified_gmt":"2022-10-24 09:24:41","post_content_filtered":"","post_parent":0,"guid":"http:\/\/dev.claret.cat\/editorial\/salvatella-miguel-a\/","menu_order":0,"post_type":"editorial","post_mime_type":"","comment_count":"0","filter":"raw"}]},"aioseo_notices":[],"_links":{"self":[{"href":"https:\/\/www.claret.cat\/es\/wp-json\/wp\/v2\/product\/257164","targetHints":{"allow":["GET"]}}],"collection":[{"href":"https:\/\/www.claret.cat\/es\/wp-json\/wp\/v2\/product"}],"about":[{"href":"https:\/\/www.claret.cat\/es\/wp-json\/wp\/v2\/types\/product"}],"wp:featuredmedia":[{"embeddable":true,"href":"https:\/\/www.claret.cat\/es\/wp-json\/wp\/v2\/media\/1076781"}],"wp:attachment":[{"href":"https:\/\/www.claret.cat\/es\/wp-json\/wp\/v2\/media?parent=257164"}],"wp:term":[{"taxonomy":"product_brand","embeddable":true,"href":"https:\/\/www.claret.cat\/es\/wp-json\/wp\/v2\/product_brand?post=257164"},{"taxonomy":"product_cat","embeddable":true,"href":"https:\/\/www.claret.cat\/es\/wp-json\/wp\/v2\/product_cat?post=257164"},{"taxonomy":"product_tag","embeddable":true,"href":"https:\/\/www.claret.cat\/es\/wp-json\/wp\/v2\/product_tag?post=257164"}],"curies":[{"name":"wp","href":"https:\/\/api.w.org\/{rel}","templated":true}]}}