{"id":257235,"date":"2022-10-21T12:06:03","date_gmt":"2022-10-21T10:06:03","guid":{"rendered":"http:\/\/dev.claret.cat\/producte\/el-perro-de-samuel\/"},"modified":"2024-02-08T11:56:31","modified_gmt":"2024-02-08T10:56:31","slug":"el-perro-de-samuel-9788468319841","status":"publish","type":"product","link":"https:\/\/www.claret.cat\/es\/libro\/el-perro-de-samuel-9788468319841\/","title":{"rendered":"EL PERRO DE SAMUEL"},"content":{"rendered":"<p>Encuentra a Salem Hyde. Ella es cabezota e impulsiva, y lo que m\u00e1s le gusta es hacer amigos, coleccionar unicornios, y volar. S\u00ed, s\u00ed, tienes raz\u00f3n, \u00a1Salem Hyde es una bruja! <br \/> Para evitar que se meta en problemas, sus padres le regalan un animal de compa\u00f1\u00eda, Percial J. Whamsfor III. A este supernervioso gato no le gusta que Salem lo llame Whamy, y a Salem no le gustan sus largas y aburridas explicaciones sobre lo que deber\u00eda hacer. Pero, cuando Salem participa en el concurso de deletreo, y decide utilizar la magia para ganar, necesita de la ayuda de Whammy para deshacer el l\u00edo de conjuros. \u00a1Lee el primer libro de las divertidas diabluras de Salem! <br \/> Frank Cammuso es el autor e ilustrador de la serie de novela gr\u00e1fica LAS DIABLURAS DE SALEM HYDE, que public\u00f3 originalmente Amulet Books. Tambi\u00e9n ha creado las series de c\u00f3mic Knights of the Lunch Table publicada por Scholastic y ha ilustrado el c\u00f3mic Otto&#8221;s Orange Day de Toon-Books. Adem\u00e1s escribe y dibuja sus propias novelas gr\u00e1ficas como Max Hamm Fairy Tale Detective, por la que fue nominado con el Eisner. <br \/> Frank es el \u00faltimo ganador de caricaturas del peri\u00f3dico The Post-Standard en Syracuse, Nueva York. Sus dibujos se han reimpreso en The New York Times, The Washington Post, USA Today y Newsweek. Su trabajo aparece en The New Yorker, The New York Times, The Village Voice, Slate y en National Public Radio.<\/p>\n","protected":false},"excerpt":{"rendered":"<p>CAMMUSO, FRANK<\/p>\n","protected":false},"featured_media":257236,"template":"","meta":{"_acf_changed":false,"om_disable_all_campaigns":false,"rs_blank_template":"","rs_page_bg_color":"","slide_template_v7":"","inline_featured_image":false,"_monsterinsights_skip_tracking":false,"_monsterinsights_sitenote_active":false,"_monsterinsights_sitenote_note":"","_monsterinsights_sitenote_category":0},"product_brand":[],"product_cat":[90,540],"product_tag":[],"class_list":{"0":"post-257235","1":"product","2":"type-product","3":"status-publish","4":"has-post-thumbnail","6":"product_cat-altres","7":"product_cat-otros","9":"first","10":"instock","11":"taxable","12":"shipping-taxable","13":"purchasable","14":"product-type-simple"},"acf":{"autor":"CAMMUSO, FRANK","codart":"846831984","libros-coleccion":"","ediciones":"1","encuadernacion":"Carpeta","fecha_de_publicacion":"01\/10\/2014","novedad":"0","paginas":"56","subtitulo":"CUENTOS EN 10 MINUTOS","orden":"999","portada":"0","idioma":"spa","editorial":[{"ID":6192,"post_author":"3","post_date":"2022-07-28 17:46:52","post_date_gmt":"2022-07-28 15:46:52","post_content":"","post_title":"EDEBE altres","post_excerpt":"","post_status":"publish","comment_status":"closed","ping_status":"closed","post_password":"","post_name":"edebe-altres","to_ping":"","pinged":"","post_modified":"2022-07-28 17:46:52","post_modified_gmt":"2022-07-28 15:46:52","post_content_filtered":"","post_parent":0,"guid":"http:\/\/dev.claret.cat\/editorial\/edebe-altres\/","menu_order":0,"post_type":"editorial","post_mime_type":"","comment_count":"0","filter":"raw"}],"autores-libros":[{"ID":156356,"post_author":"3","post_date":"2022-10-14 15:20:10","post_date_gmt":"2022-10-14 13:20:10","post_content":"","post_title":"FRANK CAMMUSO","post_excerpt":"","post_status":"publish","comment_status":"closed","ping_status":"closed","post_password":"","post_name":"frank-cammuso","to_ping":"","pinged":"","post_modified":"2022-10-14 15:20:10","post_modified_gmt":"2022-10-14 13:20:10","post_content_filtered":"","post_parent":0,"guid":"http:\/\/dev.claret.cat\/autor\/frank-cammuso\/","menu_order":0,"post_type":"autor","post_mime_type":"","comment_count":"0","filter":"raw"}]},"aioseo_notices":[],"_links":{"self":[{"href":"https:\/\/www.claret.cat\/es\/wp-json\/wp\/v2\/product\/257235","targetHints":{"allow":["GET"]}}],"collection":[{"href":"https:\/\/www.claret.cat\/es\/wp-json\/wp\/v2\/product"}],"about":[{"href":"https:\/\/www.claret.cat\/es\/wp-json\/wp\/v2\/types\/product"}],"wp:featuredmedia":[{"embeddable":true,"href":"https:\/\/www.claret.cat\/es\/wp-json\/wp\/v2\/media\/257236"}],"wp:attachment":[{"href":"https:\/\/www.claret.cat\/es\/wp-json\/wp\/v2\/media?parent=257235"}],"wp:term":[{"taxonomy":"product_brand","embeddable":true,"href":"https:\/\/www.claret.cat\/es\/wp-json\/wp\/v2\/product_brand?post=257235"},{"taxonomy":"product_cat","embeddable":true,"href":"https:\/\/www.claret.cat\/es\/wp-json\/wp\/v2\/product_cat?post=257235"},{"taxonomy":"product_tag","embeddable":true,"href":"https:\/\/www.claret.cat\/es\/wp-json\/wp\/v2\/product_tag?post=257235"}],"curies":[{"name":"wp","href":"https:\/\/api.w.org\/{rel}","templated":true}]}}