{"id":257256,"date":"2022-10-21T12:06:33","date_gmt":"2022-10-21T10:06:33","guid":{"rendered":"http:\/\/dev.claret.cat\/producte\/personal\/"},"modified":"2025-02-04T18:34:59","modified_gmt":"2025-02-04T17:34:59","slug":"personal-9788490563717","status":"publish","type":"product","link":"https:\/\/www.claret.cat\/es\/libro\/personal-9788490563717\/","title":{"rendered":"PERSONAL"},"content":{"rendered":"<p>Algo grande se cuece cuando la CIA, el Departamento de Estado y las Fuerzas Especiales echan el resto por<br \/> dar con el escurridizo Jack Reacher y convencerle de que neutralice a un misterioso francotirador de \u00e9lite, responsable<br \/> de un audaz intento de asesinar al presidente de Francia. En la peque\u00f1a lista de sospechosos figura uno a quien Reacher<br \/> mand\u00f3 a prisi\u00f3n tiempo atr\u00e1s y de quien se sabe que le ha jurado eterna venganza. As\u00ed que nadie mejor que el legendario<br \/> ex investigador militar para darle caza. Y con urgencia, porque los l\u00edderes del mundo esperan reunirse en el G-8 y<br \/> ninguno quiere que le vuelen la cabeza ante las c\u00e1maras.<\/p>\n","protected":false},"excerpt":{"rendered":"<p>CHILD , LEE<\/p>\n","protected":false},"featured_media":257257,"template":"","meta":{"_acf_changed":false,"om_disable_all_campaigns":false,"rs_blank_template":"","rs_page_bg_color":"","slide_template_v7":"","inline_featured_image":false,"_monsterinsights_skip_tracking":false,"_monsterinsights_sitenote_active":false,"_monsterinsights_sitenote_note":"","_monsterinsights_sitenote_category":0},"product_brand":[],"product_cat":[90,540],"product_tag":[],"class_list":{"0":"post-257256","1":"product","2":"type-product","3":"status-publish","4":"has-post-thumbnail","6":"product_cat-altres","7":"product_cat-otros","9":"first","10":"instock","11":"taxable","12":"shipping-taxable","13":"purchasable","14":"product-type-simple"},"acf":{"autor":"CHILD , LEE","codart":"849056371","libros-coleccion":"","ediciones":"1","encuadernacion":"Carton\u00e9","fecha_de_publicacion":"01\/10\/2014","novedad":"0","paginas":"423","subtitulo":"VIII PREMIO RBA DE NOVEL NEGRA 2014","orden":"999","portada":"0","idioma":"spa","editorial":[{"ID":8268,"post_author":"3","post_date":"2022-09-30 09:21:37","post_date_gmt":"2022-09-30 07:21:37","post_content":"","post_title":"RBA LIBROS SA.","post_excerpt":"","post_status":"publish","comment_status":"closed","ping_status":"closed","post_password":"","post_name":"rba-libros-sa","to_ping":"","pinged":"","post_modified":"2022-09-30 09:21:37","post_modified_gmt":"2022-09-30 07:21:37","post_content_filtered":"","post_parent":0,"guid":"http:\/\/dev.claret.cat\/editorial\/rba-libros-sa\/","menu_order":0,"post_type":"editorial","post_mime_type":"","comment_count":"0","filter":"raw"}],"autores-libros":[{"ID":162076,"post_author":"3","post_date":"2022-10-14 17:28:10","post_date_gmt":"2022-10-14 15:28:10","post_content":"","post_title":"LEE CHILD","post_excerpt":"","post_status":"publish","comment_status":"closed","ping_status":"closed","post_password":"","post_name":"lee-child","to_ping":"","pinged":"","post_modified":"2022-10-14 17:28:10","post_modified_gmt":"2022-10-14 15:28:10","post_content_filtered":"","post_parent":0,"guid":"http:\/\/dev.claret.cat\/autor\/lee-child\/","menu_order":0,"post_type":"autor","post_mime_type":"","comment_count":"0","filter":"raw"}]},"aioseo_notices":[],"_links":{"self":[{"href":"https:\/\/www.claret.cat\/es\/wp-json\/wp\/v2\/product\/257256","targetHints":{"allow":["GET"]}}],"collection":[{"href":"https:\/\/www.claret.cat\/es\/wp-json\/wp\/v2\/product"}],"about":[{"href":"https:\/\/www.claret.cat\/es\/wp-json\/wp\/v2\/types\/product"}],"wp:featuredmedia":[{"embeddable":true,"href":"https:\/\/www.claret.cat\/es\/wp-json\/wp\/v2\/media\/257257"}],"wp:attachment":[{"href":"https:\/\/www.claret.cat\/es\/wp-json\/wp\/v2\/media?parent=257256"}],"wp:term":[{"taxonomy":"product_brand","embeddable":true,"href":"https:\/\/www.claret.cat\/es\/wp-json\/wp\/v2\/product_brand?post=257256"},{"taxonomy":"product_cat","embeddable":true,"href":"https:\/\/www.claret.cat\/es\/wp-json\/wp\/v2\/product_cat?post=257256"},{"taxonomy":"product_tag","embeddable":true,"href":"https:\/\/www.claret.cat\/es\/wp-json\/wp\/v2\/product_tag?post=257256"}],"curies":[{"name":"wp","href":"https:\/\/api.w.org\/{rel}","templated":true}]}}