{"id":257281,"date":"2022-10-21T12:07:09","date_gmt":"2022-10-21T10:07:09","guid":{"rendered":"http:\/\/dev.claret.cat\/producte\/la-intel%c2%b7ligencia-executiva\/"},"modified":"2024-01-31T17:32:09","modified_gmt":"2024-01-31T16:32:09","slug":"la-intelligencia-executiva-9788466418867","status":"publish","type":"product","link":"https:\/\/www.claret.cat\/es\/libro\/la-intelligencia-executiva-9788466418867\/","title":{"rendered":"LA INTEL\u00b7LIG\u00c8NCIA EXECUTIVA"},"content":{"rendered":"<p>La funci\u00f3 b\u00e0sica de la intel\u00b7lig\u00e8ncia humana \u00e9s dirigir b\u00e9 el nostre comportament. No n?hi ha prou amb emmagatzemar coneixements, ni nom\u00e9s desenvolupar la intel\u00b7lig\u00e8ncia emocional. La intel\u00b7lig\u00e8ncia executiva s?encarrega de desenvolupar projectes, prendre decisions, utilitzar els coneixements, gestionar les emocions, mantenir l?esfor\u00e7, ajornar la recompensa, realitzar metes a llarg termini. I com que aquesta intel\u00b7lig\u00e8ncia no \u00e9s innata, el nen l?ha d?aprendre, i aqu\u00ed \u00e9s on els pares i els mestres el poden ajudar perqu\u00e8 ho aconsegueixi, ja que aquest objectiu educatiu marca l?inici d?una nova era.<\/p>\n","protected":false},"excerpt":{"rendered":"<p>MARINA, JOS\u00c9 ANTONIO<\/p>\n","protected":false},"featured_media":257282,"template":"","meta":{"_acf_changed":false,"om_disable_all_campaigns":false,"rs_blank_template":"","rs_page_bg_color":"","slide_template_v7":"","inline_featured_image":false,"_monsterinsights_skip_tracking":false,"_monsterinsights_sitenote_active":false,"_monsterinsights_sitenote_note":"","_monsterinsights_sitenote_category":0},"product_brand":[],"product_cat":[90,540],"product_tag":[],"class_list":{"0":"post-257281","1":"product","2":"type-product","3":"status-publish","4":"has-post-thumbnail","6":"product_cat-altres","7":"product_cat-otros","9":"first","10":"instock","11":"taxable","12":"shipping-taxable","13":"purchasable","14":"product-type-simple"},"acf":{"autor":"MARINA, JOS\u00c9 ANTONIO","codart":"846641886","libros-coleccion":"","ediciones":"1","encuadernacion":"R\u00fastica","fecha_de_publicacion":"01\/10\/2014","novedad":"0","paginas":"192","subtitulo":"","orden":"999","portada":"0","idioma":"spa","editorial":[{"ID":147644,"post_author":"3","post_date":"2022-10-14 11:52:09","post_date_gmt":"2022-10-14 09:52:09","post_content":"","post_title":"COLUMNA EDICIONS","post_excerpt":"","post_status":"publish","comment_status":"closed","ping_status":"closed","post_password":"","post_name":"columna-edicions","to_ping":"","pinged":"","post_modified":"2022-10-14 11:52:09","post_modified_gmt":"2022-10-14 09:52:09","post_content_filtered":"","post_parent":0,"guid":"http:\/\/dev.claret.cat\/editorial\/columna-edicions\/","menu_order":0,"post_type":"editorial","post_mime_type":"","comment_count":"0","filter":"raw"}],"autores-libros":[{"ID":160177,"post_author":"3","post_date":"2022-10-14 15:50:55","post_date_gmt":"2022-10-14 13:50:55","post_content":"","post_title":"JOS\u00c9 ANTONIO MARINA","post_excerpt":"","post_status":"publish","comment_status":"closed","ping_status":"closed","post_password":"","post_name":"jose-antonio-marina","to_ping":"","pinged":"","post_modified":"2022-10-14 15:50:55","post_modified_gmt":"2022-10-14 13:50:55","post_content_filtered":"","post_parent":0,"guid":"http:\/\/dev.claret.cat\/autor\/jose-antonio-marina\/","menu_order":0,"post_type":"autor","post_mime_type":"","comment_count":"0","filter":"raw"}]},"aioseo_notices":[],"_links":{"self":[{"href":"https:\/\/www.claret.cat\/es\/wp-json\/wp\/v2\/product\/257281","targetHints":{"allow":["GET"]}}],"collection":[{"href":"https:\/\/www.claret.cat\/es\/wp-json\/wp\/v2\/product"}],"about":[{"href":"https:\/\/www.claret.cat\/es\/wp-json\/wp\/v2\/types\/product"}],"wp:featuredmedia":[{"embeddable":true,"href":"https:\/\/www.claret.cat\/es\/wp-json\/wp\/v2\/media\/257282"}],"wp:attachment":[{"href":"https:\/\/www.claret.cat\/es\/wp-json\/wp\/v2\/media?parent=257281"}],"wp:term":[{"taxonomy":"product_brand","embeddable":true,"href":"https:\/\/www.claret.cat\/es\/wp-json\/wp\/v2\/product_brand?post=257281"},{"taxonomy":"product_cat","embeddable":true,"href":"https:\/\/www.claret.cat\/es\/wp-json\/wp\/v2\/product_cat?post=257281"},{"taxonomy":"product_tag","embeddable":true,"href":"https:\/\/www.claret.cat\/es\/wp-json\/wp\/v2\/product_tag?post=257281"}],"curies":[{"name":"wp","href":"https:\/\/api.w.org\/{rel}","templated":true}]}}