{"id":257470,"date":"2022-10-21T12:11:35","date_gmt":"2022-10-21T10:11:35","guid":{"rendered":"http:\/\/dev.claret.cat\/producte\/mi-primer-gran-libro-del-espacio\/"},"modified":"2026-02-24T16:16:02","modified_gmt":"2026-02-24T15:16:02","slug":"mi-primer-gran-libro-del-espacio-9788482985893","status":"publish","type":"product","link":"https:\/\/www.claret.cat\/es\/libro\/mi-primer-gran-libro-del-espacio-9788482985893\/","title":{"rendered":"MI PRIMER GRAN LIBRO DEL ESPACIO"},"content":{"rendered":"<p>Despega hacia el maravilloso mundo del espacio con esta gu\u00eda extraordinariamente ilustrada de nuestro<br \/> sistema solar y lo que hay m\u00e1s all\u00e1. Conoce los trece planetas y los planetas enanos, el Sol y la Luna, las galaxias<br \/> lejanas y m\u00e1s. Esta primera aventura ser\u00e1 para los ni\u00f1os el inicio de una vida de exploraci\u00f3n.<\/p>\n","protected":false},"excerpt":{"rendered":"<p>D. HUGHES, CATHERINE<\/p>\n","protected":false},"featured_media":1085869,"template":"","meta":{"_acf_changed":false,"om_disable_all_campaigns":false,"rs_blank_template":"","rs_page_bg_color":"","slide_template_v7":"","inline_featured_image":false,"_monsterinsights_skip_tracking":false,"_monsterinsights_sitenote_active":false,"_monsterinsights_sitenote_note":"","_monsterinsights_sitenote_category":0},"product_brand":[],"product_cat":[554,104,352,86,105,555],"product_tag":[],"class_list":{"0":"post-257470","1":"product","2":"type-product","3":"status-publish","4":"has-post-thumbnail","6":"product_cat-ciencia-5_otras-spa","7":"product_cat-ciencia","8":"product_cat-infantil-3_infantil-juvenil-spa","9":"product_cat-infantil","10":"product_cat-regal","11":"product_cat-regalo","13":"first","14":"outofstock","15":"taxable","16":"shipping-taxable","17":"purchasable","18":"product-type-simple"},"acf":{"autor":"D. HUGHES, CATHERINE","codart":"848298589","libros-coleccion":"FORA DE COL.LECCI\u00d3","ediciones":"1","encuadernacion":"Carton\u00e9","fecha_de_publicacion":"01\/10\/2014","novedad":"0","paginas":"127","subtitulo":"","orden":"0","portada":"0","idioma":"spa","editorial":[{"ID":148560,"post_author":"3","post_date":"2022-10-14 11:59:12","post_date_gmt":"2022-10-14 09:59:12","post_content":"","post_title":"National Geographic","post_excerpt":"","post_status":"publish","comment_status":"closed","ping_status":"closed","post_password":"","post_name":"national-geographic","to_ping":"","pinged":"","post_modified":"2022-10-14 11:59:12","post_modified_gmt":"2022-10-14 09:59:12","post_content_filtered":"","post_parent":0,"guid":"http:\/\/dev.claret.cat\/editorial\/national-geographic\/","menu_order":0,"post_type":"editorial","post_mime_type":"","comment_count":"0","filter":"raw"}],"autores-libros":[{"ID":152587,"post_author":"3","post_date":"2022-10-14 14:49:58","post_date_gmt":"2022-10-14 12:49:58","post_content":"","post_title":"CATHERINE D. HUGHES","post_excerpt":"","post_status":"publish","comment_status":"closed","ping_status":"closed","post_password":"","post_name":"catherine-d-hughes","to_ping":"","pinged":"","post_modified":"2022-10-14 14:49:58","post_modified_gmt":"2022-10-14 12:49:58","post_content_filtered":"","post_parent":0,"guid":"http:\/\/dev.claret.cat\/autor\/catherine-d-hughes\/","menu_order":0,"post_type":"autor","post_mime_type":"","comment_count":"0","filter":"raw"}],"booktrailer":"","resenas":""},"aioseo_notices":[],"_links":{"self":[{"href":"https:\/\/www.claret.cat\/es\/wp-json\/wp\/v2\/product\/257470","targetHints":{"allow":["GET"]}}],"collection":[{"href":"https:\/\/www.claret.cat\/es\/wp-json\/wp\/v2\/product"}],"about":[{"href":"https:\/\/www.claret.cat\/es\/wp-json\/wp\/v2\/types\/product"}],"wp:featuredmedia":[{"embeddable":true,"href":"https:\/\/www.claret.cat\/es\/wp-json\/wp\/v2\/media\/1085869"}],"wp:attachment":[{"href":"https:\/\/www.claret.cat\/es\/wp-json\/wp\/v2\/media?parent=257470"}],"wp:term":[{"taxonomy":"product_brand","embeddable":true,"href":"https:\/\/www.claret.cat\/es\/wp-json\/wp\/v2\/product_brand?post=257470"},{"taxonomy":"product_cat","embeddable":true,"href":"https:\/\/www.claret.cat\/es\/wp-json\/wp\/v2\/product_cat?post=257470"},{"taxonomy":"product_tag","embeddable":true,"href":"https:\/\/www.claret.cat\/es\/wp-json\/wp\/v2\/product_tag?post=257470"}],"curies":[{"name":"wp","href":"https:\/\/api.w.org\/{rel}","templated":true}]}}