{"id":257473,"date":"2022-10-21T12:11:39","date_gmt":"2022-10-21T10:11:39","guid":{"rendered":"http:\/\/dev.claret.cat\/producte\/mi-primer-gran-libro-de-los-dinosaurios\/"},"modified":"2025-02-04T17:30:34","modified_gmt":"2025-02-04T16:30:34","slug":"mi-primer-gran-libro-de-los-dinosaurios-9788482985909","status":"publish","type":"product","link":"https:\/\/www.claret.cat\/es\/libro\/mi-primer-gran-libro-de-los-dinosaurios-9788482985909\/","title":{"rendered":"MI PRIMER GRAN LIBRO DE LOS DINOSAURIOS"},"content":{"rendered":"<p>Sum\u00e9rgete en las coloridas p\u00e1ginas de este libro, donde encontrar\u00e1s m\u00e1s de 50 dinosaurios grandes y<br \/> peque\u00f1os: \u00a1desde el tama\u00f1o de un ave hasta la altura de una casa! Por ellas se pasean \u00abestrellas\u00bb como el Tyrannosaurus<br \/> y el Stegosaurus, acompa\u00f1ados por otros dinosaurios, tambi\u00e9n fascinantes, que los ni\u00f1os podr\u00e1n descubrir.<\/p>\n","protected":false},"excerpt":{"rendered":"<p>D. HUGHES, CATHERINE<\/p>\n","protected":false},"featured_media":257474,"template":"","meta":{"_acf_changed":false,"om_disable_all_campaigns":false,"rs_blank_template":"","rs_page_bg_color":"","slide_template_v7":"","inline_featured_image":false,"_monsterinsights_skip_tracking":false,"_monsterinsights_sitenote_active":false,"_monsterinsights_sitenote_note":"","_monsterinsights_sitenote_category":0},"product_brand":[],"product_cat":[86,352],"product_tag":[],"class_list":{"0":"post-257473","1":"product","2":"type-product","3":"status-publish","4":"has-post-thumbnail","6":"product_cat-infantil","7":"product_cat-infantil-3_infantil-juvenil-spa","9":"first","10":"instock","11":"taxable","12":"shipping-taxable","13":"purchasable","14":"product-type-simple"},"acf":{"autor":"D. HUGHES, CATHERINE","codart":"848298590","libros-coleccion":"FORA DE COL.LECCI\u00d3","ediciones":"1","encuadernacion":"Carton\u00e9","fecha_de_publicacion":"01\/10\/2014","novedad":"1","paginas":"122","subtitulo":"","orden":"0","portada":"0","idioma":"spa","editorial":[{"ID":148560,"post_author":"3","post_date":"2022-10-14 11:59:12","post_date_gmt":"2022-10-14 09:59:12","post_content":"","post_title":"National Geographic","post_excerpt":"","post_status":"publish","comment_status":"closed","ping_status":"closed","post_password":"","post_name":"national-geographic","to_ping":"","pinged":"","post_modified":"2022-10-14 11:59:12","post_modified_gmt":"2022-10-14 09:59:12","post_content_filtered":"","post_parent":0,"guid":"http:\/\/dev.claret.cat\/editorial\/national-geographic\/","menu_order":0,"post_type":"editorial","post_mime_type":"","comment_count":"0","filter":"raw"}],"autores-libros":[{"ID":152587,"post_author":"3","post_date":"2022-10-14 14:49:58","post_date_gmt":"2022-10-14 12:49:58","post_content":"","post_title":"CATHERINE D. HUGHES","post_excerpt":"","post_status":"publish","comment_status":"closed","ping_status":"closed","post_password":"","post_name":"catherine-d-hughes","to_ping":"","pinged":"","post_modified":"2022-10-14 14:49:58","post_modified_gmt":"2022-10-14 12:49:58","post_content_filtered":"","post_parent":0,"guid":"http:\/\/dev.claret.cat\/autor\/catherine-d-hughes\/","menu_order":0,"post_type":"autor","post_mime_type":"","comment_count":"0","filter":"raw"}]},"aioseo_notices":[],"_links":{"self":[{"href":"https:\/\/www.claret.cat\/es\/wp-json\/wp\/v2\/product\/257473","targetHints":{"allow":["GET"]}}],"collection":[{"href":"https:\/\/www.claret.cat\/es\/wp-json\/wp\/v2\/product"}],"about":[{"href":"https:\/\/www.claret.cat\/es\/wp-json\/wp\/v2\/types\/product"}],"wp:featuredmedia":[{"embeddable":true,"href":"https:\/\/www.claret.cat\/es\/wp-json\/wp\/v2\/media\/257474"}],"wp:attachment":[{"href":"https:\/\/www.claret.cat\/es\/wp-json\/wp\/v2\/media?parent=257473"}],"wp:term":[{"taxonomy":"product_brand","embeddable":true,"href":"https:\/\/www.claret.cat\/es\/wp-json\/wp\/v2\/product_brand?post=257473"},{"taxonomy":"product_cat","embeddable":true,"href":"https:\/\/www.claret.cat\/es\/wp-json\/wp\/v2\/product_cat?post=257473"},{"taxonomy":"product_tag","embeddable":true,"href":"https:\/\/www.claret.cat\/es\/wp-json\/wp\/v2\/product_tag?post=257473"}],"curies":[{"name":"wp","href":"https:\/\/api.w.org\/{rel}","templated":true}]}}