{"id":257503,"date":"2022-10-21T12:12:34","date_gmt":"2022-10-21T10:12:34","guid":{"rendered":"http:\/\/dev.claret.cat\/producte\/la-familia-en-la-biblia\/"},"modified":"2024-05-23T05:57:58","modified_gmt":"2024-05-23T03:57:58","slug":"la-familia-en-la-biblia-9788490730461","status":"publish","type":"product","link":"https:\/\/www.claret.cat\/es\/libro\/la-familia-en-la-biblia-9788490730461\/","title":{"rendered":"LA FAMILIA EN LA BIBLIA"},"content":{"rendered":"<p>Este es un libro de historia y compromiso creyente sobre un tema clave de la Biblia y del mismo Magisterio de la Iglesia.<br \/>Es un libro de historia que expone de un modo ordenado el despliegue y mensaje de la familia a lo largo de la Biblia, en el Antiguo y el Nuevo Testamento. No hay quiz\u00e1 un tema de m\u00e1s importancia: solo conociendo lo que fuimos, podremos proponer y buscar lo que seremos.<br \/>Es un libro de compromiso creyente, y as\u00ed quiere ofrecer e impulsar un modelo fecundo de familia, en intimidad y opci\u00f3n social, en libertad y comuni\u00f3n, sabiendo que solo si &#8216;hacemos&#8217; familia podremos ser humanos y recrear nuestra historia.<br \/>En definitiva, esta ofrece una visi\u00f3n de conjunto de la familia en la Biblia, para responder a la tarea m\u00e1s urgente del momento actual: ser familia en comuni\u00f3n y esperanza de futuro. Esa es la respuesta que la Biblia ofrece no solo a los cristianos, sino a todos los hombres y mujeres que quieran optar por el futuro de la Vida.<\/p>\n","protected":false},"excerpt":{"rendered":"<p>PIKAZA, XABIER<\/p>\n","protected":false},"featured_media":372024,"template":"","meta":{"_acf_changed":false,"om_disable_all_campaigns":false,"rs_blank_template":"","rs_page_bg_color":"","slide_template_v7":"","inline_featured_image":false,"_monsterinsights_skip_tracking":false,"_monsterinsights_sitenote_active":false,"_monsterinsights_sitenote_note":"","_monsterinsights_sitenote_category":0},"product_brand":[],"product_cat":[90,540],"product_tag":[],"class_list":{"0":"post-257503","1":"product","2":"type-product","3":"status-publish","4":"has-post-thumbnail","6":"product_cat-altres","7":"product_cat-otros","9":"first","10":"instock","11":"taxable","12":"shipping-taxable","13":"purchasable","14":"product-type-simple"},"acf":{"autor":"PIKAZA, XABIER","codart":"849073046","libros-coleccion":"","ediciones":"1","encuadernacion":"R\u00fastica","fecha_de_publicacion":"18\/09\/2014","novedad":"0","paginas":"576","subtitulo":"UNA HISTORIA PENDIENTE","orden":"999","portada":"0","idioma":"spa","editorial":[{"ID":6390,"post_author":"3","post_date":"2022-07-28 17:51:08","post_date_gmt":"2022-07-28 15:51:08","post_content":"","post_title":"VERBO DIVINO","post_excerpt":"","post_status":"publish","comment_status":"closed","ping_status":"closed","post_password":"","post_name":"verbo-divino","to_ping":"","pinged":"","post_modified":"2022-07-28 17:51:08","post_modified_gmt":"2022-07-28 15:51:08","post_content_filtered":"","post_parent":0,"guid":"http:\/\/dev.claret.cat\/editorial\/verbo-divino\/","menu_order":0,"post_type":"editorial","post_mime_type":"","comment_count":"0","filter":"raw"}],"autores-libros":[{"ID":171376,"post_author":"3","post_date":"2022-10-14 22:42:54","post_date_gmt":"2022-10-14 20:42:54","post_content":"","post_title":"XABIER PIKAZA","post_excerpt":"","post_status":"publish","comment_status":"closed","ping_status":"closed","post_password":"","post_name":"xabier-pikaza","to_ping":"","pinged":"","post_modified":"2022-10-14 22:42:54","post_modified_gmt":"2022-10-14 20:42:54","post_content_filtered":"","post_parent":0,"guid":"http:\/\/dev.claret.cat\/autor\/xabier-pikaza\/","menu_order":0,"post_type":"autor","post_mime_type":"","comment_count":"0","filter":"raw"}]},"aioseo_notices":[],"_links":{"self":[{"href":"https:\/\/www.claret.cat\/es\/wp-json\/wp\/v2\/product\/257503","targetHints":{"allow":["GET"]}}],"collection":[{"href":"https:\/\/www.claret.cat\/es\/wp-json\/wp\/v2\/product"}],"about":[{"href":"https:\/\/www.claret.cat\/es\/wp-json\/wp\/v2\/types\/product"}],"wp:featuredmedia":[{"embeddable":true,"href":"https:\/\/www.claret.cat\/es\/wp-json\/wp\/v2\/media\/372024"}],"wp:attachment":[{"href":"https:\/\/www.claret.cat\/es\/wp-json\/wp\/v2\/media?parent=257503"}],"wp:term":[{"taxonomy":"product_brand","embeddable":true,"href":"https:\/\/www.claret.cat\/es\/wp-json\/wp\/v2\/product_brand?post=257503"},{"taxonomy":"product_cat","embeddable":true,"href":"https:\/\/www.claret.cat\/es\/wp-json\/wp\/v2\/product_cat?post=257503"},{"taxonomy":"product_tag","embeddable":true,"href":"https:\/\/www.claret.cat\/es\/wp-json\/wp\/v2\/product_tag?post=257503"}],"curies":[{"name":"wp","href":"https:\/\/api.w.org\/{rel}","templated":true}]}}