{"id":257605,"date":"2022-10-21T12:15:33","date_gmt":"2022-10-21T10:15:33","guid":{"rendered":"http:\/\/dev.claret.cat\/producte\/beato-pablo-vi-2\/"},"modified":"2024-05-24T05:22:36","modified_gmt":"2024-05-24T03:22:36","slug":"beato-pablo-vi-9788432144301","status":"publish","type":"product","link":"https:\/\/www.claret.cat\/es\/libro\/beato-pablo-vi-9788432144301\/","title":{"rendered":"BEATO PABLO VI"},"content":{"rendered":"<p>Pablo VI es considerado el primer Papa moderno. Alma del Concilio Vaticano II, propulsor del di\u00e1logo con el mundo contempor\u00e1neo, tuvo que hacer frente a muchas tormentas, dentro y fuera de la Iglesia. Predicador de la paz en plena Guerra fr\u00eda, defensor de la vida con su enc\u00edclica Humanae vitae, peregrino del Evangelio por los cinco continentes, su pontificado es todav\u00eda objeto de an\u00e1lisis y discusi\u00f3n. Sol\u00eda afirmar que hoy el hombre cree m\u00e1s a los testigos que a los maestros. Su beatificaci\u00f3n confirma que fue -en medio del dolor por la crisis del mundo y de la Iglesia- un testigo cre\u00edble de la verdad.<\/p>\n","protected":false},"excerpt":{"rendered":"<p>FAZIO, MARIANO<\/p>\n","protected":false},"featured_media":343198,"template":"","meta":{"_acf_changed":false,"om_disable_all_campaigns":false,"rs_blank_template":"","rs_page_bg_color":"","slide_template_v7":"","inline_featured_image":false,"_monsterinsights_skip_tracking":false,"_monsterinsights_sitenote_active":false,"_monsterinsights_sitenote_note":"","_monsterinsights_sitenote_category":0},"product_brand":[],"product_cat":[90,540],"product_tag":[],"class_list":{"0":"post-257605","1":"product","2":"type-product","3":"status-publish","4":"has-post-thumbnail","6":"product_cat-altres","7":"product_cat-otros","9":"first","10":"instock","11":"taxable","12":"shipping-taxable","13":"purchasable","14":"product-type-simple"},"acf":{"autor":"FAZIO, MARIANO","codart":"843214430","libros-coleccion":"","ediciones":"1","encuadernacion":"R\u00fastica","fecha_de_publicacion":"08\/09\/2014","novedad":"0","paginas":"344","subtitulo":"GOBERNAR DESDE EL DOLOR","orden":"999","portada":"0","idioma":"spa","editorial":[{"ID":6348,"post_author":"3","post_date":"2022-07-28 17:50:16","post_date_gmt":"2022-07-28 15:50:16","post_content":"","post_title":"Rialp","post_excerpt":"","post_status":"publish","comment_status":"closed","ping_status":"closed","post_password":"","post_name":"rialp","to_ping":"","pinged":"","post_modified":"2022-07-28 17:50:16","post_modified_gmt":"2022-07-28 15:50:16","post_content_filtered":"","post_parent":0,"guid":"http:\/\/dev.claret.cat\/editorial\/rialp\/","menu_order":0,"post_type":"editorial","post_mime_type":"","comment_count":"0","filter":"raw"}],"autores-libros":[{"ID":163852,"post_author":"3","post_date":"2022-10-14 17:42:22","post_date_gmt":"2022-10-14 15:42:22","post_content":"","post_title":"MARIANO FAZIO","post_excerpt":"","post_status":"publish","comment_status":"closed","ping_status":"closed","post_password":"","post_name":"mariano-fazio","to_ping":"","pinged":"","post_modified":"2022-10-14 17:42:22","post_modified_gmt":"2022-10-14 15:42:22","post_content_filtered":"","post_parent":0,"guid":"http:\/\/dev.claret.cat\/autor\/mariano-fazio\/","menu_order":0,"post_type":"autor","post_mime_type":"","comment_count":"0","filter":"raw"}]},"aioseo_notices":[],"_links":{"self":[{"href":"https:\/\/www.claret.cat\/es\/wp-json\/wp\/v2\/product\/257605","targetHints":{"allow":["GET"]}}],"collection":[{"href":"https:\/\/www.claret.cat\/es\/wp-json\/wp\/v2\/product"}],"about":[{"href":"https:\/\/www.claret.cat\/es\/wp-json\/wp\/v2\/types\/product"}],"wp:featuredmedia":[{"embeddable":true,"href":"https:\/\/www.claret.cat\/es\/wp-json\/wp\/v2\/media\/343198"}],"wp:attachment":[{"href":"https:\/\/www.claret.cat\/es\/wp-json\/wp\/v2\/media?parent=257605"}],"wp:term":[{"taxonomy":"product_brand","embeddable":true,"href":"https:\/\/www.claret.cat\/es\/wp-json\/wp\/v2\/product_brand?post=257605"},{"taxonomy":"product_cat","embeddable":true,"href":"https:\/\/www.claret.cat\/es\/wp-json\/wp\/v2\/product_cat?post=257605"},{"taxonomy":"product_tag","embeddable":true,"href":"https:\/\/www.claret.cat\/es\/wp-json\/wp\/v2\/product_tag?post=257605"}],"curies":[{"name":"wp","href":"https:\/\/api.w.org\/{rel}","templated":true}]}}