{"id":257675,"date":"2022-10-21T12:17:17","date_gmt":"2022-10-21T10:17:17","guid":{"rendered":"http:\/\/dev.claret.cat\/producte\/madama-butterfly\/"},"modified":"2023-01-28T19:09:08","modified_gmt":"2023-01-28T18:09:08","slug":"madama-butterfly-9788447928170","status":"publish","type":"product","link":"https:\/\/www.claret.cat\/es\/libro\/madama-butterfly-9788447928170\/","title":{"rendered":"MADAMA BUTTERFLY"},"content":{"rendered":"<p>Aquest llibre d&#8217;artista, adaptaci\u00f3 del sublim drama rom\u00e0ntic, cont\u00e9 enlluernadors quadres a l&#8217;oli i ens trasllada a un Jap\u00f3 ja desaparegut, per\u00f2 els misteris del qual romanen intactes. Al revers de les p\u00e0gines, enquadernades en forma de mampara, es desplega un delicat fresc de deu metres de llarg amb dibuixos fets a ll\u00e0pis i aquarel.la.<\/p>\n","protected":false},"excerpt":{"rendered":"<p>LACOMBE, BENJAMIN<\/p>\n","protected":false},"featured_media":257676,"template":"","meta":{"_acf_changed":false,"om_disable_all_campaigns":false,"rs_blank_template":"","rs_page_bg_color":"","slide_template_v7":"","inline_featured_image":false,"_monsterinsights_skip_tracking":false,"_monsterinsights_sitenote_active":false,"_monsterinsights_sitenote_note":"","_monsterinsights_sitenote_category":0},"product_brand":[],"product_cat":[86],"product_tag":[],"class_list":{"0":"post-257675","1":"product","2":"type-product","3":"status-publish","4":"has-post-thumbnail","6":"product_cat-infantil","8":"first","9":"instock","10":"taxable","11":"shipping-taxable","12":"purchasable","13":"product-type-simple"},"acf":{"autor":"LACOMBE, BENJAMIN","codart":"844792817","libros-coleccion":"SUSHI BOOKS","ediciones":"1","encuadernacion":"Carton\u00e9","fecha_de_publicacion":"01\/09\/2014","novedad":"1","paginas":"82","subtitulo":"","orden":"0","portada":"0","idioma":"cat","autores-libros":[{"ID":151574,"post_author":"3","post_date":"2022-10-14 14:41:57","post_date_gmt":"2022-10-14 12:41:57","post_content":"","post_title":"BENJAMIN LACOMBE","post_excerpt":"","post_status":"publish","comment_status":"closed","ping_status":"closed","post_password":"","post_name":"benjamin-lacombe","to_ping":"","pinged":"","post_modified":"2022-10-14 14:41:57","post_modified_gmt":"2022-10-14 12:41:57","post_content_filtered":"","post_parent":0,"guid":"http:\/\/dev.claret.cat\/autor\/benjamin-lacombe\/","menu_order":0,"post_type":"autor","post_mime_type":"","comment_count":"0","filter":"raw"}]},"aioseo_notices":[],"_links":{"self":[{"href":"https:\/\/www.claret.cat\/es\/wp-json\/wp\/v2\/product\/257675","targetHints":{"allow":["GET"]}}],"collection":[{"href":"https:\/\/www.claret.cat\/es\/wp-json\/wp\/v2\/product"}],"about":[{"href":"https:\/\/www.claret.cat\/es\/wp-json\/wp\/v2\/types\/product"}],"wp:featuredmedia":[{"embeddable":true,"href":"https:\/\/www.claret.cat\/es\/wp-json\/wp\/v2\/media\/257676"}],"wp:attachment":[{"href":"https:\/\/www.claret.cat\/es\/wp-json\/wp\/v2\/media?parent=257675"}],"wp:term":[{"taxonomy":"product_brand","embeddable":true,"href":"https:\/\/www.claret.cat\/es\/wp-json\/wp\/v2\/product_brand?post=257675"},{"taxonomy":"product_cat","embeddable":true,"href":"https:\/\/www.claret.cat\/es\/wp-json\/wp\/v2\/product_cat?post=257675"},{"taxonomy":"product_tag","embeddable":true,"href":"https:\/\/www.claret.cat\/es\/wp-json\/wp\/v2\/product_tag?post=257675"}],"curies":[{"name":"wp","href":"https:\/\/api.w.org\/{rel}","templated":true}]}}