{"id":257783,"date":"2022-10-21T12:19:41","date_gmt":"2022-10-21T10:19:41","guid":{"rendered":"http:\/\/dev.claret.cat\/producte\/quin-caos-dhabitacio\/"},"modified":"2025-04-05T11:05:14","modified_gmt":"2025-04-05T09:05:14","slug":"quin-caos-dhabitacio-9788466136914","status":"publish","type":"product","link":"https:\/\/www.claret.cat\/es\/libro\/quin-caos-dhabitacio-9788466136914\/","title":{"rendered":"QUIN CAOS D&#8221;HABITACI\u00d3!"},"content":{"rendered":"<p>\u00a0 <br \/> En Francesc cada dia t\u00e9 l&#8221;habitaci\u00f3 m\u00e9s desendre\u00e7ada i cada cop es m\u00e9s dif\u00edcil,\u00a0tamb\u00e9 per als lectors, trobar-hi certs objectes. El pare sempre l&#8221;ha de renyar perqu\u00e8 ho endreci tot. Per\u00f2 darrere de les ordres del pare s&#8221;hi amaga un gran afecte.<br \/> Llibre d&#8221;atenci\u00f3 i observaci\u00f3.<\/p>\n","protected":false},"excerpt":{"rendered":"<p>SALOM\u00d3 FISA, XAVIER<\/p>\n","protected":false},"featured_media":947072,"template":"","meta":{"_acf_changed":false,"om_disable_all_campaigns":false,"rs_blank_template":"","rs_page_bg_color":"","slide_template_v7":"","inline_featured_image":false,"_monsterinsights_skip_tracking":false,"_monsterinsights_sitenote_active":false,"_monsterinsights_sitenote_note":"","_monsterinsights_sitenote_category":0},"product_brand":[],"product_cat":[132,362],"product_tag":[],"class_list":{"0":"post-257783","1":"product","2":"type-product","3":"status-publish","4":"has-post-thumbnail","6":"product_cat-lectures-per-preadolescents-6-12-anys","7":"product_cat-libros-preadolescentes-6-12-anos","9":"first","10":"instock","11":"taxable","12":"shipping-taxable","13":"purchasable","14":"product-type-simple"},"acf":{"autor":"SALOM\u00d3 FISA, XAVIER","codart":"846613691","libros-coleccion":"","ediciones":"1","encuadernacion":"Carton\u00e9","fecha_de_publicacion":"01\/09\/2014","novedad":"0","paginas":"32","subtitulo":"","orden":"999","portada":"0","idioma":"cat","editorial":[{"ID":147680,"post_author":"3","post_date":"2022-10-14 11:52:25","post_date_gmt":"2022-10-14 09:52:25","post_content":"","post_title":"CRUILLA, EDITORIAL","post_excerpt":"","post_status":"publish","comment_status":"closed","ping_status":"closed","post_password":"","post_name":"cruilla-editorial","to_ping":"","pinged":"","post_modified":"2022-10-14 11:52:25","post_modified_gmt":"2022-10-14 09:52:25","post_content_filtered":"","post_parent":0,"guid":"http:\/\/dev.claret.cat\/editorial\/cruilla-editorial\/","menu_order":0,"post_type":"editorial","post_mime_type":"","comment_count":"0","filter":"raw"}],"autores-libros":[{"ID":171492,"post_author":"3","post_date":"2022-10-14 22:43:50","post_date_gmt":"2022-10-14 20:43:50","post_content":"","post_title":"XAVIER SALOM\u00d3 FISA","post_excerpt":"","post_status":"publish","comment_status":"closed","ping_status":"closed","post_password":"","post_name":"xavier-salomo-fisa","to_ping":"","pinged":"","post_modified":"2022-10-14 22:43:50","post_modified_gmt":"2022-10-14 20:43:50","post_content_filtered":"","post_parent":0,"guid":"http:\/\/dev.claret.cat\/autor\/xavier-salomo-fisa\/","menu_order":0,"post_type":"autor","post_mime_type":"","comment_count":"0","filter":"raw"}]},"aioseo_notices":[],"_links":{"self":[{"href":"https:\/\/www.claret.cat\/es\/wp-json\/wp\/v2\/product\/257783","targetHints":{"allow":["GET"]}}],"collection":[{"href":"https:\/\/www.claret.cat\/es\/wp-json\/wp\/v2\/product"}],"about":[{"href":"https:\/\/www.claret.cat\/es\/wp-json\/wp\/v2\/types\/product"}],"wp:featuredmedia":[{"embeddable":true,"href":"https:\/\/www.claret.cat\/es\/wp-json\/wp\/v2\/media\/947072"}],"wp:attachment":[{"href":"https:\/\/www.claret.cat\/es\/wp-json\/wp\/v2\/media?parent=257783"}],"wp:term":[{"taxonomy":"product_brand","embeddable":true,"href":"https:\/\/www.claret.cat\/es\/wp-json\/wp\/v2\/product_brand?post=257783"},{"taxonomy":"product_cat","embeddable":true,"href":"https:\/\/www.claret.cat\/es\/wp-json\/wp\/v2\/product_cat?post=257783"},{"taxonomy":"product_tag","embeddable":true,"href":"https:\/\/www.claret.cat\/es\/wp-json\/wp\/v2\/product_tag?post=257783"}],"curies":[{"name":"wp","href":"https:\/\/api.w.org\/{rel}","templated":true}]}}