{"id":257806,"date":"2022-10-21T12:20:11","date_gmt":"2022-10-21T10:20:11","guid":{"rendered":"http:\/\/dev.claret.cat\/producte\/platja-fantasma\/"},"modified":"2023-01-28T17:52:29","modified_gmt":"2023-01-28T16:52:29","slug":"platja-fantasma-9788415709459","status":"publish","type":"product","link":"https:\/\/www.claret.cat\/es\/libro\/platja-fantasma-9788415709459\/","title":{"rendered":"PLATJA FANTASMA"},"content":{"rendered":"<p>Vuelve el gran fen\u00f3meno de la literatura juvenil. Vive las escalofriantes aventuras que convirtieron Pesadillas en la colecci\u00f3n juvenil m\u00e1s vendida de todos los tiempos. Edici\u00f3n en catal\u00e1n de la m\u00edtica colecci\u00f3n de Pesadillas.<\/p>\n","protected":false},"excerpt":{"rendered":"<p>R.L. STINE<\/p>\n","protected":false},"featured_media":276969,"template":"","meta":{"_acf_changed":false,"om_disable_all_campaigns":false,"rs_blank_template":"","rs_page_bg_color":"","slide_template_v7":"","inline_featured_image":false,"_monsterinsights_skip_tracking":false,"_monsterinsights_sitenote_active":false,"_monsterinsights_sitenote_note":"","_monsterinsights_sitenote_category":0},"product_brand":[],"product_cat":[90,540],"product_tag":[],"class_list":{"0":"post-257806","1":"product","2":"type-product","3":"status-publish","4":"has-post-thumbnail","6":"product_cat-altres","7":"product_cat-otros","9":"first","10":"instock","11":"taxable","12":"shipping-taxable","13":"purchasable","14":"product-type-simple"},"acf":{"autor":"R.L. STINE","codart":"841570945","libros-coleccion":"","ediciones":"1","encuadernacion":"Carton\u00e9","fecha_de_publicacion":"01\/09\/2014","novedad":"0","paginas":"0","subtitulo":"P\u00c0NIC 8","orden":"999","portada":"0","idioma":"cat","autores-libros":[{"ID":167502,"post_author":"3","post_date":"2022-10-14 18:11:43","post_date_gmt":"2022-10-14 16:11:43","post_content":"","post_title":"R.L. STINE","post_excerpt":"","post_status":"publish","comment_status":"closed","ping_status":"closed","post_password":"","post_name":"r-l-stine","to_ping":"","pinged":"","post_modified":"2022-10-14 18:11:43","post_modified_gmt":"2022-10-14 16:11:43","post_content_filtered":"","post_parent":0,"guid":"http:\/\/dev.claret.cat\/autor\/r-l-stine\/","menu_order":0,"post_type":"autor","post_mime_type":"","comment_count":"0","filter":"raw"}],"editorial":[{"ID":262055,"post_author":"3","post_date":"2022-10-24 11:19:20","post_date_gmt":"2022-10-24 09:19:20","post_content":"","post_title":"EDITORIAL HIDRA S.L","post_excerpt":"","post_status":"publish","comment_status":"closed","ping_status":"closed","post_password":"","post_name":"editorial-hidra-s-l","to_ping":"","pinged":"","post_modified":"2022-10-24 11:19:20","post_modified_gmt":"2022-10-24 09:19:20","post_content_filtered":"","post_parent":0,"guid":"http:\/\/dev.claret.cat\/editorial\/editorial-hidra-s-l\/","menu_order":0,"post_type":"editorial","post_mime_type":"","comment_count":"0","filter":"raw"}]},"aioseo_notices":[],"_links":{"self":[{"href":"https:\/\/www.claret.cat\/es\/wp-json\/wp\/v2\/product\/257806","targetHints":{"allow":["GET"]}}],"collection":[{"href":"https:\/\/www.claret.cat\/es\/wp-json\/wp\/v2\/product"}],"about":[{"href":"https:\/\/www.claret.cat\/es\/wp-json\/wp\/v2\/types\/product"}],"wp:featuredmedia":[{"embeddable":true,"href":"https:\/\/www.claret.cat\/es\/wp-json\/wp\/v2\/media\/276969"}],"wp:attachment":[{"href":"https:\/\/www.claret.cat\/es\/wp-json\/wp\/v2\/media?parent=257806"}],"wp:term":[{"taxonomy":"product_brand","embeddable":true,"href":"https:\/\/www.claret.cat\/es\/wp-json\/wp\/v2\/product_brand?post=257806"},{"taxonomy":"product_cat","embeddable":true,"href":"https:\/\/www.claret.cat\/es\/wp-json\/wp\/v2\/product_cat?post=257806"},{"taxonomy":"product_tag","embeddable":true,"href":"https:\/\/www.claret.cat\/es\/wp-json\/wp\/v2\/product_tag?post=257806"}],"curies":[{"name":"wp","href":"https:\/\/api.w.org\/{rel}","templated":true}]}}