{"id":257821,"date":"2022-10-21T12:20:29","date_gmt":"2022-10-21T10:20:29","guid":{"rendered":"http:\/\/dev.claret.cat\/producte\/vida-hogarena\/"},"modified":"2023-01-28T02:42:40","modified_gmt":"2023-01-28T01:42:40","slug":"vida-hogarena-9788415863861","status":"publish","type":"product","link":"https:\/\/www.claret.cat\/es\/libro\/vida-hogarena-9788415863861\/","title":{"rendered":"VIDA HOGARE\u00d1A"},"content":{"rendered":"<p>Vida hogare\u00f1a es la historia de Ruth y de su hermana menor, Lucille, que crecen a merced del azar, primero al cuidado de su abuela, una mujer sensata y responsable, a continuaci\u00f3n de dos c\u00f3micas t\u00edas abuelas solteras y negadas para todo, y finalmente de Sylvie, una mujer exc\u00e9ntrica y disparatada, hermana de su madre. La casa familiar est\u00e1 en el peque\u00f1o pueblo de Fingerbone, a la orilla de un lago. Los abuelos de Ruth y Lucille hab\u00edan construido una familia estable con sus tres hijas, con valores s\u00f3lidos y principios respetables. Una noche, el tren en el que el abuelo regresaba de un viaje de trabajo, se precipit\u00f3 al lago sin que hubiera supervivientes. Y unos a\u00f1os m\u00e1s tarde, la madre de Ruth y Lucille, tras dejar a las ni\u00f1as con su abuela, despe\u00f1\u00f3 su coche al lago desde un acantilado en un espectacular suicidio. Con la maestr\u00eda que le caracteriza, Marilynne Robinson cuenta en \u00e9ste, su primer libro, la historia de una familia devastada, arrastrada por los golpes del destino que parece oponerse con terquedad a cualquier voluntad de construcci\u00f3n. La lucha de Ruth y Lucille por alcanzar la edad adulta ilumina espl\u00e9ndidamente el precio de la p\u00e9rdida y la supervivencia y el peligroso y profundo impacto de lo que parece pasajero.<\/p>\n","protected":false},"excerpt":{"rendered":"<p>ROBINSON, MARILYNNE<\/p>\n","protected":false},"featured_media":257822,"template":"","meta":{"_acf_changed":false,"om_disable_all_campaigns":false,"rs_blank_template":"","rs_page_bg_color":"","slide_template_v7":"","inline_featured_image":false,"_monsterinsights_skip_tracking":false,"_monsterinsights_sitenote_active":false,"_monsterinsights_sitenote_note":"","_monsterinsights_sitenote_category":0},"product_brand":[],"product_cat":[87],"product_tag":[],"class_list":{"0":"post-257821","1":"product","2":"type-product","3":"status-publish","4":"has-post-thumbnail","6":"product_cat-literatura","8":"first","9":"instock","10":"taxable","11":"shipping-taxable","12":"purchasable","13":"product-type-simple"},"acf":{"autor":"ROBINSON, MARILYNNE","codart":"841586386","libros-coleccion":"","ediciones":"1","encuadernacion":"Carton\u00e9","fecha_de_publicacion":"01\/09\/2014","novedad":"0","paginas":"224","subtitulo":"","orden":"999","portada":"0","idioma":"spa","autores-libros":[{"ID":163926,"post_author":"3","post_date":"2022-10-14 17:42:57","post_date_gmt":"2022-10-14 15:42:57","post_content":"","post_title":"MARILYNNE ROBINSON","post_excerpt":"","post_status":"publish","comment_status":"closed","ping_status":"closed","post_password":"","post_name":"marilynne-robinson","to_ping":"","pinged":"","post_modified":"2022-10-14 17:42:57","post_modified_gmt":"2022-10-14 15:42:57","post_content_filtered":"","post_parent":0,"guid":"http:\/\/dev.claret.cat\/autor\/marilynne-robinson\/","menu_order":0,"post_type":"autor","post_mime_type":"","comment_count":"0","filter":"raw"}]},"aioseo_notices":[],"_links":{"self":[{"href":"https:\/\/www.claret.cat\/es\/wp-json\/wp\/v2\/product\/257821","targetHints":{"allow":["GET"]}}],"collection":[{"href":"https:\/\/www.claret.cat\/es\/wp-json\/wp\/v2\/product"}],"about":[{"href":"https:\/\/www.claret.cat\/es\/wp-json\/wp\/v2\/types\/product"}],"wp:featuredmedia":[{"embeddable":true,"href":"https:\/\/www.claret.cat\/es\/wp-json\/wp\/v2\/media\/257822"}],"wp:attachment":[{"href":"https:\/\/www.claret.cat\/es\/wp-json\/wp\/v2\/media?parent=257821"}],"wp:term":[{"taxonomy":"product_brand","embeddable":true,"href":"https:\/\/www.claret.cat\/es\/wp-json\/wp\/v2\/product_brand?post=257821"},{"taxonomy":"product_cat","embeddable":true,"href":"https:\/\/www.claret.cat\/es\/wp-json\/wp\/v2\/product_cat?post=257821"},{"taxonomy":"product_tag","embeddable":true,"href":"https:\/\/www.claret.cat\/es\/wp-json\/wp\/v2\/product_tag?post=257821"}],"curies":[{"name":"wp","href":"https:\/\/api.w.org\/{rel}","templated":true}]}}