{"id":257842,"date":"2022-10-21T12:21:01","date_gmt":"2022-10-21T10:21:01","guid":{"rendered":"http:\/\/dev.claret.cat\/producte\/anem-al-camp-nou\/"},"modified":"2025-01-31T20:39:56","modified_gmt":"2025-01-31T19:39:56","slug":"anem-al-camp-nou-9788424652944","status":"publish","type":"product","link":"https:\/\/www.claret.cat\/es\/libro\/anem-al-camp-nou-9788424652944\/","title":{"rendered":"ANEM AL CAMP NOU"},"content":{"rendered":"<p>L&#8217;avi est\u00e0 neguit\u00f3s: avui juga el Bar\u00e7a i ha decidit dur els seus n\u00e9ts al Camp Nou. Ser\u00e0 un partit molt especial: \u00e9s el primer cop que els bessons van al camp del Futbol Club Barcelona. Anem-hi amb temps i amb ganes de cantar, animar els jugadors i veure un bon partit! Visca el Bar\u00e7a!<\/p>\n","protected":false},"excerpt":{"rendered":"<p>SANS MESTRE, CRISTINA<\/p>\n","protected":false},"featured_media":257843,"template":"","meta":{"_acf_changed":false,"om_disable_all_campaigns":false,"rs_blank_template":"","rs_page_bg_color":"","slide_template_v7":"","inline_featured_image":false,"_monsterinsights_skip_tracking":false,"_monsterinsights_sitenote_active":false,"_monsterinsights_sitenote_note":"","_monsterinsights_sitenote_category":0},"product_brand":[],"product_cat":[90,540],"product_tag":[],"class_list":{"0":"post-257842","1":"product","2":"type-product","3":"status-publish","4":"has-post-thumbnail","6":"product_cat-altres","7":"product_cat-otros","9":"first","10":"instock","11":"taxable","12":"shipping-taxable","13":"purchasable","14":"product-type-simple"},"acf":{"autor":"SANS MESTRE, CRISTINA","codart":"842465294","libros-coleccion":"","ediciones":"1","encuadernacion":"R\u00fastica","fecha_de_publicacion":"01\/09\/2014","novedad":"0","paginas":"24","subtitulo":"","orden":"999","portada":"0","idioma":"cat","editorial":[{"ID":148361,"post_author":"3","post_date":"2022-10-14 11:57:38","post_date_gmt":"2022-10-14 09:57:38","post_content":"","post_title":"LA GALERA, S.A. EDITORIAL","post_excerpt":"","post_status":"publish","comment_status":"closed","ping_status":"closed","post_password":"","post_name":"la-galera-s-a-editorial","to_ping":"","pinged":"","post_modified":"2022-10-14 11:57:38","post_modified_gmt":"2022-10-14 09:57:38","post_content_filtered":"","post_parent":0,"guid":"http:\/\/dev.claret.cat\/editorial\/la-galera-s-a-editorial\/","menu_order":0,"post_type":"editorial","post_mime_type":"","comment_count":"0","filter":"raw"}],"autores-libros":[{"ID":421550,"post_author":"3","post_date":"2023-05-16 07:00:32","post_date_gmt":"2023-05-16 05:00:32","post_content":"","post_title":"CRISTINA SANS MESTRE","post_excerpt":"","post_status":"publish","comment_status":"closed","ping_status":"closed","post_password":"","post_name":"cristina-sans-mestre","to_ping":"","pinged":"","post_modified":"2023-05-16 07:00:32","post_modified_gmt":"2023-05-16 05:00:32","post_content_filtered":"","post_parent":0,"guid":"https:\/\/www.claret.cat\/autor\/cristina-sans-mestre\/","menu_order":0,"post_type":"autor","post_mime_type":"","comment_count":"0","filter":"raw"}]},"aioseo_notices":[],"_links":{"self":[{"href":"https:\/\/www.claret.cat\/es\/wp-json\/wp\/v2\/product\/257842","targetHints":{"allow":["GET"]}}],"collection":[{"href":"https:\/\/www.claret.cat\/es\/wp-json\/wp\/v2\/product"}],"about":[{"href":"https:\/\/www.claret.cat\/es\/wp-json\/wp\/v2\/types\/product"}],"wp:featuredmedia":[{"embeddable":true,"href":"https:\/\/www.claret.cat\/es\/wp-json\/wp\/v2\/media\/257843"}],"wp:attachment":[{"href":"https:\/\/www.claret.cat\/es\/wp-json\/wp\/v2\/media?parent=257842"}],"wp:term":[{"taxonomy":"product_brand","embeddable":true,"href":"https:\/\/www.claret.cat\/es\/wp-json\/wp\/v2\/product_brand?post=257842"},{"taxonomy":"product_cat","embeddable":true,"href":"https:\/\/www.claret.cat\/es\/wp-json\/wp\/v2\/product_cat?post=257842"},{"taxonomy":"product_tag","embeddable":true,"href":"https:\/\/www.claret.cat\/es\/wp-json\/wp\/v2\/product_tag?post=257842"}],"curies":[{"name":"wp","href":"https:\/\/api.w.org\/{rel}","templated":true}]}}