{"id":257869,"date":"2022-10-21T12:21:39","date_gmt":"2022-10-21T10:21:39","guid":{"rendered":"http:\/\/dev.claret.cat\/producte\/guia-dels-bolets-dels-paisos-catalans\/"},"modified":"2025-09-10T16:31:41","modified_gmt":"2025-09-10T14:31:41","slug":"guia-dels-bolets-dels-paisos-catalans-9788490342435","status":"publish","type":"product","link":"https:\/\/www.claret.cat\/es\/libro\/guia-dels-bolets-dels-paisos-catalans-9788490342435\/","title":{"rendered":"GUIA DELS BOLETS DELS PA\u00cfSOS CATALANS"},"content":{"rendered":"<p>La Guia dels bolets dels Pa\u00efsos Catalans \u00e9s un llibre de refer\u00e8ncia per a tots els amants dels bolets, els quals hi poden trobar la informaci\u00f3 necess\u00e0ria per recon\u00e8ixer la majoria de les esp\u00e8cies que surten al pa\u00eds i que tenen un cert inter\u00e8s cient\u00edfic, ecol\u00f2gic i gastron\u00f2mic. Aix\u00ed mateix, permet evitar les confusions amb els bolets t\u00f2xics. Tamb\u00e9 inclou unes claus de classificaci\u00f3 que ajuden a la determinaci\u00f3 dels bolets agrupats segons els criteris taxon\u00f2mics actuals i algunes dades sobre la microsc\u00f2pia.<\/p>\n<p>Aquesta nova edici\u00f3 posa al dia la nomenclatura, i els noms populars estan revisats d&#8217;acord amb els criteris actuals. Hi ha un major nombre de les esp\u00e8cies considerades fins a arribar a 225, amb fotografies nombroses i de molta qualitat.<\/p>\n","protected":false},"excerpt":{"rendered":"<p>PASCUAL I LLUVI\u00c0, RAMON<\/p>\n","protected":false},"featured_media":319754,"template":"","meta":{"_acf_changed":false,"om_disable_all_campaigns":false,"rs_blank_template":"","rs_page_bg_color":"","slide_template_v7":"","inline_featured_image":false,"_monsterinsights_skip_tracking":false,"_monsterinsights_sitenote_active":false,"_monsterinsights_sitenote_note":"","_monsterinsights_sitenote_category":0},"product_brand":[],"product_cat":[90,540],"product_tag":[],"class_list":{"0":"post-257869","1":"product","2":"type-product","3":"status-publish","4":"has-post-thumbnail","6":"product_cat-altres","7":"product_cat-otros","9":"first","10":"instock","11":"taxable","12":"shipping-taxable","13":"purchasable","14":"product-type-simple"},"acf":{"autor":"PASCUAL I LLUVI\u00c0, RAMON","codart":"849034243","libros-coleccion":"","ediciones":"0","encuadernacion":"R\u00fastica","fecha_de_publicacion":"01\/09\/2014","novedad":"0","paginas":"296","subtitulo":"","orden":"999","portada":"0","idioma":"cat","editorial":[{"ID":6171,"post_author":"3","post_date":"2022-07-28 17:46:25","post_date_gmt":"2022-07-28 15:46:25","post_content":"","post_title":"COSSETANIA EDICIONS","post_excerpt":"","post_status":"publish","comment_status":"closed","ping_status":"closed","post_password":"","post_name":"cossetania-edicions","to_ping":"","pinged":"","post_modified":"2022-07-28 17:46:25","post_modified_gmt":"2022-07-28 15:46:25","post_content_filtered":"","post_parent":0,"guid":"http:\/\/dev.claret.cat\/editorial\/cossetania-edicions\/","menu_order":0,"post_type":"editorial","post_mime_type":"","comment_count":"0","filter":"raw"}],"autores-libros":[{"ID":319753,"post_author":"3","post_date":"2023-01-02 23:36:19","post_date_gmt":"2023-01-02 22:36:19","post_content":"","post_title":"RAMON PASCUAL I LLUVIA","post_excerpt":"","post_status":"publish","comment_status":"closed","ping_status":"closed","post_password":"","post_name":"ramon-pascual-i-lluvia","to_ping":"","pinged":"","post_modified":"2023-01-02 23:36:19","post_modified_gmt":"2023-01-02 22:36:19","post_content_filtered":"","post_parent":0,"guid":"https:\/\/www.claret.cat\/autor\/ramon-pascual-i-lluvia\/","menu_order":0,"post_type":"autor","post_mime_type":"","comment_count":"0","filter":"raw"}],"booktrailer":"","resenas":""},"aioseo_notices":[],"_links":{"self":[{"href":"https:\/\/www.claret.cat\/es\/wp-json\/wp\/v2\/product\/257869","targetHints":{"allow":["GET"]}}],"collection":[{"href":"https:\/\/www.claret.cat\/es\/wp-json\/wp\/v2\/product"}],"about":[{"href":"https:\/\/www.claret.cat\/es\/wp-json\/wp\/v2\/types\/product"}],"wp:featuredmedia":[{"embeddable":true,"href":"https:\/\/www.claret.cat\/es\/wp-json\/wp\/v2\/media\/319754"}],"wp:attachment":[{"href":"https:\/\/www.claret.cat\/es\/wp-json\/wp\/v2\/media?parent=257869"}],"wp:term":[{"taxonomy":"product_brand","embeddable":true,"href":"https:\/\/www.claret.cat\/es\/wp-json\/wp\/v2\/product_brand?post=257869"},{"taxonomy":"product_cat","embeddable":true,"href":"https:\/\/www.claret.cat\/es\/wp-json\/wp\/v2\/product_cat?post=257869"},{"taxonomy":"product_tag","embeddable":true,"href":"https:\/\/www.claret.cat\/es\/wp-json\/wp\/v2\/product_tag?post=257869"}],"curies":[{"name":"wp","href":"https:\/\/api.w.org\/{rel}","templated":true}]}}