{"id":257875,"date":"2022-10-21T12:21:47","date_gmt":"2022-10-21T10:21:47","guid":{"rendered":"http:\/\/dev.claret.cat\/producte\/tapes-barcelona\/"},"modified":"2023-01-28T13:19:17","modified_gmt":"2023-01-28T12:19:17","slug":"tapes-barcelona-9788484785941","status":"publish","type":"product","link":"https:\/\/www.claret.cat\/es\/libro\/tapes-barcelona-9788484785941\/","title":{"rendered":"TAPES BARCELONA"},"content":{"rendered":"<p>Qu\u00e8 hi trobar\u00e0s, en aquest suculent llibre? 40 receptes per fer tapes a casa, amb la fam\u00edlia o amb els amics, i presumir de con\u00e8ixer els secrets de les millors tapes de Barcelona. 20 locals imprescindibles, des dels centenaris fins als m\u00e9s recents oberts per xefs amb estrelles Michelin, per con\u00e8ixer-ne la hist\u00f2ria i quines tapes s?hi poden tastar.10 rutes per diferents barris de Barcelona amb els locals de tapes m\u00e9s caracter\u00edstics.<\/p>\n","protected":false},"excerpt":{"rendered":"<p>BARRIL CUIXART, JOAN \/ LIZ RODR\u00cdGUEZ, JOSEP \/ GARCIA JOSE, JORDI<\/p>\n","protected":false},"featured_media":257876,"template":"","meta":{"_acf_changed":false,"om_disable_all_campaigns":false,"rs_blank_template":"","rs_page_bg_color":"","slide_template_v7":"","inline_featured_image":false,"_monsterinsights_skip_tracking":false,"_monsterinsights_sitenote_active":false,"_monsterinsights_sitenote_note":"","_monsterinsights_sitenote_category":0},"product_brand":[],"product_cat":[103],"product_tag":[],"class_list":{"0":"post-257875","1":"product","2":"type-product","3":"status-publish","4":"has-post-thumbnail","6":"product_cat-cuina","8":"first","9":"instock","10":"taxable","11":"shipping-taxable","12":"purchasable","13":"product-type-simple"},"acf":{"autor":"BARRIL CUIXART, JOAN \/ LIZ RODR\u00cdGUEZ, JOSEP \/ GARCIA JOSE, JORDI","codart":"848478594","libros-coleccion":"","ediciones":"1","encuadernacion":"R\u00fastica","fecha_de_publicacion":"01\/09\/2014","novedad":"0","paginas":"191","subtitulo":"40 RECEPTES 20 LOCALS 10 RUTES","orden":"999","portada":"0","idioma":"cat","editorial":[{"ID":148898,"post_author":"3","post_date":"2022-10-14 12:01:51","post_date_gmt":"2022-10-14 10:01:51","post_content":"","post_title":"TRIANGLE POSTALS","post_excerpt":"","post_status":"publish","comment_status":"closed","ping_status":"closed","post_password":"","post_name":"triangle-postals","to_ping":"","pinged":"","post_modified":"2022-10-14 12:01:51","post_modified_gmt":"2022-10-14 10:01:51","post_content_filtered":"","post_parent":0,"guid":"http:\/\/dev.claret.cat\/editorial\/triangle-postals\/","menu_order":0,"post_type":"editorial","post_mime_type":"","comment_count":"0","filter":"raw"}],"autores-libros":[{"ID":160692,"post_author":"3","post_date":"2022-10-14 15:55:07","post_date_gmt":"2022-10-14 13:55:07","post_content":"","post_title":"JOSEP LIZ RODR\u00cdGUEZ","post_excerpt":"","post_status":"publish","comment_status":"closed","ping_status":"closed","post_password":"","post_name":"josep-liz-rodriguez","to_ping":"","pinged":"","post_modified":"2022-10-14 15:55:07","post_modified_gmt":"2022-10-14 13:55:07","post_content_filtered":"","post_parent":0,"guid":"http:\/\/dev.claret.cat\/autor\/josep-liz-rodriguez\/","menu_order":0,"post_type":"autor","post_mime_type":"","comment_count":"0","filter":"raw"}]},"aioseo_notices":[],"_links":{"self":[{"href":"https:\/\/www.claret.cat\/es\/wp-json\/wp\/v2\/product\/257875","targetHints":{"allow":["GET"]}}],"collection":[{"href":"https:\/\/www.claret.cat\/es\/wp-json\/wp\/v2\/product"}],"about":[{"href":"https:\/\/www.claret.cat\/es\/wp-json\/wp\/v2\/types\/product"}],"wp:featuredmedia":[{"embeddable":true,"href":"https:\/\/www.claret.cat\/es\/wp-json\/wp\/v2\/media\/257876"}],"wp:attachment":[{"href":"https:\/\/www.claret.cat\/es\/wp-json\/wp\/v2\/media?parent=257875"}],"wp:term":[{"taxonomy":"product_brand","embeddable":true,"href":"https:\/\/www.claret.cat\/es\/wp-json\/wp\/v2\/product_brand?post=257875"},{"taxonomy":"product_cat","embeddable":true,"href":"https:\/\/www.claret.cat\/es\/wp-json\/wp\/v2\/product_cat?post=257875"},{"taxonomy":"product_tag","embeddable":true,"href":"https:\/\/www.claret.cat\/es\/wp-json\/wp\/v2\/product_tag?post=257875"}],"curies":[{"name":"wp","href":"https:\/\/api.w.org\/{rel}","templated":true}]}}