{"id":257878,"date":"2022-10-21T12:21:51","date_gmt":"2022-10-21T10:21:51","guid":{"rendered":"http:\/\/dev.claret.cat\/producte\/bgo-1-barcelona-gotica\/"},"modified":"2023-01-28T12:43:48","modified_gmt":"2023-01-28T11:43:48","slug":"bgo1-barcelona-gotica-9788484786191","status":"publish","type":"product","link":"https:\/\/www.claret.cat\/es\/libro\/bgo1-barcelona-gotica-9788484786191\/","title":{"rendered":"BGO-1 BARCELONA G\u00d2TICA"},"content":{"rendered":"<p>Durant els segles XIV i XV Barcelona fou un espai privilegiat en el Mediterrani per promoure una intensa creativitat que qued\u00e0 plasmada en l&#8217;arquitectura, l&#8217;escultura i la pintura expressades en un estil g\u00f2tic d&#8217;una originalitat innegable. Tot aix\u00f2 queda reflectit en aquest llibre gr\u00e0cies a una nova i original mirada dels seus autors, Raimon Arola i Victoria Cirlot, i del fot\u00f2graf Pere Vivas.<\/p>\n","protected":false},"excerpt":{"rendered":"<p>VIVAS ORTIZ, PERE; CIRLOT VALENZUELA, VICTORIA; AROLA, RAIMON<\/p>\n","protected":false},"featured_media":257879,"template":"","meta":{"_acf_changed":false,"om_disable_all_campaigns":false,"rs_blank_template":"","rs_page_bg_color":"","slide_template_v7":"","inline_featured_image":false,"_monsterinsights_skip_tracking":false,"_monsterinsights_sitenote_active":false,"_monsterinsights_sitenote_note":"","_monsterinsights_sitenote_category":0},"product_brand":[],"product_cat":[90,105],"product_tag":[],"class_list":{"0":"post-257878","1":"product","2":"type-product","3":"status-publish","4":"has-post-thumbnail","6":"product_cat-altres","7":"product_cat-regal","9":"first","10":"instock","11":"taxable","12":"shipping-taxable","13":"purchasable","14":"product-type-simple"},"acf":{"autor":"VIVAS ORTIZ, PERE; CIRLOT VALENZUELA, VICTORIA; AROLA, RAIMON","codart":"848478619","libros-coleccion":"","ediciones":"1","encuadernacion":"Carton\u00e9","fecha_de_publicacion":"01\/09\/2014","novedad":"0","paginas":"200","subtitulo":"SIMBOLISMO \u00b7 SYMBOLISM \u00b7 SIMBOLISME","orden":"999","portada":"0","idioma":"cat","editorial":[{"ID":148898,"post_author":"3","post_date":"2022-10-14 12:01:51","post_date_gmt":"2022-10-14 10:01:51","post_content":"","post_title":"TRIANGLE POSTALS","post_excerpt":"","post_status":"publish","comment_status":"closed","ping_status":"closed","post_password":"","post_name":"triangle-postals","to_ping":"","pinged":"","post_modified":"2022-10-14 12:01:51","post_modified_gmt":"2022-10-14 10:01:51","post_content_filtered":"","post_parent":0,"guid":"http:\/\/dev.claret.cat\/editorial\/triangle-postals\/","menu_order":0,"post_type":"editorial","post_mime_type":"","comment_count":"0","filter":"raw"}],"autores-libros":[{"ID":167641,"post_author":"3","post_date":"2022-10-14 18:12:50","post_date_gmt":"2022-10-14 16:12:50","post_content":"","post_title":"RAIMON AROLA","post_excerpt":"","post_status":"publish","comment_status":"closed","ping_status":"closed","post_password":"","post_name":"raimon-arola","to_ping":"","pinged":"","post_modified":"2022-10-14 18:12:50","post_modified_gmt":"2022-10-14 16:12:50","post_content_filtered":"","post_parent":0,"guid":"http:\/\/dev.claret.cat\/autor\/raimon-arola\/","menu_order":0,"post_type":"autor","post_mime_type":"","comment_count":"0","filter":"raw"},{"ID":167048,"post_author":"3","post_date":"2022-10-14 18:08:07","post_date_gmt":"2022-10-14 16:08:07","post_content":"","post_title":"PERE VIVAS ORTIZ","post_excerpt":"","post_status":"publish","comment_status":"closed","ping_status":"closed","post_password":"","post_name":"pere-vivas-ortiz","to_ping":"","pinged":"","post_modified":"2022-10-14 18:08:07","post_modified_gmt":"2022-10-14 16:08:07","post_content_filtered":"","post_parent":0,"guid":"http:\/\/dev.claret.cat\/autor\/pere-vivas-ortiz\/","menu_order":0,"post_type":"autor","post_mime_type":"","comment_count":"0","filter":"raw"},{"ID":171076,"post_author":"3","post_date":"2022-10-14 22:40:29","post_date_gmt":"2022-10-14 20:40:29","post_content":"","post_title":"VICTORIA CIRLOT VALENZUELA","post_excerpt":"","post_status":"publish","comment_status":"closed","ping_status":"closed","post_password":"","post_name":"victoria-cirlot-valenzuela","to_ping":"","pinged":"","post_modified":"2022-10-14 22:40:29","post_modified_gmt":"2022-10-14 20:40:29","post_content_filtered":"","post_parent":0,"guid":"http:\/\/dev.claret.cat\/autor\/victoria-cirlot-valenzuela\/","menu_order":0,"post_type":"autor","post_mime_type":"","comment_count":"0","filter":"raw"}]},"aioseo_notices":[],"_links":{"self":[{"href":"https:\/\/www.claret.cat\/es\/wp-json\/wp\/v2\/product\/257878","targetHints":{"allow":["GET"]}}],"collection":[{"href":"https:\/\/www.claret.cat\/es\/wp-json\/wp\/v2\/product"}],"about":[{"href":"https:\/\/www.claret.cat\/es\/wp-json\/wp\/v2\/types\/product"}],"wp:featuredmedia":[{"embeddable":true,"href":"https:\/\/www.claret.cat\/es\/wp-json\/wp\/v2\/media\/257879"}],"wp:attachment":[{"href":"https:\/\/www.claret.cat\/es\/wp-json\/wp\/v2\/media?parent=257878"}],"wp:term":[{"taxonomy":"product_brand","embeddable":true,"href":"https:\/\/www.claret.cat\/es\/wp-json\/wp\/v2\/product_brand?post=257878"},{"taxonomy":"product_cat","embeddable":true,"href":"https:\/\/www.claret.cat\/es\/wp-json\/wp\/v2\/product_cat?post=257878"},{"taxonomy":"product_tag","embeddable":true,"href":"https:\/\/www.claret.cat\/es\/wp-json\/wp\/v2\/product_tag?post=257878"}],"curies":[{"name":"wp","href":"https:\/\/api.w.org\/{rel}","templated":true}]}}