{"id":257962,"date":"2022-10-21T12:23:55","date_gmt":"2022-10-21T10:23:55","guid":{"rendered":"http:\/\/dev.claret.cat\/producte\/moda-sostenible-2\/"},"modified":"2023-01-28T19:45:33","modified_gmt":"2023-01-28T18:45:33","slug":"moda-sostenible-9788425227233","status":"publish","type":"product","link":"https:\/\/www.claret.cat\/es\/libro\/moda-sostenible-9788425227233\/","title":{"rendered":"MODA SOSTENIBLE"},"content":{"rendered":"<p>Este libro es una gu\u00eda pr\u00e1ctica para introducir estrategias sostenibles en cada uno de los pasos que configuran el proceso de dise\u00f1o y producci\u00f3n de moda. Partiendo del d\u00eda a d\u00eda del trabajo en la industria de la moda, Alison Gwilt se detiene en las diferentes tareas y en la toma de decisiones que se producen a lo largo del desarrollo de una colecci\u00f3n de moda para ofrecer consejos y alternativas pr\u00e1cticas que apuesten por un enfoque sostenible.<\/p>\n<p> Desde la b\u00fasqueda de la empat\u00eda en el dise\u00f1o y el uso de monomateriales hasta el patronaje con residuo cero o las t\u00e9cnicas de revalorizaci\u00f3n, el libro perfila los impactos medioambientales y sociales relacionados con el ciclo de vida de las prendas y analiza, con un enfoque eminentemente pr\u00e1ctico, las estrategias que los dise\u00f1adores de moda pueden utilizar para evaluarlos durante el proceso de dise\u00f1o. El libro est\u00e1 ilustrado con numerosas fotograf\u00edas y diagramas, e incluye ejemplos y casos pr\u00e1cticos extra\u00eddos de marcas de dise\u00f1o de moda que ya son una referencia a nivel internacional.<\/p>\n","protected":false},"excerpt":{"rendered":"<p>GWILT, ALISON<\/p>\n","protected":false},"featured_media":257963,"template":"","meta":{"_acf_changed":false,"om_disable_all_campaigns":false,"rs_blank_template":"","rs_page_bg_color":"","slide_template_v7":"","inline_featured_image":false,"_monsterinsights_skip_tracking":false,"_monsterinsights_sitenote_active":false,"_monsterinsights_sitenote_note":"","_monsterinsights_sitenote_category":0},"product_brand":[],"product_cat":[101],"product_tag":[],"class_list":{"0":"post-257962","1":"product","2":"type-product","3":"status-publish","4":"has-post-thumbnail","6":"product_cat-manualitats","8":"first","9":"instock","10":"taxable","11":"shipping-taxable","12":"purchasable","13":"product-type-simple"},"acf":{"autor":"GWILT, ALISON","codart":"842522723","libros-coleccion":"SUSHI BOOKS","ediciones":"1","encuadernacion":"R\u00fastica","fecha_de_publicacion":"01\/09\/2014","novedad":"1","paginas":"175","subtitulo":"","orden":"0","portada":"0","idioma":"spa","editorial":[{"ID":147984,"post_author":"3","post_date":"2022-10-14 11:54:44","post_date_gmt":"2022-10-14 09:54:44","post_content":"","post_title":"Editorial Gustavo Gili","post_excerpt":"","post_status":"publish","comment_status":"closed","ping_status":"closed","post_password":"","post_name":"editorial-gustavo-gili","to_ping":"","pinged":"","post_modified":"2022-10-14 11:54:44","post_modified_gmt":"2022-10-14 09:54:44","post_content_filtered":"","post_parent":0,"guid":"http:\/\/dev.claret.cat\/editorial\/editorial-gustavo-gili\/","menu_order":0,"post_type":"editorial","post_mime_type":"","comment_count":"0","filter":"raw"}]},"aioseo_notices":[],"_links":{"self":[{"href":"https:\/\/www.claret.cat\/es\/wp-json\/wp\/v2\/product\/257962","targetHints":{"allow":["GET"]}}],"collection":[{"href":"https:\/\/www.claret.cat\/es\/wp-json\/wp\/v2\/product"}],"about":[{"href":"https:\/\/www.claret.cat\/es\/wp-json\/wp\/v2\/types\/product"}],"wp:featuredmedia":[{"embeddable":true,"href":"https:\/\/www.claret.cat\/es\/wp-json\/wp\/v2\/media\/257963"}],"wp:attachment":[{"href":"https:\/\/www.claret.cat\/es\/wp-json\/wp\/v2\/media?parent=257962"}],"wp:term":[{"taxonomy":"product_brand","embeddable":true,"href":"https:\/\/www.claret.cat\/es\/wp-json\/wp\/v2\/product_brand?post=257962"},{"taxonomy":"product_cat","embeddable":true,"href":"https:\/\/www.claret.cat\/es\/wp-json\/wp\/v2\/product_cat?post=257962"},{"taxonomy":"product_tag","embeddable":true,"href":"https:\/\/www.claret.cat\/es\/wp-json\/wp\/v2\/product_tag?post=257962"}],"curies":[{"name":"wp","href":"https:\/\/api.w.org\/{rel}","templated":true}]}}