{"id":257986,"date":"2022-10-21T12:24:26","date_gmt":"2022-10-21T10:24:26","guid":{"rendered":"http:\/\/dev.claret.cat\/producte\/la-clau-de-les-emocions\/"},"modified":"2023-01-28T03:13:17","modified_gmt":"2023-01-28T02:13:17","slug":"la-clau-de-les-emocions-9788416033232","status":"publish","type":"product","link":"https:\/\/www.claret.cat\/es\/libro\/la-clau-de-les-emocions-9788416033232\/","title":{"rendered":"LA CLAU DE LES EMOCIONS"},"content":{"rendered":"<p>Alguna cosa no va b\u00e9. Des de fa massa temps, l&#8221;Al\u00edcia se sent atrapada en una relaci\u00f3 de parella que no la fa feli\u00e7. Ha deixat de ser ella i cada vegada veu menys els seus amics. L&#8221;amor s&#8221;ha anat esvaint i s&#8221;ha convertit en patiment. Per aix\u00f2 decideix rec\u00f3rrer a l&#8221;Armand Cort\u00e9s, que l&#8221;ajudar\u00e0 a descobrir les tres emocions que la retenen: la pena, la culpa i la por.<\/p>\n<p> La Silvia Congost \u00e9s psic\u00f2loga amb una s\u00f2lida formaci\u00f3 en autoestima i depend\u00e8ncia emocional. Despr\u00e9s d&#8221;ajudar a obrir els ulls a milers de persones que patien relacions t\u00f2xiques amb el llibre &#8221;Cuando amar demasiado es depender&#8221;, ara ens sorpr\u00e8n amb un relat emotiu i real que no ens deixa indiferents. <\/p>\n<p> En aquesta hist\u00f2ria, descobrirem les claus per alliberar-nos de la depend\u00e8ncia emocional, recuperar l&#8221;autoestima i viure les relacions de manera sana, sense patiment ni dolor.<\/p>\n","protected":false},"excerpt":{"rendered":"<p>CONGOST PROVENSAL, SILVIA<\/p>\n","protected":false},"featured_media":257987,"template":"","meta":{"_acf_changed":false,"om_disable_all_campaigns":false,"rs_blank_template":"","rs_page_bg_color":"","slide_template_v7":"","inline_featured_image":false,"_monsterinsights_skip_tracking":false,"_monsterinsights_sitenote_active":false,"_monsterinsights_sitenote_note":"","_monsterinsights_sitenote_category":0},"product_brand":[],"product_cat":[81],"product_tag":[],"class_list":{"0":"post-257986","1":"product","2":"type-product","3":"status-publish","4":"has-post-thumbnail","6":"product_cat-psicologia","8":"first","9":"instock","10":"taxable","11":"shipping-taxable","12":"purchasable","13":"product-type-simple"},"acf":{"autor":"CONGOST PROVENSAL, SILVIA","codart":"841603323","libros-coleccion":"","ediciones":"1","encuadernacion":"R\u00fastica","fecha_de_publicacion":"01\/09\/2014","novedad":"0","paginas":"96","subtitulo":"EL CAM\u00cd PER DESCOBRIR LA LLIBERTAT D''ESTIMAR","orden":"999","portada":"0","idioma":"spa","editorial":[{"ID":147646,"post_author":"3","post_date":"2022-10-14 11:52:10","post_date_gmt":"2022-10-14 09:52:10","post_content":"","post_title":"COMANEGRA","post_excerpt":"","post_status":"publish","comment_status":"closed","ping_status":"closed","post_password":"","post_name":"comanegra","to_ping":"","pinged":"","post_modified":"2022-10-14 11:52:10","post_modified_gmt":"2022-10-14 09:52:10","post_content_filtered":"","post_parent":0,"guid":"http:\/\/dev.claret.cat\/editorial\/comanegra\/","menu_order":0,"post_type":"editorial","post_mime_type":"","comment_count":"0","filter":"raw"}],"autores-libros":[{"ID":169495,"post_author":"3","post_date":"2022-10-14 22:27:41","post_date_gmt":"2022-10-14 20:27:41","post_content":"","post_title":"SILVIA CONGOST PROVENSAL","post_excerpt":"","post_status":"publish","comment_status":"closed","ping_status":"closed","post_password":"","post_name":"silvia-congost-provensal","to_ping":"","pinged":"","post_modified":"2022-10-14 22:27:41","post_modified_gmt":"2022-10-14 20:27:41","post_content_filtered":"","post_parent":0,"guid":"http:\/\/dev.claret.cat\/autor\/silvia-congost-provensal\/","menu_order":0,"post_type":"autor","post_mime_type":"","comment_count":"0","filter":"raw"}]},"aioseo_notices":[],"_links":{"self":[{"href":"https:\/\/www.claret.cat\/es\/wp-json\/wp\/v2\/product\/257986","targetHints":{"allow":["GET"]}}],"collection":[{"href":"https:\/\/www.claret.cat\/es\/wp-json\/wp\/v2\/product"}],"about":[{"href":"https:\/\/www.claret.cat\/es\/wp-json\/wp\/v2\/types\/product"}],"wp:featuredmedia":[{"embeddable":true,"href":"https:\/\/www.claret.cat\/es\/wp-json\/wp\/v2\/media\/257987"}],"wp:attachment":[{"href":"https:\/\/www.claret.cat\/es\/wp-json\/wp\/v2\/media?parent=257986"}],"wp:term":[{"taxonomy":"product_brand","embeddable":true,"href":"https:\/\/www.claret.cat\/es\/wp-json\/wp\/v2\/product_brand?post=257986"},{"taxonomy":"product_cat","embeddable":true,"href":"https:\/\/www.claret.cat\/es\/wp-json\/wp\/v2\/product_cat?post=257986"},{"taxonomy":"product_tag","embeddable":true,"href":"https:\/\/www.claret.cat\/es\/wp-json\/wp\/v2\/product_tag?post=257986"}],"curies":[{"name":"wp","href":"https:\/\/api.w.org\/{rel}","templated":true}]}}