{"id":257989,"date":"2022-10-21T12:24:30","date_gmt":"2022-10-21T10:24:30","guid":{"rendered":"http:\/\/dev.claret.cat\/producte\/la-llave-de-las-emociones\/"},"modified":"2023-01-28T12:08:06","modified_gmt":"2023-01-28T11:08:06","slug":"la-llave-de-las-emociones-9788416033249","status":"publish","type":"product","link":"https:\/\/www.claret.cat\/es\/libro\/la-llave-de-las-emociones-9788416033249\/","title":{"rendered":"LA LLAVE DE LAS EMOCIONES"},"content":{"rendered":"<p>Hay algo que no funciona. Desde hace demasiado tiempo, Alicia se siente atrapada en una relaci\u00f3n de pareja que no la hace feliz. Ha dejado de ser ella y cada vez ve menos a sus amigos. El amor se ha ido desvaneciendo y se ha convertido en sufrimiento. Por esta raz\u00f3n decide recorrer a Armando Cort\u00e9s, que la ayudar\u00e1 a descubrir las tres emociones que la retienen: la pena, la culpa y el miedo. <\/p>\n<p> Silvia Congost es psic\u00f3loga con una s\u00f3lida formaci\u00f3n en autoestima y dependencia emocional. Despu\u00e9s de ayudar a abrir los ojos a miles de personas que sufr\u00edan relaciones t\u00f3xicas con el libro &#8221;Cuando amar demasiado es depender&#8221;, ahora nos sorprende con un relato emotivo y real que no nos deja indiferentes.<\/p>\n<p> En esta historia, descubrimos las claves para liberarnos de la dependencia emocional, recuperar la autoestima y vivir las relaciones de forma sana, sin sufrimiento ni dolor.<\/p>\n","protected":false},"excerpt":{"rendered":"<p>CONGOST PROVENSAL, SILVIA<\/p>\n","protected":false},"featured_media":277466,"template":"","meta":{"_acf_changed":false,"om_disable_all_campaigns":false,"rs_blank_template":"","rs_page_bg_color":"","slide_template_v7":"","inline_featured_image":false,"_monsterinsights_skip_tracking":false,"_monsterinsights_sitenote_active":false,"_monsterinsights_sitenote_note":"","_monsterinsights_sitenote_category":0},"product_brand":[],"product_cat":[90,540],"product_tag":[],"class_list":{"0":"post-257989","1":"product","2":"type-product","3":"status-publish","4":"has-post-thumbnail","6":"product_cat-altres","7":"product_cat-otros","9":"first","10":"instock","11":"taxable","12":"shipping-taxable","13":"purchasable","14":"product-type-simple"},"acf":{"autor":"CONGOST PROVENSAL, SILVIA","codart":"841603324","libros-coleccion":"","ediciones":"1","encuadernacion":"R\u00fastica","fecha_de_publicacion":"01\/09\/2014","novedad":"0","paginas":"0","subtitulo":"EL CAMINO PARA DESCUBRIR LA LIBERTAD DE AMAR","orden":"999","portada":"0","idioma":"spa","editorial":[{"ID":147646,"post_author":"3","post_date":"2022-10-14 11:52:10","post_date_gmt":"2022-10-14 09:52:10","post_content":"","post_title":"COMANEGRA","post_excerpt":"","post_status":"publish","comment_status":"closed","ping_status":"closed","post_password":"","post_name":"comanegra","to_ping":"","pinged":"","post_modified":"2022-10-14 11:52:10","post_modified_gmt":"2022-10-14 09:52:10","post_content_filtered":"","post_parent":0,"guid":"http:\/\/dev.claret.cat\/editorial\/comanegra\/","menu_order":0,"post_type":"editorial","post_mime_type":"","comment_count":"0","filter":"raw"}],"autores-libros":[{"ID":169495,"post_author":"3","post_date":"2022-10-14 22:27:41","post_date_gmt":"2022-10-14 20:27:41","post_content":"","post_title":"SILVIA CONGOST PROVENSAL","post_excerpt":"","post_status":"publish","comment_status":"closed","ping_status":"closed","post_password":"","post_name":"silvia-congost-provensal","to_ping":"","pinged":"","post_modified":"2022-10-14 22:27:41","post_modified_gmt":"2022-10-14 20:27:41","post_content_filtered":"","post_parent":0,"guid":"http:\/\/dev.claret.cat\/autor\/silvia-congost-provensal\/","menu_order":0,"post_type":"autor","post_mime_type":"","comment_count":"0","filter":"raw"}]},"aioseo_notices":[],"_links":{"self":[{"href":"https:\/\/www.claret.cat\/es\/wp-json\/wp\/v2\/product\/257989","targetHints":{"allow":["GET"]}}],"collection":[{"href":"https:\/\/www.claret.cat\/es\/wp-json\/wp\/v2\/product"}],"about":[{"href":"https:\/\/www.claret.cat\/es\/wp-json\/wp\/v2\/types\/product"}],"wp:featuredmedia":[{"embeddable":true,"href":"https:\/\/www.claret.cat\/es\/wp-json\/wp\/v2\/media\/277466"}],"wp:attachment":[{"href":"https:\/\/www.claret.cat\/es\/wp-json\/wp\/v2\/media?parent=257989"}],"wp:term":[{"taxonomy":"product_brand","embeddable":true,"href":"https:\/\/www.claret.cat\/es\/wp-json\/wp\/v2\/product_brand?post=257989"},{"taxonomy":"product_cat","embeddable":true,"href":"https:\/\/www.claret.cat\/es\/wp-json\/wp\/v2\/product_cat?post=257989"},{"taxonomy":"product_tag","embeddable":true,"href":"https:\/\/www.claret.cat\/es\/wp-json\/wp\/v2\/product_tag?post=257989"}],"curies":[{"name":"wp","href":"https:\/\/api.w.org\/{rel}","templated":true}]}}