{"id":258013,"date":"2022-10-21T12:25:03","date_gmt":"2022-10-21T10:25:03","guid":{"rendered":"http:\/\/dev.claret.cat\/producte\/el-petit-os-polar-torna-aviat-lars\/"},"modified":"2023-01-28T20:10:48","modified_gmt":"2023-01-28T19:10:48","slug":"el-petit-os-polar-torna-aviat-lars-9788499755281","status":"publish","type":"product","link":"https:\/\/www.claret.cat\/es\/libro\/el-petit-os-polar-torna-aviat-lars-9788499755281\/","title":{"rendered":"EL PETIT \u00d3S POLAR: TORNA AVIAT, LARS"},"content":{"rendered":"<p>En Lars, el petit \u00f3s polar, fa un viatge sense voler. Mentre s&#8221;estava banyant feli\u00e7 al mar, una xarxa de pesca se l&#8221;emporta dins un vaixell. All\u00e0 dins pot alliberar-se i coneix Nemo, un gat p\u00e8l-roig que viatja a bord. El nou amic sap de quina manera en Lars pot tornar al pol Nord amb els seus pares.<\/p>\n","protected":false},"excerpt":{"rendered":"<p>DE BEER, HANS<\/p>\n","protected":false},"featured_media":258014,"template":"","meta":{"_acf_changed":false,"om_disable_all_campaigns":false,"rs_blank_template":"","rs_page_bg_color":"","slide_template_v7":"","inline_featured_image":false,"_monsterinsights_skip_tracking":false,"_monsterinsights_sitenote_active":false,"_monsterinsights_sitenote_note":"","_monsterinsights_sitenote_category":0},"product_brand":[],"product_cat":[16],"product_tag":[],"class_list":{"0":"post-258013","1":"product","2":"type-product","3":"status-publish","4":"has-post-thumbnail","6":"product_cat-sense-categoria","8":"first","9":"instock","10":"taxable","11":"shipping-taxable","12":"purchasable","13":"product-type-simple"},"acf":{"autor":"DE BEER, HANS","codart":"849975528","libros-coleccion":"FORA DE COL.LECCI\u00d3","ediciones":"1","encuadernacion":"R\u00fastica","fecha_de_publicacion":"01\/09\/2014","novedad":"0","paginas":"22","subtitulo":"","orden":"999","portada":"0","idioma":"spa","editorial":[{"ID":6322,"post_author":"3","post_date":"2022-07-28 17:49:42","post_date_gmt":"2022-07-28 15:49:42","post_content":"","post_title":"PAG\u00c8S EDITORS","post_excerpt":"","post_status":"publish","comment_status":"closed","ping_status":"closed","post_password":"","post_name":"pages-editors","to_ping":"","pinged":"","post_modified":"2022-07-28 17:49:42","post_modified_gmt":"2022-07-28 15:49:42","post_content_filtered":"","post_parent":0,"guid":"http:\/\/dev.claret.cat\/editorial\/pages-editors\/","menu_order":0,"post_type":"editorial","post_mime_type":"","comment_count":"0","filter":"raw"}]},"aioseo_notices":[],"_links":{"self":[{"href":"https:\/\/www.claret.cat\/es\/wp-json\/wp\/v2\/product\/258013","targetHints":{"allow":["GET"]}}],"collection":[{"href":"https:\/\/www.claret.cat\/es\/wp-json\/wp\/v2\/product"}],"about":[{"href":"https:\/\/www.claret.cat\/es\/wp-json\/wp\/v2\/types\/product"}],"wp:featuredmedia":[{"embeddable":true,"href":"https:\/\/www.claret.cat\/es\/wp-json\/wp\/v2\/media\/258014"}],"wp:attachment":[{"href":"https:\/\/www.claret.cat\/es\/wp-json\/wp\/v2\/media?parent=258013"}],"wp:term":[{"taxonomy":"product_brand","embeddable":true,"href":"https:\/\/www.claret.cat\/es\/wp-json\/wp\/v2\/product_brand?post=258013"},{"taxonomy":"product_cat","embeddable":true,"href":"https:\/\/www.claret.cat\/es\/wp-json\/wp\/v2\/product_cat?post=258013"},{"taxonomy":"product_tag","embeddable":true,"href":"https:\/\/www.claret.cat\/es\/wp-json\/wp\/v2\/product_tag?post=258013"}],"curies":[{"name":"wp","href":"https:\/\/api.w.org\/{rel}","templated":true}]}}