{"id":258094,"date":"2022-10-21T12:26:59","date_gmt":"2022-10-21T10:26:59","guid":{"rendered":"http:\/\/dev.claret.cat\/producte\/acerca-de-comer-carne\/"},"modified":"2023-01-28T13:17:58","modified_gmt":"2023-01-28T12:17:58","slug":"acerca-de-comer-carne-9788497169073","status":"publish","type":"product","link":"https:\/\/www.claret.cat\/es\/libro\/acerca-de-comer-carne-9788497169073\/","title":{"rendered":"ACERCA DE COMER CARNE"},"content":{"rendered":"<p>\u00abMe preguntas por qu\u00e9 raz\u00f3n Pit\u00e1goras se absten\u00eda de comer carne, pero yo me pregunto, m\u00e1s bien, cu\u00e1l era el sentimiento, el estado mental o an\u00edmico del hombre que por primera vez se acerc\u00f3 a la boca una carne asesinada\u00bb.<br \/>En los dos breves tratados que presentamos, el fil\u00f3sofo Plutarco reflexiona sobre dos cuestiones que a primera vista quiz\u00e1 pueden parecer un poco ins\u00f3litas pero que inciden plenamente en la idea que los hombres nos hacemos de los animales y que definen nuestra relaci\u00f3n con ellos. En el primer tratado, Plutarco se interroga sobre lo que llama el valor, la raz\u00f3n o el placer que permite al hombre matar y despu\u00e9s comer a los animales, es decir, en suma, sobre qu\u00e9 es lo que hace gozar al hombre de comer carne. Plutarco, aunque no es vegetariano como Pit\u00e1goras, considera que \u00abcomer carne no s\u00f3lo es contrario a la naturaleza de los cuerpos, sino que tambi\u00e9n, por saciedad y hartura, engorda y espesa las almas\u00bb, pues la alimentaci\u00f3n del cuerpo afecta decisivamente a la calidad del alma. El segundo tratado consiste en un di\u00e1logo entre Ulises y un hombre convertido en cerdo por la maga Circe en el que Plutarco, por boca del animal, muestra que el alma de los animales es virtuosa y totalmente conforme a las leyes de la naturaleza.<\/p>\n","protected":false},"excerpt":{"rendered":"<p>PLUTARCO<\/p>\n","protected":false},"featured_media":258095,"template":"","meta":{"_acf_changed":false,"om_disable_all_campaigns":false,"rs_blank_template":"","rs_page_bg_color":"","slide_template_v7":"","inline_featured_image":false,"_monsterinsights_skip_tracking":false,"_monsterinsights_sitenote_active":false,"_monsterinsights_sitenote_note":"","_monsterinsights_sitenote_category":0},"product_brand":[],"product_cat":[16],"product_tag":[],"class_list":{"0":"post-258094","1":"product","2":"type-product","3":"status-publish","4":"has-post-thumbnail","6":"product_cat-sense-categoria","8":"first","9":"instock","10":"taxable","11":"shipping-taxable","12":"purchasable","13":"product-type-simple"},"acf":{"autor":"PLUTARCO","codart":"849716907","libros-coleccion":"LOS PEQUE\u00d1OS LIBROS DE LA SABIDURIA","ediciones":"1","encuadernacion":"R\u00fastica","fecha_de_publicacion":"01\/09\/2014","novedad":"1","paginas":"80","subtitulo":"SEGUIDO DE LOS ANIMALES UTILIZAN LA RAZ\u00d3N","orden":"0","portada":"0","idioma":"spa","editorial":[{"ID":6273,"post_author":"3","post_date":"2022-07-28 17:48:39","post_date_gmt":"2022-07-28 15:48:39","post_content":"","post_title":"Jos\u00e9 J. Ola\u00f1eta Editor","post_excerpt":"","post_status":"publish","comment_status":"closed","ping_status":"closed","post_password":"","post_name":"jose-j-olaneta-editor","to_ping":"","pinged":"","post_modified":"2022-07-28 17:48:39","post_modified_gmt":"2022-07-28 15:48:39","post_content_filtered":"","post_parent":0,"guid":"http:\/\/dev.claret.cat\/editorial\/jose-j-olaneta-editor\/","menu_order":0,"post_type":"editorial","post_mime_type":"","comment_count":"0","filter":"raw"}],"autores-libros":[{"ID":167371,"post_author":"3","post_date":"2022-10-14 18:10:40","post_date_gmt":"2022-10-14 16:10:40","post_content":"","post_title":"PLUTARCO","post_excerpt":"","post_status":"publish","comment_status":"closed","ping_status":"closed","post_password":"","post_name":"plutarco","to_ping":"","pinged":"","post_modified":"2022-10-14 18:10:40","post_modified_gmt":"2022-10-14 16:10:40","post_content_filtered":"","post_parent":0,"guid":"http:\/\/dev.claret.cat\/autor\/plutarco\/","menu_order":0,"post_type":"autor","post_mime_type":"","comment_count":"0","filter":"raw"}]},"aioseo_notices":[],"_links":{"self":[{"href":"https:\/\/www.claret.cat\/es\/wp-json\/wp\/v2\/product\/258094","targetHints":{"allow":["GET"]}}],"collection":[{"href":"https:\/\/www.claret.cat\/es\/wp-json\/wp\/v2\/product"}],"about":[{"href":"https:\/\/www.claret.cat\/es\/wp-json\/wp\/v2\/types\/product"}],"wp:featuredmedia":[{"embeddable":true,"href":"https:\/\/www.claret.cat\/es\/wp-json\/wp\/v2\/media\/258095"}],"wp:attachment":[{"href":"https:\/\/www.claret.cat\/es\/wp-json\/wp\/v2\/media?parent=258094"}],"wp:term":[{"taxonomy":"product_brand","embeddable":true,"href":"https:\/\/www.claret.cat\/es\/wp-json\/wp\/v2\/product_brand?post=258094"},{"taxonomy":"product_cat","embeddable":true,"href":"https:\/\/www.claret.cat\/es\/wp-json\/wp\/v2\/product_cat?post=258094"},{"taxonomy":"product_tag","embeddable":true,"href":"https:\/\/www.claret.cat\/es\/wp-json\/wp\/v2\/product_tag?post=258094"}],"curies":[{"name":"wp","href":"https:\/\/api.w.org\/{rel}","templated":true}]}}