{"id":258100,"date":"2022-10-21T12:27:07","date_gmt":"2022-10-21T10:27:07","guid":{"rendered":"http:\/\/dev.claret.cat\/producte\/don-quijote-de-la-mancha-2-2\/"},"modified":"2023-01-28T21:10:16","modified_gmt":"2023-01-28T20:10:16","slug":"don-quijote-de-la-mancha-2-9788420689548","status":"publish","type":"product","link":"https:\/\/www.claret.cat\/es\/libro\/don-quijote-de-la-mancha-2-9788420689548\/","title":{"rendered":"DON QUIJOTE DE LA MANCHA, 2"},"content":{"rendered":"<p>Si bien Miguel de Cervantes (1547-1616) gustaba de presentarlo como &#8216;la historia de un hijo seco y avellanado&#8217;, el &#8216;Quijote&#8217; es la obra cumbre de su labor literaria, uno de los libros fundamentales de la cultura universal y, como novela, la m\u00e1s grande de todos los tiempos y aquella en que hunde sus ra\u00edces la narrativa moderna. La presente edici\u00f3n, precedida de una esclarecedora introducci\u00f3n de Antonio Rey que sit\u00faa la obra dentro del contexto de la vida de su autor y de la \u00e9poca en que fue escrita, ha corrido a cargo de Florencio Sevilla, quien se ha guiado por un criterio de absoluta fidelidad al texto de la pr\u00edncipe, a fin de ofrecer un &#8216;Quijote&#8217; lo m\u00e1s pr\u00f3ximo posible al original que Cervantes concibiera.<\/p>\n","protected":false},"excerpt":{"rendered":"<p>CERVANTES, MIGUEL DE<\/p>\n","protected":false},"featured_media":258101,"template":"","meta":{"_acf_changed":false,"om_disable_all_campaigns":false,"rs_blank_template":"","rs_page_bg_color":"","slide_template_v7":"","inline_featured_image":false,"_monsterinsights_skip_tracking":false,"_monsterinsights_sitenote_active":false,"_monsterinsights_sitenote_note":"","_monsterinsights_sitenote_category":0},"product_brand":[],"product_cat":[87],"product_tag":[],"class_list":{"0":"post-258100","1":"product","2":"type-product","3":"status-publish","4":"has-post-thumbnail","6":"product_cat-literatura","8":"first","9":"instock","10":"taxable","11":"shipping-taxable","12":"purchasable","13":"product-type-simple"},"acf":{"autor":"CERVANTES, MIGUEL DE","codart":"842068954","libros-coleccion":"FORA DE COL.LECCI\u00d3","ediciones":"1","encuadernacion":"R\u00fastica","fecha_de_publicacion":"01\/09\/2014","novedad":"1","paginas":"835","subtitulo":"","orden":"0","portada":"0","idioma":"spa","editorial":[{"ID":6119,"post_author":"3","post_date":"2022-07-28 17:45:18","post_date_gmt":"2022-07-28 15:45:18","post_content":"","post_title":"Alianza Editorial","post_excerpt":"","post_status":"publish","comment_status":"closed","ping_status":"closed","post_password":"","post_name":"alianza-editorial","to_ping":"","pinged":"","post_modified":"2022-07-28 17:45:18","post_modified_gmt":"2022-07-28 15:45:18","post_content_filtered":"","post_parent":0,"guid":"http:\/\/dev.claret.cat\/editorial\/alianza-editorial\/","menu_order":0,"post_type":"editorial","post_mime_type":"","comment_count":"0","filter":"raw"}],"autores-libros":[{"ID":164978,"post_author":"3","post_date":"2022-10-14 17:51:25","post_date_gmt":"2022-10-14 15:51:25","post_content":"","post_title":"MIGUEL DE CERVANTES","post_excerpt":"","post_status":"publish","comment_status":"closed","ping_status":"closed","post_password":"","post_name":"miguel-de-cervantes","to_ping":"","pinged":"","post_modified":"2022-10-14 17:51:25","post_modified_gmt":"2022-10-14 15:51:25","post_content_filtered":"","post_parent":0,"guid":"http:\/\/dev.claret.cat\/autor\/miguel-de-cervantes\/","menu_order":0,"post_type":"autor","post_mime_type":"","comment_count":"0","filter":"raw"}]},"aioseo_notices":[],"_links":{"self":[{"href":"https:\/\/www.claret.cat\/es\/wp-json\/wp\/v2\/product\/258100","targetHints":{"allow":["GET"]}}],"collection":[{"href":"https:\/\/www.claret.cat\/es\/wp-json\/wp\/v2\/product"}],"about":[{"href":"https:\/\/www.claret.cat\/es\/wp-json\/wp\/v2\/types\/product"}],"wp:featuredmedia":[{"embeddable":true,"href":"https:\/\/www.claret.cat\/es\/wp-json\/wp\/v2\/media\/258101"}],"wp:attachment":[{"href":"https:\/\/www.claret.cat\/es\/wp-json\/wp\/v2\/media?parent=258100"}],"wp:term":[{"taxonomy":"product_brand","embeddable":true,"href":"https:\/\/www.claret.cat\/es\/wp-json\/wp\/v2\/product_brand?post=258100"},{"taxonomy":"product_cat","embeddable":true,"href":"https:\/\/www.claret.cat\/es\/wp-json\/wp\/v2\/product_cat?post=258100"},{"taxonomy":"product_tag","embeddable":true,"href":"https:\/\/www.claret.cat\/es\/wp-json\/wp\/v2\/product_tag?post=258100"}],"curies":[{"name":"wp","href":"https:\/\/api.w.org\/{rel}","templated":true}]}}