{"id":258103,"date":"2022-10-21T12:27:11","date_gmt":"2022-10-21T10:27:11","guid":{"rendered":"http:\/\/dev.claret.cat\/producte\/libro-de-poemas\/"},"modified":"2023-01-28T04:26:03","modified_gmt":"2023-01-28T03:26:03","slug":"libro-de-poemas-9788420689616","status":"publish","type":"product","link":"https:\/\/www.claret.cat\/es\/libro\/libro-de-poemas-9788420689616\/","title":{"rendered":"LIBRO DE POEMAS"},"content":{"rendered":"<p>Para su primer libro po\u00e9tico, Federico Garc\u00eda Lorca (1898-1936) poda ramas y follaje de su frondoso \u00e1rbol l\u00edrico, como \u00e9l gustaba decir, y entrega a la imprenta la colecci\u00f3n m\u00e1s amplia de las que public\u00f3. El sentimental, vehemente, ir\u00f3nico &#8216;Libro de poemas&#8217; (1921) registra los mundos de introspecci\u00f3n del joven poeta con plasticidad metaf\u00f3rica y desgarrado acento eleg\u00edaco. La introducci\u00f3n a este volumen establece un sugestivo an\u00e1lisis biogr\u00e1fico del autor, mientras que un riguroso aparato de notas desenmara\u00f1a la compleja problem\u00e1tica de la edici\u00f3n de la poes\u00eda lorquiana.<\/p>\n","protected":false},"excerpt":{"rendered":"<p>GARC\u00cdA LORCA, FEDERICO<\/p>\n","protected":false},"featured_media":258104,"template":"","meta":{"_acf_changed":false,"om_disable_all_campaigns":false,"rs_blank_template":"","rs_page_bg_color":"","slide_template_v7":"","inline_featured_image":false,"_monsterinsights_skip_tracking":false,"_monsterinsights_sitenote_active":false,"_monsterinsights_sitenote_note":"","_monsterinsights_sitenote_category":0},"product_brand":[],"product_cat":[87],"product_tag":[],"class_list":{"0":"post-258103","1":"product","2":"type-product","3":"status-publish","4":"has-post-thumbnail","6":"product_cat-literatura","8":"first","9":"instock","10":"taxable","11":"shipping-taxable","12":"purchasable","13":"product-type-simple"},"acf":{"autor":"GARC\u00cdA LORCA, FEDERICO","codart":"842068961","libros-coleccion":"","ediciones":"1","encuadernacion":"R\u00fastica","fecha_de_publicacion":"01\/09\/2014","novedad":"0","paginas":"271","subtitulo":"1918-1920","orden":"999","portada":"0","idioma":"spa","editorial":[{"ID":147398,"post_author":"3","post_date":"2022-10-14 11:50:16","post_date_gmt":"2022-10-14 09:50:16","post_content":"","post_title":"ALIANZA EDITORIAL, S. A.","post_excerpt":"","post_status":"publish","comment_status":"closed","ping_status":"closed","post_password":"","post_name":"alianza-editorial-s-a","to_ping":"","pinged":"","post_modified":"2022-10-14 11:50:16","post_modified_gmt":"2022-10-14 09:50:16","post_content_filtered":"","post_parent":0,"guid":"http:\/\/dev.claret.cat\/editorial\/alianza-editorial-s-a\/","menu_order":0,"post_type":"editorial","post_mime_type":"","comment_count":"0","filter":"raw"}],"autores-libros":[{"ID":155689,"post_author":"3","post_date":"2022-10-14 15:14:50","post_date_gmt":"2022-10-14 13:14:50","post_content":"","post_title":"FEDERICO GARC\u00cdA LORCA","post_excerpt":"","post_status":"publish","comment_status":"closed","ping_status":"closed","post_password":"","post_name":"federico-garcia-lorca","to_ping":"","pinged":"","post_modified":"2022-10-14 15:14:50","post_modified_gmt":"2022-10-14 13:14:50","post_content_filtered":"","post_parent":0,"guid":"http:\/\/dev.claret.cat\/autor\/federico-garcia-lorca\/","menu_order":0,"post_type":"autor","post_mime_type":"","comment_count":"0","filter":"raw"}]},"aioseo_notices":[],"_links":{"self":[{"href":"https:\/\/www.claret.cat\/es\/wp-json\/wp\/v2\/product\/258103","targetHints":{"allow":["GET"]}}],"collection":[{"href":"https:\/\/www.claret.cat\/es\/wp-json\/wp\/v2\/product"}],"about":[{"href":"https:\/\/www.claret.cat\/es\/wp-json\/wp\/v2\/types\/product"}],"wp:featuredmedia":[{"embeddable":true,"href":"https:\/\/www.claret.cat\/es\/wp-json\/wp\/v2\/media\/258104"}],"wp:attachment":[{"href":"https:\/\/www.claret.cat\/es\/wp-json\/wp\/v2\/media?parent=258103"}],"wp:term":[{"taxonomy":"product_brand","embeddable":true,"href":"https:\/\/www.claret.cat\/es\/wp-json\/wp\/v2\/product_brand?post=258103"},{"taxonomy":"product_cat","embeddable":true,"href":"https:\/\/www.claret.cat\/es\/wp-json\/wp\/v2\/product_cat?post=258103"},{"taxonomy":"product_tag","embeddable":true,"href":"https:\/\/www.claret.cat\/es\/wp-json\/wp\/v2\/product_tag?post=258103"}],"curies":[{"name":"wp","href":"https:\/\/api.w.org\/{rel}","templated":true}]}}