{"id":258256,"date":"2022-10-21T12:31:09","date_gmt":"2022-10-21T10:31:09","guid":{"rendered":"http:\/\/dev.claret.cat\/producte\/el-sacerdote-inmaduro\/"},"modified":"2024-05-24T06:44:08","modified_gmt":"2024-05-24T04:44:08","slug":"el-sacerdote-inmaduro-9788430118700","status":"publish","type":"product","link":"https:\/\/www.claret.cat\/es\/libro\/el-sacerdote-inmaduro-9788430118700\/","title":{"rendered":"EL SACERDOTE INMADURO"},"content":{"rendered":"<p>El evangelio no exige a los seguidores de Jes\u00fas la madurez, sino la santidad, que es algo bien distinto. De hecho, no pocos de los santos de ayer y de hoy han tenido una psicolog\u00eda \u00abparticular\u00bb, la cual no les ha impedido avanzar en el camino de la perfecci\u00f3n evang\u00e9lica. El verdadero creyente asume, adem\u00e1s, que en las m\u00faltiples dimensiones de lo vivido siempre permanecer\u00e1 un resto misterioso y aparentemente contradictorio.<\/p>\n<p>A lo largo de estas p\u00e1ginas, en las que se intenta armonizar la perspectiva psicol\u00f3gica y la espiritual, el autor invita a reflexionar sobre algunas experiencias vitales a partir de diez palabras significativas. As\u00ed, piensa que de la \u00abansiedad\u00bb, la \u00absoledad\u00bb o la \u00abtentaci\u00f3n\u00bb se puede obtener algo bueno para nuestro camino espiritual; y que tanto la \u00aboraci\u00f3n\u00bb y la \u00abbelleza\u00bb, como la \u00abvisi\u00f3n\u00bb y la \u00abpertenencia\u00bb pueden ser iluminadas por la experiencia de nuestra inmadurez.<\/p>\n<p>La imagen que se obtiene de la vocaci\u00f3n es consoladora, aunque sin negar en absoluto la responsabilidad y el esfuerzo que requiere la misi\u00f3n apost\u00f3lica, bajo el signo permanente de la gracia.<\/p>\n","protected":false},"excerpt":{"rendered":"<p>GUARINELLI, STEFANO<\/p>\n","protected":false},"featured_media":341987,"template":"","meta":{"_acf_changed":false,"om_disable_all_campaigns":false,"rs_blank_template":"","rs_page_bg_color":"","slide_template_v7":"","inline_featured_image":false,"_monsterinsights_skip_tracking":false,"_monsterinsights_sitenote_active":false,"_monsterinsights_sitenote_note":"","_monsterinsights_sitenote_category":0},"product_brand":[],"product_cat":[78,344],"product_tag":[],"class_list":{"0":"post-258256","1":"product","2":"type-product","3":"status-publish","4":"has-post-thumbnail","6":"product_cat-pastoral","7":"product_cat-pastoral-1_espiritualidad","9":"first","10":"instock","11":"taxable","12":"shipping-taxable","13":"purchasable","14":"product-type-simple"},"acf":{"autor":"GUARINELLI, STEFANO","codart":"843011870","libros-coleccion":"","ediciones":"1","encuadernacion":"R\u00fastica","fecha_de_publicacion":"04\/07\/2014","novedad":"0","paginas":"192","subtitulo":"UN ITINERARIO ESPIRITUAL","orden":"999","portada":"0","idioma":"spa","editorial":[{"ID":6364,"post_author":"3","post_date":"2022-07-28 17:50:36","post_date_gmt":"2022-07-28 15:50:36","post_content":"","post_title":"S\u00edgueme","post_excerpt":"","post_status":"publish","comment_status":"closed","ping_status":"closed","post_password":"","post_name":"sigueme","to_ping":"","pinged":"","post_modified":"2022-07-28 17:50:36","post_modified_gmt":"2022-07-28 15:50:36","post_content_filtered":"","post_parent":0,"guid":"http:\/\/dev.claret.cat\/editorial\/sigueme\/","menu_order":0,"post_type":"editorial","post_mime_type":"","comment_count":"0","filter":"raw"}],"autores-libros":[{"ID":293051,"post_author":"3","post_date":"2022-12-11 02:24:04","post_date_gmt":"2022-12-11 01:24:04","post_content":"","post_title":"STEFANO GUARINELLI","post_excerpt":"","post_status":"publish","comment_status":"closed","ping_status":"closed","post_password":"","post_name":"stefano-guarinelli","to_ping":"","pinged":"","post_modified":"2022-12-11 02:24:04","post_modified_gmt":"2022-12-11 01:24:04","post_content_filtered":"","post_parent":0,"guid":"http:\/\/dev.claret.cat\/autor\/stefano-guarinelli\/","menu_order":0,"post_type":"autor","post_mime_type":"","comment_count":"0","filter":"raw"}]},"aioseo_notices":[],"_links":{"self":[{"href":"https:\/\/www.claret.cat\/es\/wp-json\/wp\/v2\/product\/258256","targetHints":{"allow":["GET"]}}],"collection":[{"href":"https:\/\/www.claret.cat\/es\/wp-json\/wp\/v2\/product"}],"about":[{"href":"https:\/\/www.claret.cat\/es\/wp-json\/wp\/v2\/types\/product"}],"wp:featuredmedia":[{"embeddable":true,"href":"https:\/\/www.claret.cat\/es\/wp-json\/wp\/v2\/media\/341987"}],"wp:attachment":[{"href":"https:\/\/www.claret.cat\/es\/wp-json\/wp\/v2\/media?parent=258256"}],"wp:term":[{"taxonomy":"product_brand","embeddable":true,"href":"https:\/\/www.claret.cat\/es\/wp-json\/wp\/v2\/product_brand?post=258256"},{"taxonomy":"product_cat","embeddable":true,"href":"https:\/\/www.claret.cat\/es\/wp-json\/wp\/v2\/product_cat?post=258256"},{"taxonomy":"product_tag","embeddable":true,"href":"https:\/\/www.claret.cat\/es\/wp-json\/wp\/v2\/product_tag?post=258256"}],"curies":[{"name":"wp","href":"https:\/\/api.w.org\/{rel}","templated":true}]}}