{"id":258331,"date":"2022-10-21T12:33:07","date_gmt":"2022-10-21T10:33:07","guid":{"rendered":"http:\/\/dev.claret.cat\/producte\/las-aventuras-de-huckleberry-finn-7\/"},"modified":"2023-01-28T06:54:04","modified_gmt":"2023-01-28T05:54:04","slug":"las-aventuras-de-huckleberry-finn-9788426141057","status":"publish","type":"product","link":"https:\/\/www.claret.cat\/es\/libro\/las-aventuras-de-huckleberry-finn-9788426141057\/","title":{"rendered":"LAS AVENTURAS DE HUCKLEBERRY FINN"},"content":{"rendered":"<p>Huckleberry Finn quiere escapar de su padre, un alcoh\u00f3lico violento, y de todos aquellos que no quieren hacerle ir por el buen camino. En su huida se encuentra con Jim, un esclavo negro fugitivo que intenta llegar a un estado abolicionista para conseguir la libertad. Si bien Tom Sawyer solo aparece en los \u00faltimos cap\u00edtulos, est\u00e1 omnipresente en Huck como ideal de comportamiento. Esta obra fue uno de los primeros alegatos abolicionistas, y hoy en d\u00eda sigue siendo una de las m\u00e1s bellas alegor\u00edas de la libertad.<\/p>\n","protected":false},"excerpt":{"rendered":"<p>TWAIN, MARK<\/p>\n","protected":false},"featured_media":258332,"template":"","meta":{"_acf_changed":false,"om_disable_all_campaigns":false,"rs_blank_template":"","rs_page_bg_color":"","slide_template_v7":"","inline_featured_image":false,"_monsterinsights_skip_tracking":false,"_monsterinsights_sitenote_active":false,"_monsterinsights_sitenote_note":"","_monsterinsights_sitenote_category":0},"product_brand":[],"product_cat":[16],"product_tag":[],"class_list":{"0":"post-258331","1":"product","2":"type-product","3":"status-publish","4":"has-post-thumbnail","6":"product_cat-sense-categoria","8":"first","9":"instock","10":"taxable","11":"shipping-taxable","12":"purchasable","13":"product-type-simple"},"acf":{"autor":"TWAIN, MARK","codart":"842614105","libros-coleccion":"","ediciones":"1","encuadernacion":"R\u00fastica","fecha_de_publicacion":"01\/07\/2014","novedad":"0","paginas":"240","subtitulo":"","orden":"999","portada":"0","idioma":"spa","autores-libros":[{"ID":164092,"post_author":"3","post_date":"2022-10-14 17:44:17","post_date_gmt":"2022-10-14 15:44:17","post_content":"","post_title":"MARK TWAIN","post_excerpt":"","post_status":"publish","comment_status":"closed","ping_status":"closed","post_password":"","post_name":"mark-twain","to_ping":"","pinged":"","post_modified":"2022-10-14 17:44:17","post_modified_gmt":"2022-10-14 15:44:17","post_content_filtered":"","post_parent":0,"guid":"http:\/\/dev.claret.cat\/autor\/mark-twain\/","menu_order":0,"post_type":"autor","post_mime_type":"","comment_count":"0","filter":"raw"}]},"aioseo_notices":[],"_links":{"self":[{"href":"https:\/\/www.claret.cat\/es\/wp-json\/wp\/v2\/product\/258331","targetHints":{"allow":["GET"]}}],"collection":[{"href":"https:\/\/www.claret.cat\/es\/wp-json\/wp\/v2\/product"}],"about":[{"href":"https:\/\/www.claret.cat\/es\/wp-json\/wp\/v2\/types\/product"}],"wp:featuredmedia":[{"embeddable":true,"href":"https:\/\/www.claret.cat\/es\/wp-json\/wp\/v2\/media\/258332"}],"wp:attachment":[{"href":"https:\/\/www.claret.cat\/es\/wp-json\/wp\/v2\/media?parent=258331"}],"wp:term":[{"taxonomy":"product_brand","embeddable":true,"href":"https:\/\/www.claret.cat\/es\/wp-json\/wp\/v2\/product_brand?post=258331"},{"taxonomy":"product_cat","embeddable":true,"href":"https:\/\/www.claret.cat\/es\/wp-json\/wp\/v2\/product_cat?post=258331"},{"taxonomy":"product_tag","embeddable":true,"href":"https:\/\/www.claret.cat\/es\/wp-json\/wp\/v2\/product_tag?post=258331"}],"curies":[{"name":"wp","href":"https:\/\/api.w.org\/{rel}","templated":true}]}}