{"id":258464,"date":"2022-10-21T12:36:48","date_gmt":"2022-10-21T10:36:48","guid":{"rendered":"http:\/\/dev.claret.cat\/producte\/historia-de-los-jesuitas\/"},"modified":"2026-04-01T04:43:32","modified_gmt":"2026-04-01T02:43:32","slug":"historia-de-los-jesuitas-9788427135970","status":"publish","type":"product","link":"https:\/\/www.claret.cat\/es\/libro\/historia-de-los-jesuitas-9788427135970\/","title":{"rendered":"HISTORIA DE LOS JESUITAS"},"content":{"rendered":"<p>En este libro se presenta por primera vez una visi\u00f3n completa de la historia de la Compa\u00f1\u00eda de Jes\u00fas, en toda su riqueza y complejidad. Bas\u00e1ndose en las investigaciones m\u00e1s recientes, O?Malley, con el talento narrativo que lo caracteriza, persigue dos objetivos. Por un lado, relatar sucintamente los comienzos, el desarrollo, los \u00e9xitos y las dificultades de la Compa\u00f1\u00eda hasta nuestros d\u00edas, y, por otro, presentar detalladamente los logros m\u00e1s caracter\u00edsticos de los jesuitas.<\/p>\n","protected":false},"excerpt":{"rendered":"<p>O&#8217;MALLEY, JOHN W., SJ<\/p>\n","protected":false},"featured_media":332075,"template":"","meta":{"_acf_changed":false,"om_disable_all_campaigns":false,"rs_blank_template":"","rs_page_bg_color":"","slide_template_v7":"","inline_featured_image":false,"_monsterinsights_skip_tracking":false,"_monsterinsights_sitenote_active":false,"_monsterinsights_sitenote_note":"","_monsterinsights_sitenote_category":0},"product_brand":[],"product_cat":[90,540],"product_tag":[],"class_list":{"0":"post-258464","1":"product","2":"type-product","3":"status-publish","4":"has-post-thumbnail","6":"product_cat-altres","7":"product_cat-otros","9":"first","10":"instock","11":"taxable","12":"shipping-taxable","13":"purchasable","14":"product-type-simple"},"acf":{"autor":"O'MALLEY, JOHN W., SJ","codart":"842713597","libros-coleccion":"","ediciones":"1","encuadernacion":"R\u00fastica","fecha_de_publicacion":"12\/06\/2014","novedad":"0","paginas":"164","subtitulo":"DESDE IGNACIO HASTA EL PRESENTE","orden":"999","portada":"0","idioma":"spa","editorial":[{"ID":8258,"post_author":"3","post_date":"2022-09-30 09:21:32","post_date_gmt":"2022-09-30 07:21:32","post_content":"","post_title":"MENSAJERO","post_excerpt":"","post_status":"publish","comment_status":"closed","ping_status":"closed","post_password":"","post_name":"mensajero","to_ping":"","pinged":"","post_modified":"2022-09-30 09:21:32","post_modified_gmt":"2022-09-30 07:21:32","post_content_filtered":"","post_parent":0,"guid":"http:\/\/dev.claret.cat\/editorial\/mensajero\/","menu_order":0,"post_type":"editorial","post_mime_type":"","comment_count":"0","filter":"raw"}],"autores-libros":[{"ID":159709,"post_author":"3","post_date":"2022-10-14 15:47:05","post_date_gmt":"2022-10-14 13:47:05","post_content":"","post_title":"JOHN W. O\u00b4MALLEY, S.J.","post_excerpt":"","post_status":"publish","comment_status":"closed","ping_status":"closed","post_password":"","post_name":"john-w-omalley-s-j","to_ping":"","pinged":"","post_modified":"2022-10-14 15:47:05","post_modified_gmt":"2022-10-14 13:47:05","post_content_filtered":"","post_parent":0,"guid":"http:\/\/dev.claret.cat\/autor\/john-w-omalley-s-j\/","menu_order":0,"post_type":"autor","post_mime_type":"","comment_count":"0","filter":"raw"}],"booktrailer":"","resenas":""},"aioseo_notices":[],"_links":{"self":[{"href":"https:\/\/www.claret.cat\/es\/wp-json\/wp\/v2\/product\/258464","targetHints":{"allow":["GET"]}}],"collection":[{"href":"https:\/\/www.claret.cat\/es\/wp-json\/wp\/v2\/product"}],"about":[{"href":"https:\/\/www.claret.cat\/es\/wp-json\/wp\/v2\/types\/product"}],"wp:featuredmedia":[{"embeddable":true,"href":"https:\/\/www.claret.cat\/es\/wp-json\/wp\/v2\/media\/332075"}],"wp:attachment":[{"href":"https:\/\/www.claret.cat\/es\/wp-json\/wp\/v2\/media?parent=258464"}],"wp:term":[{"taxonomy":"product_brand","embeddable":true,"href":"https:\/\/www.claret.cat\/es\/wp-json\/wp\/v2\/product_brand?post=258464"},{"taxonomy":"product_cat","embeddable":true,"href":"https:\/\/www.claret.cat\/es\/wp-json\/wp\/v2\/product_cat?post=258464"},{"taxonomy":"product_tag","embeddable":true,"href":"https:\/\/www.claret.cat\/es\/wp-json\/wp\/v2\/product_tag?post=258464"}],"curies":[{"name":"wp","href":"https:\/\/api.w.org\/{rel}","templated":true}]}}