{"id":258490,"date":"2022-10-21T12:37:33","date_gmt":"2022-10-21T10:37:33","guid":{"rendered":"http:\/\/dev.claret.cat\/producte\/soldats-de-salamina\/"},"modified":"2024-01-31T18:17:34","modified_gmt":"2024-01-31T17:17:34","slug":"soldats-de-salamina-9788483839072","status":"publish","type":"product","link":"https:\/\/www.claret.cat\/es\/libro\/soldats-de-salamina-9788483839072\/","title":{"rendered":"SOLDATS DE SALAMINA"},"content":{"rendered":"<p>Eren els darrers mesos de la Guerra Civil i les tropes republicanes es retiraven cap a Fran\u00e7a quan alg\u00fa, enmig de la fugida desesperada, va decidir executar un grup de presos franquistes&#8230;<br \/>Eren els darrers mesos de la Guerra Civil i les tropes republicanes es retiraven cap a Fran\u00e7a quan alg\u00fa, enmig de la fugida desesperada, va decidir executar un grup de presos franquistes. Entre ells hi havia Rafael S\u00e1nchez Mazas, fundador i ide\u00f2leg de la Falange Espa\u00f1ola, potser un dels responsables directes del conflicte fratricida. Gr\u00e0cies al soldat republic\u00e0 an\u00f2nim d\u2019estranya mirada que li va perdonar la vida, a l\u2019ajut d\u2019uns pagesos de les rodalies i, probablement, a la seva bona estrella, S\u00e1nchez Mazas es va salvar fent vida de bosquerol, en companyia d\u2019alguns desertors i durant uns mesos, fins a l\u2019arribada dels nacionals. Aquesta hist\u00f2ria va c\u00f3rrer com la p\u00f3lvora despr\u00e9s de la guerra, qualsevol que hagu\u00e9s conegut S\u00e1nchez Mazas la sabia, perqu\u00e8 l\u2019explicava a tothom. Molta gent es pensava que era mentida. I, de fet, encara hi ha qui ho pensa.<\/p>\n","protected":false},"excerpt":{"rendered":"<p>CERCAS, JAVIER<\/p>\n","protected":false},"featured_media":258491,"template":"","meta":{"_acf_changed":false,"om_disable_all_campaigns":false,"rs_blank_template":"","rs_page_bg_color":"","slide_template_v7":"","inline_featured_image":false,"_monsterinsights_skip_tracking":false,"_monsterinsights_sitenote_active":false,"_monsterinsights_sitenote_note":"","_monsterinsights_sitenote_category":0},"product_brand":[],"product_cat":[90,540],"product_tag":[],"class_list":{"0":"post-258490","1":"product","2":"type-product","3":"status-publish","4":"has-post-thumbnail","6":"product_cat-altres","7":"product_cat-otros","9":"first","10":"instock","11":"taxable","12":"shipping-taxable","13":"purchasable","14":"product-type-simple"},"acf":{"autor":"CERCAS, JAVIER","codart":"848383907","libros-coleccion":"","ediciones":"1","encuadernacion":"R\u00fastica","fecha_de_publicacion":"08\/06\/2014","novedad":"0","paginas":"208","subtitulo":"","orden":"999","portada":"0","idioma":"spa","editorial":[{"ID":6281,"post_author":"3","post_date":"2022-07-28 17:48:50","post_date_gmt":"2022-07-28 15:48:50","post_content":"","post_title":"LABUTXACA","post_excerpt":"","post_status":"publish","comment_status":"closed","ping_status":"closed","post_password":"","post_name":"labutxaca","to_ping":"","pinged":"","post_modified":"2022-07-28 17:48:50","post_modified_gmt":"2022-07-28 15:48:50","post_content_filtered":"","post_parent":0,"guid":"http:\/\/dev.claret.cat\/editorial\/labutxaca\/","menu_order":0,"post_type":"editorial","post_mime_type":"","comment_count":"0","filter":"raw"}],"autores-libros":[{"ID":158686,"post_author":"3","post_date":"2022-10-14 15:38:49","post_date_gmt":"2022-10-14 13:38:49","post_content":"","post_title":"JAVIER CERCAS","post_excerpt":"","post_status":"publish","comment_status":"closed","ping_status":"closed","post_password":"","post_name":"javier-cercas","to_ping":"","pinged":"","post_modified":"2022-10-14 15:38:49","post_modified_gmt":"2022-10-14 13:38:49","post_content_filtered":"","post_parent":0,"guid":"http:\/\/dev.claret.cat\/autor\/javier-cercas\/","menu_order":0,"post_type":"autor","post_mime_type":"","comment_count":"0","filter":"raw"}]},"aioseo_notices":[],"_links":{"self":[{"href":"https:\/\/www.claret.cat\/es\/wp-json\/wp\/v2\/product\/258490","targetHints":{"allow":["GET"]}}],"collection":[{"href":"https:\/\/www.claret.cat\/es\/wp-json\/wp\/v2\/product"}],"about":[{"href":"https:\/\/www.claret.cat\/es\/wp-json\/wp\/v2\/types\/product"}],"wp:featuredmedia":[{"embeddable":true,"href":"https:\/\/www.claret.cat\/es\/wp-json\/wp\/v2\/media\/258491"}],"wp:attachment":[{"href":"https:\/\/www.claret.cat\/es\/wp-json\/wp\/v2\/media?parent=258490"}],"wp:term":[{"taxonomy":"product_brand","embeddable":true,"href":"https:\/\/www.claret.cat\/es\/wp-json\/wp\/v2\/product_brand?post=258490"},{"taxonomy":"product_cat","embeddable":true,"href":"https:\/\/www.claret.cat\/es\/wp-json\/wp\/v2\/product_cat?post=258490"},{"taxonomy":"product_tag","embeddable":true,"href":"https:\/\/www.claret.cat\/es\/wp-json\/wp\/v2\/product_tag?post=258490"}],"curies":[{"name":"wp","href":"https:\/\/api.w.org\/{rel}","templated":true}]}}