{"id":258525,"date":"2022-10-21T12:38:32","date_gmt":"2022-10-21T10:38:32","guid":{"rendered":"http:\/\/dev.claret.cat\/producte\/les-croniques-marcianes\/"},"modified":"2024-01-31T17:55:21","modified_gmt":"2024-01-31T16:55:21","slug":"les-croniques-marcianes-9788499308746","status":"publish","type":"product","link":"https:\/\/www.claret.cat\/es\/libro\/les-croniques-marcianes-9788499308746\/","title":{"rendered":"LES CR\u00d2NIQUES MARCIANES"},"content":{"rendered":"<p>Obra cl\u00e0ssica de la ci\u00e8ncia-ficci\u00f3, recull les vicissituds de la colonitzaci\u00f3 del planeta Mart i l&#8217;accidentada decad\u00e8ncia de la seva civilitzaci\u00f3. A setanta milions de milles de dist\u00e0ncia del planeta Terra, el viatger de l&#8217;espai hi pot trobar els mateixos paranys dels quals creia fugir: la grolleria, la solitud, l&#8217;enveja o les parades de frankfurts.<\/p>\n","protected":false},"excerpt":{"rendered":"<p>BRADBURY, RAY<\/p>\n","protected":false},"featured_media":258526,"template":"","meta":{"_acf_changed":false,"om_disable_all_campaigns":false,"rs_blank_template":"","rs_page_bg_color":"","slide_template_v7":"","inline_featured_image":false,"_monsterinsights_skip_tracking":false,"_monsterinsights_sitenote_active":false,"_monsterinsights_sitenote_note":"","_monsterinsights_sitenote_category":0},"product_brand":[],"product_cat":[127,357],"product_tag":[],"class_list":{"0":"post-258525","1":"product","2":"type-product","3":"status-publish","4":"has-post-thumbnail","6":"product_cat-novella-contemporania","7":"product_cat-novela-contemporanea","9":"first","10":"instock","11":"taxable","12":"shipping-taxable","13":"purchasable","14":"product-type-simple"},"acf":{"autor":"BRADBURY, RAY","codart":"849930874","libros-coleccion":"","ediciones":"0","encuadernacion":"R\u00fastica","fecha_de_publicacion":"03\/06\/2014","novedad":"0","paginas":"320","subtitulo":"","orden":"999","portada":"0","idioma":"cat","editorial":[{"ID":6281,"post_author":"3","post_date":"2022-07-28 17:48:50","post_date_gmt":"2022-07-28 15:48:50","post_content":"","post_title":"LABUTXACA","post_excerpt":"","post_status":"publish","comment_status":"closed","ping_status":"closed","post_password":"","post_name":"labutxaca","to_ping":"","pinged":"","post_modified":"2022-07-28 17:48:50","post_modified_gmt":"2022-07-28 15:48:50","post_content_filtered":"","post_parent":0,"guid":"http:\/\/dev.claret.cat\/editorial\/labutxaca\/","menu_order":0,"post_type":"editorial","post_mime_type":"","comment_count":"0","filter":"raw"}],"autores-libros":[{"ID":167870,"post_author":"3","post_date":"2022-10-14 18:14:40","post_date_gmt":"2022-10-14 16:14:40","post_content":"","post_title":"RAY BRADBURY","post_excerpt":"","post_status":"publish","comment_status":"closed","ping_status":"closed","post_password":"","post_name":"ray-bradbury","to_ping":"","pinged":"","post_modified":"2022-10-14 18:14:40","post_modified_gmt":"2022-10-14 16:14:40","post_content_filtered":"","post_parent":0,"guid":"http:\/\/dev.claret.cat\/autor\/ray-bradbury\/","menu_order":0,"post_type":"autor","post_mime_type":"","comment_count":"0","filter":"raw"}]},"aioseo_notices":[],"_links":{"self":[{"href":"https:\/\/www.claret.cat\/es\/wp-json\/wp\/v2\/product\/258525","targetHints":{"allow":["GET"]}}],"collection":[{"href":"https:\/\/www.claret.cat\/es\/wp-json\/wp\/v2\/product"}],"about":[{"href":"https:\/\/www.claret.cat\/es\/wp-json\/wp\/v2\/types\/product"}],"wp:featuredmedia":[{"embeddable":true,"href":"https:\/\/www.claret.cat\/es\/wp-json\/wp\/v2\/media\/258526"}],"wp:attachment":[{"href":"https:\/\/www.claret.cat\/es\/wp-json\/wp\/v2\/media?parent=258525"}],"wp:term":[{"taxonomy":"product_brand","embeddable":true,"href":"https:\/\/www.claret.cat\/es\/wp-json\/wp\/v2\/product_brand?post=258525"},{"taxonomy":"product_cat","embeddable":true,"href":"https:\/\/www.claret.cat\/es\/wp-json\/wp\/v2\/product_cat?post=258525"},{"taxonomy":"product_tag","embeddable":true,"href":"https:\/\/www.claret.cat\/es\/wp-json\/wp\/v2\/product_tag?post=258525"}],"curies":[{"name":"wp","href":"https:\/\/api.w.org\/{rel}","templated":true}]}}