{"id":258546,"date":"2022-10-21T12:39:06","date_gmt":"2022-10-21T10:39:06","guid":{"rendered":"http:\/\/dev.claret.cat\/producte\/londres-de-cerca-4\/"},"modified":"2023-01-28T21:48:17","modified_gmt":"2023-01-28T20:48:17","slug":"londres-de-cerca-4-9788408125990","status":"publish","type":"product","link":"https:\/\/www.claret.cat\/es\/libro\/londres-de-cerca-4-9788408125990\/","title":{"rendered":"LONDRES DE CERCA 4"},"content":{"rendered":"<p>Londres lo tiene todo: historia y cultura, arte y arquitectura. Su energ\u00eda, su asombrosa diversidad y sus inigualables zonas verdes atrapar\u00e1n al visitante.Incluye:Detallados mapas en 3D de los principales monumentosInformaci\u00f3n actualizada sobre los lugares imprescindibles de la ciudadAutores locales revelan las gemas ocultas de LondresExplorar Londres: Westminster Abbey, Westminster, National Gallery, Covent Garden, British Museum, Bloomsbury, St. Paul, la City, Tate Modern, South Bank, museos de Kensington, Regent&#8217;s Park, Camden, Royal Observatoy y Greenwich.Las nuevas gu\u00edas De cerca, que mantienen el compromiso de Lonely Planet (investigar sin descanso al pie de calle para ser las mejores gu\u00edas de viaje del mundo) se renuevan y buscan mejorarse.\u00a0Algunas de las novedades que encontrar\u00e9is en las nuevas gu\u00edas de esta colecci\u00f3n son:\u00a0\u00a0Gu\u00eda r\u00e1pida, una secci\u00f3n para que los viajeros comiencen a descubrir lo mejor de su destino desde la primera p\u00e1gina\u00a0Una nueva estructura que permite usar la gu\u00eda de una forma m\u00e1s f\u00e1cil e intuitiva; hay m\u00e1s color y un dise\u00f1o muy din\u00e1mico para que la gu\u00eda se convierta en nuestras alas imprescindibles\u00a0\u00a0Un cap\u00edtulo que recoge las mejores experiencias, comidas, visitas, compras, etc. que la ciudad puede ofrecer, es decir, nuestro listado imprescindible para no perderse absolutamente nada\u00a0\u00a0Toda la informaci\u00f3n necesaria para disfrutar de la ciudad como un local, para ser original, para conocer la ciudad como si fu\u00e9ramos de all\u00ed mismo\u00a0\u00a0Gu\u00eda pr\u00e1ctica para salir de casa con todo lo que hay que saber y no perder el tiempo buscando datos b\u00e1sicos como el transporte o los descuentos\u00a0Y, por supuesto, la cartograf\u00eda muy cerca de la mano: mapas de cada uno de los barrios\u00a0\u00a0Tambi\u00e9n rutas a pie y planes para cada d\u00eda que un experimentado e independiente autor ha preparado para los lectores<\/p>\n","protected":false},"excerpt":{"rendered":"<p>FILOU, EMILIE<\/p>\n","protected":false},"featured_media":258547,"template":"","meta":{"_acf_changed":false,"om_disable_all_campaigns":false,"rs_blank_template":"","rs_page_bg_color":"","slide_template_v7":"","inline_featured_image":false,"_monsterinsights_skip_tracking":false,"_monsterinsights_sitenote_active":false,"_monsterinsights_sitenote_note":"","_monsterinsights_sitenote_category":0},"product_brand":[],"product_cat":[107],"product_tag":[],"class_list":{"0":"post-258546","1":"product","2":"type-product","3":"status-publish","4":"has-post-thumbnail","6":"product_cat-guies-de-viatge","8":"first","9":"instock","10":"taxable","11":"shipping-taxable","12":"purchasable","13":"product-type-simple"},"acf":{"autor":"FILOU, EMILIE","codart":"840812599","libros-coleccion":"","ediciones":"1","encuadernacion":"R\u00fastica","fecha_de_publicacion":"01\/06\/2014","novedad":"0","paginas":"224","subtitulo":"","orden":"999","portada":"0","idioma":"spa","editorial":[{"ID":8244,"post_author":"3","post_date":"2022-09-30 09:21:26","post_date_gmt":"2022-09-30 07:21:26","post_content":"","post_title":"GEOPLANETA EDITORIAL","post_excerpt":"","post_status":"publish","comment_status":"closed","ping_status":"closed","post_password":"","post_name":"geoplaneta-editorial","to_ping":"","pinged":"","post_modified":"2022-09-30 09:21:26","post_modified_gmt":"2022-09-30 07:21:26","post_content_filtered":"","post_parent":0,"guid":"http:\/\/dev.claret.cat\/editorial\/geoplaneta-editorial\/","menu_order":0,"post_type":"editorial","post_mime_type":"","comment_count":"0","filter":"raw"}],"autores-libros":[{"ID":154973,"post_author":"3","post_date":"2022-10-14 15:09:09","post_date_gmt":"2022-10-14 13:09:09","post_content":"","post_title":"EMILIE FILOU","post_excerpt":"","post_status":"publish","comment_status":"closed","ping_status":"closed","post_password":"","post_name":"emilie-filou","to_ping":"","pinged":"","post_modified":"2022-10-14 15:09:09","post_modified_gmt":"2022-10-14 13:09:09","post_content_filtered":"","post_parent":0,"guid":"http:\/\/dev.claret.cat\/autor\/emilie-filou\/","menu_order":0,"post_type":"autor","post_mime_type":"","comment_count":"0","filter":"raw"}]},"aioseo_notices":[],"_links":{"self":[{"href":"https:\/\/www.claret.cat\/es\/wp-json\/wp\/v2\/product\/258546","targetHints":{"allow":["GET"]}}],"collection":[{"href":"https:\/\/www.claret.cat\/es\/wp-json\/wp\/v2\/product"}],"about":[{"href":"https:\/\/www.claret.cat\/es\/wp-json\/wp\/v2\/types\/product"}],"wp:featuredmedia":[{"embeddable":true,"href":"https:\/\/www.claret.cat\/es\/wp-json\/wp\/v2\/media\/258547"}],"wp:attachment":[{"href":"https:\/\/www.claret.cat\/es\/wp-json\/wp\/v2\/media?parent=258546"}],"wp:term":[{"taxonomy":"product_brand","embeddable":true,"href":"https:\/\/www.claret.cat\/es\/wp-json\/wp\/v2\/product_brand?post=258546"},{"taxonomy":"product_cat","embeddable":true,"href":"https:\/\/www.claret.cat\/es\/wp-json\/wp\/v2\/product_cat?post=258546"},{"taxonomy":"product_tag","embeddable":true,"href":"https:\/\/www.claret.cat\/es\/wp-json\/wp\/v2\/product_tag?post=258546"}],"curies":[{"name":"wp","href":"https:\/\/api.w.org\/{rel}","templated":true}]}}