{"id":258844,"date":"2022-10-21T12:46:35","date_gmt":"2022-10-21T10:46:35","guid":{"rendered":"http:\/\/dev.claret.cat\/producte\/pobres-pobres-8-dies-vivint-al-carrer\/"},"modified":"2024-05-22T17:58:20","modified_gmt":"2024-05-22T15:58:20","slug":"pobres-pobres-8-dies-vivint-al-carrer-9788498468571","status":"publish","type":"product","link":"https:\/\/www.claret.cat\/es\/libro\/pobres-pobres-8-dies-vivint-al-carrer-9788498468571\/","title":{"rendered":"POBRES POBRES: 8 DIES VIVINT AL CARRER"},"content":{"rendered":"<p>Est\u00e0s a punt d&#8217;endinsar-te en el m\u00f3n de la pobresa vist des de l&#8217;\u00f2ptica d&#8217;un jove que durant vuit dies va estar vivint als carrers de Barcelona. Vigila, \u00e9s un llibre tant real com dur. No et promet un final feli\u00e7, per\u00f2 t&#8217;assegura un impacte que no et deixar\u00e0 indiferent.<\/p>\n<p>No esperis grans figures liter\u00e0ries, ni aventures rom\u00e0ntiques, ni persecucions policials, per\u00f2 prepara&#8217;t per topar amb la realitat m\u00e9s crua de l&#8217;home i de la mis\u00e8ria. Tens prop de duescentes p\u00e0gines, que espero que t&#8217;obrin els ulls i el cor.<\/p>\n<p>\u00abAprofundeix no nom\u00e9s en les mis\u00e8ries materials i en les baixeses de l&#8217;esperit, sin\u00f3 tamb\u00e9 en la grandesa de l&#8217;amor i de l&#8217;entrega. A vegades, Vives sembla m\u00e9s un detectiu que un periodista, per\u00f2 potser aquesta \u00e9s la perfecta s\u00edntesi del que entenem per periodista d&#8217;investigaci\u00f3\u00bb (Del pr\u00f2leg de Daniel Arasa).<\/p>\n","protected":false},"excerpt":{"rendered":"<p>VIVES VIVES, JAUME<\/p>\n","protected":false},"featured_media":386319,"template":"","meta":{"_acf_changed":false,"om_disable_all_campaigns":false,"rs_blank_template":"","rs_page_bg_color":"","slide_template_v7":"","inline_featured_image":false,"_monsterinsights_skip_tracking":false,"_monsterinsights_sitenote_active":false,"_monsterinsights_sitenote_note":"","_monsterinsights_sitenote_category":0},"product_brand":[],"product_cat":[90,581,540],"product_tag":[],"class_list":{"0":"post-258844","1":"product","2":"type-product","3":"status-publish","4":"has-post-thumbnail","6":"product_cat-altres","7":"product_cat-editorial-claret","8":"product_cat-otros","10":"first","11":"instock","12":"taxable","13":"shipping-taxable","14":"purchasable","15":"product-type-simple"},"acf":{"autor":"VIVES VIVES, JAUME","codart":"849846857","libros-coleccion":"","ediciones":"1","encuadernacion":"R\u00fastica","fecha_de_publicacion":"13\/05\/2014","novedad":"0","paginas":"186","subtitulo":"","orden":"999","portada":"0","idioma":"cat","editorial":[{"ID":6158,"post_author":"3","post_date":"2022-07-28 17:46:08","post_date_gmt":"2022-07-28 15:46:08","post_content":"","post_title":"CLARET","post_excerpt":"","post_status":"publish","comment_status":"closed","ping_status":"closed","post_password":"","post_name":"claret","to_ping":"","pinged":"","post_modified":"2022-07-28 17:46:08","post_modified_gmt":"2022-07-28 15:46:08","post_content_filtered":"","post_parent":0,"guid":"http:\/\/dev.claret.cat\/editorial\/claret\/","menu_order":0,"post_type":"editorial","post_mime_type":"","comment_count":"0","filter":"raw"}],"autores-libros":[{"ID":271666,"post_author":"3","post_date":"2022-12-09 03:39:09","post_date_gmt":"2022-12-09 02:39:09","post_content":"","post_title":"JAUME VIVES VIVES","post_excerpt":"","post_status":"publish","comment_status":"closed","ping_status":"closed","post_password":"","post_name":"jaume-vives-vives","to_ping":"","pinged":"","post_modified":"2022-12-09 03:39:09","post_modified_gmt":"2022-12-09 02:39:09","post_content_filtered":"","post_parent":0,"guid":"http:\/\/dev.claret.cat\/autor\/jaume-vives-vives\/","menu_order":0,"post_type":"autor","post_mime_type":"","comment_count":"0","filter":"raw"}]},"aioseo_notices":[],"_links":{"self":[{"href":"https:\/\/www.claret.cat\/es\/wp-json\/wp\/v2\/product\/258844","targetHints":{"allow":["GET"]}}],"collection":[{"href":"https:\/\/www.claret.cat\/es\/wp-json\/wp\/v2\/product"}],"about":[{"href":"https:\/\/www.claret.cat\/es\/wp-json\/wp\/v2\/types\/product"}],"wp:featuredmedia":[{"embeddable":true,"href":"https:\/\/www.claret.cat\/es\/wp-json\/wp\/v2\/media\/386319"}],"wp:attachment":[{"href":"https:\/\/www.claret.cat\/es\/wp-json\/wp\/v2\/media?parent=258844"}],"wp:term":[{"taxonomy":"product_brand","embeddable":true,"href":"https:\/\/www.claret.cat\/es\/wp-json\/wp\/v2\/product_brand?post=258844"},{"taxonomy":"product_cat","embeddable":true,"href":"https:\/\/www.claret.cat\/es\/wp-json\/wp\/v2\/product_cat?post=258844"},{"taxonomy":"product_tag","embeddable":true,"href":"https:\/\/www.claret.cat\/es\/wp-json\/wp\/v2\/product_tag?post=258844"}],"curies":[{"name":"wp","href":"https:\/\/api.w.org\/{rel}","templated":true}]}}