{"id":258883,"date":"2022-10-21T12:47:40","date_gmt":"2022-10-21T10:47:40","guid":{"rendered":"http:\/\/dev.claret.cat\/producte\/la-sabiduria-de-los-salmos\/"},"modified":"2026-02-26T17:45:27","modified_gmt":"2026-02-26T16:45:27","slug":"la-sabiduria-de-los-salmos-9788433027122","status":"publish","type":"product","link":"https:\/\/www.claret.cat\/es\/libro\/la-sabiduria-de-los-salmos-9788433027122\/","title":{"rendered":"LA SABIDUR\u00cdA DE LOS SALMOS"},"content":{"rendered":"<p>En un tiempo en que los l\u00edmites de lo realizable se hacen cada vez m\u00e1s claros, muchas personas se preguntan por las ra\u00edces de la existencia. Las preguntas por el origen y el fundamento de la vida est\u00e1n pasando de nuevo a ocupar m\u00e1s el centro de la reflexi\u00f3n.<br \/>Romano Guardini intent\u00f3 se\u00f1alar una respuesta a esas preguntas en textos cl\u00e1sicos y siempre actuales que ofrecen orientaci\u00f3n a los que buscan tanto en las preguntas como en la oraci\u00f3n.<br \/>El conocido fil\u00f3sofo de la religi\u00f3n alumbra una importante fuente de la espiritualidad cristiana en La sabidur\u00eda de los salmos. En los salmos, tan diferentes entre s\u00ed, puede llevarse ante la presencia de Dios toda alabanza, toda pasi\u00f3n y toda rabia. No por eso se toca la libertad de Dios: \u00e9l es siempre el Se\u00f1or y el Juez. En este encuentro frente a frente est\u00e1 el fundamento de la liberaci\u00f3n humana.<br \/>Romano Guardini nacido en 1885 y fallecido en 1968, fue docente en las universidades de Bonn, Berl\u00edn, Tubinga y M\u00fanich, donde ocup\u00f3 la c\u00e1tedra de Cosmovisi\u00f3n cristiana y filosof\u00eda de la religi\u00f3n. Desde hace unos a\u00f1os su pensamiento ha vuelto a cobrar vigencia, pues se trata de un autor que supera las barreras de espacio y tiempo.<\/p>\n","protected":false},"excerpt":{"rendered":"<p>GUARDINI, ROMANO<\/p>\n","protected":false},"featured_media":346528,"template":"","meta":{"_acf_changed":false,"om_disable_all_campaigns":false,"rs_blank_template":"","rs_page_bg_color":"","slide_template_v7":"","inline_featured_image":false,"_monsterinsights_skip_tracking":false,"_monsterinsights_sitenote_active":false,"_monsterinsights_sitenote_note":"","_monsterinsights_sitenote_category":0},"product_brand":[],"product_cat":[90,540],"product_tag":[],"class_list":{"0":"post-258883","1":"product","2":"type-product","3":"status-publish","4":"has-post-thumbnail","6":"product_cat-altres","7":"product_cat-otros","9":"first","10":"instock","11":"taxable","12":"shipping-taxable","13":"purchasable","14":"product-type-simple"},"acf":{"autor":"GUARDINI, ROMANO","codart":"843302712","libros-coleccion":"","ediciones":"1","encuadernacion":"R\u00fastica","fecha_de_publicacion":"07\/05\/2014","novedad":"0","paginas":"176","subtitulo":"MEDITACIONES","orden":"999","portada":"0","idioma":"spa","editorial":[{"ID":6179,"post_author":"3","post_date":"2022-07-28 17:46:36","post_date_gmt":"2022-07-28 15:46:36","post_content":"","post_title":"DESCLEE DE BROUWER","post_excerpt":"","post_status":"publish","comment_status":"closed","ping_status":"closed","post_password":"","post_name":"desclee-de-brouwer","to_ping":"","pinged":"","post_modified":"2022-07-28 17:46:36","post_modified_gmt":"2022-07-28 15:46:36","post_content_filtered":"","post_parent":0,"guid":"http:\/\/dev.claret.cat\/editorial\/desclee-de-brouwer\/","menu_order":0,"post_type":"editorial","post_mime_type":"","comment_count":"0","filter":"raw"}],"autores-libros":[{"ID":168436,"post_author":"3","post_date":"2022-10-14 22:19:06","post_date_gmt":"2022-10-14 20:19:06","post_content":"","post_title":"ROMANO GUARDINI","post_excerpt":"","post_status":"publish","comment_status":"closed","ping_status":"closed","post_password":"","post_name":"romano-guardini","to_ping":"","pinged":"","post_modified":"2022-10-14 22:19:06","post_modified_gmt":"2022-10-14 20:19:06","post_content_filtered":"","post_parent":0,"guid":"http:\/\/dev.claret.cat\/autor\/romano-guardini\/","menu_order":0,"post_type":"autor","post_mime_type":"","comment_count":"0","filter":"raw"}],"booktrailer":"","resenas":""},"aioseo_notices":[],"_links":{"self":[{"href":"https:\/\/www.claret.cat\/es\/wp-json\/wp\/v2\/product\/258883","targetHints":{"allow":["GET"]}}],"collection":[{"href":"https:\/\/www.claret.cat\/es\/wp-json\/wp\/v2\/product"}],"about":[{"href":"https:\/\/www.claret.cat\/es\/wp-json\/wp\/v2\/types\/product"}],"wp:featuredmedia":[{"embeddable":true,"href":"https:\/\/www.claret.cat\/es\/wp-json\/wp\/v2\/media\/346528"}],"wp:attachment":[{"href":"https:\/\/www.claret.cat\/es\/wp-json\/wp\/v2\/media?parent=258883"}],"wp:term":[{"taxonomy":"product_brand","embeddable":true,"href":"https:\/\/www.claret.cat\/es\/wp-json\/wp\/v2\/product_brand?post=258883"},{"taxonomy":"product_cat","embeddable":true,"href":"https:\/\/www.claret.cat\/es\/wp-json\/wp\/v2\/product_cat?post=258883"},{"taxonomy":"product_tag","embeddable":true,"href":"https:\/\/www.claret.cat\/es\/wp-json\/wp\/v2\/product_tag?post=258883"}],"curies":[{"name":"wp","href":"https:\/\/api.w.org\/{rel}","templated":true}]}}