{"id":258898,"date":"2022-10-21T12:48:02","date_gmt":"2022-10-21T10:48:02","guid":{"rendered":"http:\/\/dev.claret.cat\/producte\/rutina-habitada\/"},"modified":"2026-02-05T17:36:36","modified_gmt":"2026-02-05T16:36:36","slug":"rutina-habitada-9788429321753","status":"publish","type":"product","link":"https:\/\/www.claret.cat\/es\/libro\/rutina-habitada-9788429321753\/","title":{"rendered":"RUTINA HABITADA"},"content":{"rendered":"<p>La rutina muchas veces nos asusta o nos aburre. Parece un espacio deshabitado, del que conviene huir cuanto antes. Sin embargo, la rutina forma parte de lo cotidiano y late como condici\u00f3n de posibilidad de la vida humana, tejida de ciclos y repeticiones. Estas p\u00e1ginas tratan de explorar la vida oculta de Jes\u00fas como clave de acceso a una iluminaci\u00f3n creyente de la cotidianidad. El cristianismo alberga la noticia casi escandalosa de que Dios mismo conoce la rutina a trav\u00e9s de su encarnaci\u00f3n nazarena. La buena nueva, el \u00abevangelio de Nazaret\u00bb, es que no solo la conoce, sino que la habita, la recrea y nos la devuelve pre\u00f1ada de sentido.<br \/>Durante dos milenios, la teolog\u00eda apenas se ha detenido junto al misterio de la vida oculta de Jes\u00fas. Algunas ricas aportaciones en la \u00f3rbita de la espiritualidad no se han visto siempre fundamentadas por una reflexi\u00f3n dogm\u00e1tica suficiente. Necesitamos, pues, teolog\u00eda de la vida oculta.<br \/>La visi\u00f3n que aqu\u00ed proponemos se enfrenta a numerosas cuestiones: \u00bfpodemos decir algo sobre la vida oculta de Jes\u00fas? \u00bfFue realmente \u00aboculta\u00bb? \u00bfQu\u00e9 afirma el dato b\u00edblico? \u00bfD\u00f3nde ha estado escondido este misterio a lo largo de dos mil a\u00f1os? \u00bfC\u00f3mo ilumina hoy nuestra propia cotidianidad la vida de Jes\u00fas en Nazaret?<br \/>Atravesando parajes tan dispares como la sociolog\u00eda, los evangelios ap\u00f3crifos o el Magisterio de la Iglesia, el lector podr\u00e1 intuir algunas respuestas y formularse nuevos interrogantes en un recorrido interdisciplinar e intenso. Este libro, que brota de la realidad concreta, aspira a ofrecer algunas pistas teol\u00f3gicas para sustentar una experiencia creyente, gozosa y \u00abhabitada\u00bb de la denostada rutina.<\/p>\n","protected":false},"excerpt":{"rendered":"<p>SALDA\u00d1A MOSTAJO, MARGARITA<\/p>\n","protected":false},"featured_media":1081775,"template":"","meta":{"_acf_changed":false,"om_disable_all_campaigns":false,"rs_blank_template":"","rs_page_bg_color":"","slide_template_v7":"","inline_featured_image":false,"_monsterinsights_skip_tracking":false,"_monsterinsights_sitenote_active":false,"_monsterinsights_sitenote_note":"","_monsterinsights_sitenote_category":0},"product_brand":[],"product_cat":[91,541,76,342],"product_tag":[],"class_list":{"0":"post-258898","1":"product","2":"type-product","3":"status-publish","4":"has-post-thumbnail","6":"product_cat-cristologia","7":"product_cat-cristologia-1_espiritualidad-spa","8":"product_cat-teologia","9":"product_cat-teologia-1_espiritualidad","11":"first","12":"instock","13":"taxable","14":"shipping-taxable","15":"purchasable","16":"product-type-simple"},"acf":{"autor":"SALDA\u00d1A MOSTAJO, MARGARITA","codart":"842932175","libros-coleccion":"PRESENCIA TEOL\u00d3GICA","ediciones":"1","encuadernacion":"R\u00fastica","fecha_de_publicacion":"07\/05\/2014","novedad":"0","paginas":"224","subtitulo":"VIDA OCULTA DE JES\u00daS Y COTIDIANIDAD CREYENTE","orden":"999","portada":"0","idioma":"spa","editorial":[{"ID":6351,"post_author":"3","post_date":"2022-07-28 17:50:19","post_date_gmt":"2022-07-28 15:50:19","post_content":"","post_title":"Sal Terrae","post_excerpt":"","post_status":"publish","comment_status":"closed","ping_status":"closed","post_password":"","post_name":"sal-terrae","to_ping":"","pinged":"","post_modified":"2022-07-28 17:50:19","post_modified_gmt":"2022-07-28 15:50:19","post_content_filtered":"","post_parent":0,"guid":"http:\/\/dev.claret.cat\/editorial\/sal-terrae\/","menu_order":0,"post_type":"editorial","post_mime_type":"","comment_count":"0","filter":"raw"}],"autores-libros":[{"ID":163488,"post_author":"3","post_date":"2022-10-14 17:39:26","post_date_gmt":"2022-10-14 15:39:26","post_content":"","post_title":"MARGARITA SALDA\u00d1A MOSTAJO","post_excerpt":"","post_status":"publish","comment_status":"closed","ping_status":"closed","post_password":"","post_name":"margarita-saldana-mostajo","to_ping":"","pinged":"","post_modified":"2022-10-14 17:39:26","post_modified_gmt":"2022-10-14 15:39:26","post_content_filtered":"","post_parent":0,"guid":"http:\/\/dev.claret.cat\/autor\/margarita-saldana-mostajo\/","menu_order":0,"post_type":"autor","post_mime_type":"","comment_count":"0","filter":"raw"}],"booktrailer":"","resenas":""},"aioseo_notices":[],"_links":{"self":[{"href":"https:\/\/www.claret.cat\/es\/wp-json\/wp\/v2\/product\/258898","targetHints":{"allow":["GET"]}}],"collection":[{"href":"https:\/\/www.claret.cat\/es\/wp-json\/wp\/v2\/product"}],"about":[{"href":"https:\/\/www.claret.cat\/es\/wp-json\/wp\/v2\/types\/product"}],"wp:featuredmedia":[{"embeddable":true,"href":"https:\/\/www.claret.cat\/es\/wp-json\/wp\/v2\/media\/1081775"}],"wp:attachment":[{"href":"https:\/\/www.claret.cat\/es\/wp-json\/wp\/v2\/media?parent=258898"}],"wp:term":[{"taxonomy":"product_brand","embeddable":true,"href":"https:\/\/www.claret.cat\/es\/wp-json\/wp\/v2\/product_brand?post=258898"},{"taxonomy":"product_cat","embeddable":true,"href":"https:\/\/www.claret.cat\/es\/wp-json\/wp\/v2\/product_cat?post=258898"},{"taxonomy":"product_tag","embeddable":true,"href":"https:\/\/www.claret.cat\/es\/wp-json\/wp\/v2\/product_tag?post=258898"}],"curies":[{"name":"wp","href":"https:\/\/api.w.org\/{rel}","templated":true}]}}