{"id":258905,"date":"2022-10-21T12:48:11","date_gmt":"2022-10-21T10:48:11","guid":{"rendered":"http:\/\/dev.claret.cat\/producte\/pobres-pobres-8-dias-viviendo-en-la-calle\/"},"modified":"2024-05-23T09:21:34","modified_gmt":"2024-05-23T07:21:34","slug":"pobres-pobres-8-dias-viviendo-en-la-calle-9788483536124","status":"publish","type":"product","link":"https:\/\/www.claret.cat\/es\/libro\/pobres-pobres-8-dias-viviendo-en-la-calle-9788483536124\/","title":{"rendered":"POBRES POBRES &#8211; 8 D\u00cdAS VIVIENDO EN LA CALLE"},"content":{"rendered":"<p>Est\u00e1s a punto de adentrarte en el mundo de la pobreza visto desde la \u00f3ptica de un joven que durante ocho d\u00edas estuvo viviendo en las calles de Barcelona. Ten cuidado, es un libro tan real como duro. No te promete un final feliz, pero te asegura un impacto que, si surte el efecto deseado, no te dejar\u00e1 indiferente.<\/p>\n","protected":false},"excerpt":{"rendered":"<p>VIVES VIVES, JAUME<\/p>\n","protected":false},"featured_media":357447,"template":"","meta":{"_acf_changed":false,"om_disable_all_campaigns":false,"rs_blank_template":"","rs_page_bg_color":"","slide_template_v7":"","inline_featured_image":false,"_monsterinsights_skip_tracking":false,"_monsterinsights_sitenote_active":false,"_monsterinsights_sitenote_note":"","_monsterinsights_sitenote_category":0},"product_brand":[],"product_cat":[90,540],"product_tag":[],"class_list":{"0":"post-258905","1":"product","2":"type-product","3":"status-publish","4":"has-post-thumbnail","6":"product_cat-altres","7":"product_cat-otros","9":"first","10":"instock","11":"taxable","12":"shipping-taxable","13":"purchasable","14":"product-type-simple"},"acf":{"autor":"VIVES VIVES, JAUME","codart":"848353612","libros-coleccion":"","ediciones":"1","encuadernacion":"R\u00fastica","fecha_de_publicacion":"06\/05\/2014","novedad":"0","paginas":"222","subtitulo":"","orden":"999","portada":"0","idioma":"spa","editorial":[{"ID":6309,"post_author":"3","post_date":"2022-07-28 17:49:25","post_date_gmt":"2022-07-28 15:49:25","post_content":"","post_title":"Monte Carmelo","post_excerpt":"","post_status":"publish","comment_status":"closed","ping_status":"closed","post_password":"","post_name":"monte-carmelo","to_ping":"","pinged":"","post_modified":"2022-07-28 17:49:25","post_modified_gmt":"2022-07-28 15:49:25","post_content_filtered":"","post_parent":0,"guid":"http:\/\/dev.claret.cat\/editorial\/monte-carmelo\/","menu_order":0,"post_type":"editorial","post_mime_type":"","comment_count":"0","filter":"raw"}],"autores-libros":[{"ID":271666,"post_author":"3","post_date":"2022-12-09 03:39:09","post_date_gmt":"2022-12-09 02:39:09","post_content":"","post_title":"JAUME VIVES VIVES","post_excerpt":"","post_status":"publish","comment_status":"closed","ping_status":"closed","post_password":"","post_name":"jaume-vives-vives","to_ping":"","pinged":"","post_modified":"2022-12-09 03:39:09","post_modified_gmt":"2022-12-09 02:39:09","post_content_filtered":"","post_parent":0,"guid":"http:\/\/dev.claret.cat\/autor\/jaume-vives-vives\/","menu_order":0,"post_type":"autor","post_mime_type":"","comment_count":"0","filter":"raw"}]},"aioseo_notices":[],"_links":{"self":[{"href":"https:\/\/www.claret.cat\/es\/wp-json\/wp\/v2\/product\/258905","targetHints":{"allow":["GET"]}}],"collection":[{"href":"https:\/\/www.claret.cat\/es\/wp-json\/wp\/v2\/product"}],"about":[{"href":"https:\/\/www.claret.cat\/es\/wp-json\/wp\/v2\/types\/product"}],"wp:featuredmedia":[{"embeddable":true,"href":"https:\/\/www.claret.cat\/es\/wp-json\/wp\/v2\/media\/357447"}],"wp:attachment":[{"href":"https:\/\/www.claret.cat\/es\/wp-json\/wp\/v2\/media?parent=258905"}],"wp:term":[{"taxonomy":"product_brand","embeddable":true,"href":"https:\/\/www.claret.cat\/es\/wp-json\/wp\/v2\/product_brand?post=258905"},{"taxonomy":"product_cat","embeddable":true,"href":"https:\/\/www.claret.cat\/es\/wp-json\/wp\/v2\/product_cat?post=258905"},{"taxonomy":"product_tag","embeddable":true,"href":"https:\/\/www.claret.cat\/es\/wp-json\/wp\/v2\/product_tag?post=258905"}],"curies":[{"name":"wp","href":"https:\/\/api.w.org\/{rel}","templated":true}]}}