{"id":258987,"date":"2022-10-21T12:50:13","date_gmt":"2022-10-21T10:50:13","guid":{"rendered":"http:\/\/dev.claret.cat\/producte\/el-peso-del-cielo\/"},"modified":"2023-01-28T17:42:14","modified_gmt":"2023-01-28T16:42:14","slug":"el-peso-del-cielo-9788498729542","status":"publish","type":"product","link":"https:\/\/www.claret.cat\/es\/libro\/el-peso-del-cielo-9788498729542\/","title":{"rendered":"EL PESO DEL CIELO"},"content":{"rendered":"<p>Abril, 1915. La Primera Guerra Mundial sigue su implacable marcha. Entre las tropas brit\u00e1nicas enviadas al frente, se hallan los hermanos Reavley. Joseph, el mayor de los tres, ejerce de capell\u00e1n en las trincheras, mientras que Judith es conductora y traductora del general que est\u00e1 al mando del ej\u00e9rcito brit\u00e1nico. Matthew tambi\u00e9n participa en los acontecimientos hist\u00f3ricos desde su puesto en los servicios de inteligencia en Londres.<br \/> Tanto Joseph como \u00e9l siguen investigando la extra\u00f1a muerte de sus padres, hecho que asocian con un posible complot a nivel internacional y en el que dos de las potencias mundiales, Inglaterra y Alemania, estar\u00edan involucradas.<br \/> Adem\u00e1s de la inc\u00f3gnita en torno a sus progenitores y de tener que hacer frente a la cruda experiencia de la contienda, Joseph intenta descubrir qui\u00e9n asesin\u00f3 a Eldon Prentice, un corresponsal de guerra ingl\u00e9s que se hab\u00eda ganado la antipat\u00eda de muchos. Con la veracidad y riqueza de detalles que caracterizan a sus novelas de corte victoriano, Anne Perry retrata con humanismo el d\u00eda d\u00eda de aquellos que participaron en la Gran Guerra.<br \/> &#8216;Sus v\u00edvidas evocaciones de los campos de batalla -el dolor, el miedo y el extraordinario valor de unos j\u00f3venes que soportaron &#8216;el peso del cielo&#8217;- la convierten en una novela inolvidable.&#8217; Booklist.<\/p>\n","protected":false},"excerpt":{"rendered":"<p>PERRY, ANNE<\/p>\n","protected":false},"featured_media":258988,"template":"","meta":{"_acf_changed":false,"om_disable_all_campaigns":false,"rs_blank_template":"","rs_page_bg_color":"","slide_template_v7":"","inline_featured_image":false,"_monsterinsights_skip_tracking":false,"_monsterinsights_sitenote_active":false,"_monsterinsights_sitenote_note":"","_monsterinsights_sitenote_category":0},"product_brand":[],"product_cat":[16],"product_tag":[],"class_list":{"0":"post-258987","1":"product","2":"type-product","3":"status-publish","4":"has-post-thumbnail","6":"product_cat-sense-categoria","8":"first","9":"instock","10":"taxable","11":"shipping-taxable","12":"purchasable","13":"product-type-simple"},"acf":{"autor":"PERRY, ANNE","codart":"849872954","libros-coleccion":"","ediciones":"1","encuadernacion":"R\u00fastica","fecha_de_publicacion":"01\/05\/2014","novedad":"0","paginas":"384","subtitulo":"","orden":"999","portada":"0","idioma":"spa","autores-libros":[{"ID":150707,"post_author":"3","post_date":"2022-10-14 14:35:06","post_date_gmt":"2022-10-14 12:35:06","post_content":"","post_title":"ANNE PERRY","post_excerpt":"","post_status":"publish","comment_status":"closed","ping_status":"closed","post_password":"","post_name":"anne-perry","to_ping":"","pinged":"","post_modified":"2022-10-14 14:35:06","post_modified_gmt":"2022-10-14 12:35:06","post_content_filtered":"","post_parent":0,"guid":"http:\/\/dev.claret.cat\/autor\/anne-perry\/","menu_order":0,"post_type":"autor","post_mime_type":"","comment_count":"0","filter":"raw"}]},"aioseo_notices":[],"_links":{"self":[{"href":"https:\/\/www.claret.cat\/es\/wp-json\/wp\/v2\/product\/258987","targetHints":{"allow":["GET"]}}],"collection":[{"href":"https:\/\/www.claret.cat\/es\/wp-json\/wp\/v2\/product"}],"about":[{"href":"https:\/\/www.claret.cat\/es\/wp-json\/wp\/v2\/types\/product"}],"wp:featuredmedia":[{"embeddable":true,"href":"https:\/\/www.claret.cat\/es\/wp-json\/wp\/v2\/media\/258988"}],"wp:attachment":[{"href":"https:\/\/www.claret.cat\/es\/wp-json\/wp\/v2\/media?parent=258987"}],"wp:term":[{"taxonomy":"product_brand","embeddable":true,"href":"https:\/\/www.claret.cat\/es\/wp-json\/wp\/v2\/product_brand?post=258987"},{"taxonomy":"product_cat","embeddable":true,"href":"https:\/\/www.claret.cat\/es\/wp-json\/wp\/v2\/product_cat?post=258987"},{"taxonomy":"product_tag","embeddable":true,"href":"https:\/\/www.claret.cat\/es\/wp-json\/wp\/v2\/product_tag?post=258987"}],"curies":[{"name":"wp","href":"https:\/\/api.w.org\/{rel}","templated":true}]}}