{"id":259000,"date":"2022-10-21T12:50:32","date_gmt":"2022-10-21T10:50:32","guid":{"rendered":"http:\/\/dev.claret.cat\/producte\/ana-la-de-la-isla\/"},"modified":"2023-01-28T21:49:28","modified_gmt":"2023-01-28T20:49:28","slug":"ana-la-de-la-isla-9788415943211","status":"publish","type":"product","link":"https:\/\/www.claret.cat\/es\/libro\/ana-la-de-la-isla-9788415943211\/","title":{"rendered":"ANA LA DE LA ISLA"},"content":{"rendered":"<p>Nuevas sorpresas aguardan en los recodos del camino a Ana Shirley cuando decide abandonar su puesto como maestra de ni\u00f1os en la escuela de Avonlea. Llenando su maleta de recuerdos y tras decir adi\u00f3s al lugar donde hasta ahora ha sido m\u00e1s feliz, se encamina al Redmond College -en Kingsport, Nueva Escocia- para completar su educaci\u00f3n. Su antigua amiga Priscilla la espera en la gran ciudad.<br \/> En esta flamante etapa, Ana, junto a viejos y nuevos compa\u00f1eros, dejar\u00e1 atr\u00e1s los d\u00edas de su infancia y descubrir\u00e1 la vida en su plenitud; ver\u00e1 publicado su primer relato, e incluso recibir\u00e1 su primera propuesta de matrimonio. Aunque no todo ser\u00e1 agradable: una tragedia imprevista le ense\u00f1ar\u00e1 una dolorosa lecci\u00f3n. Pero las l\u00e1grimas se tornar\u00e1n sonrisas cuando ella y sus amigas se trasladen a una nueva casa y un intratable gato le robe el coraz\u00f3n.<br \/> Ana tendr\u00e1 que dilucidar tambi\u00e9n los sentimientos que alberga en su interior, ya que el apuesto Gylbert Blythe quiere conquistarla. Deber\u00e1 decidir si es el pr\u00edncipe azul que estaba esperando y si, en realidad, est\u00e1 preparada para el amor&#8230;<\/p>\n","protected":false},"excerpt":{"rendered":"<p>MONTGOMERY, LUCY MAUD<\/p>\n","protected":false},"featured_media":277187,"template":"","meta":{"_acf_changed":false,"om_disable_all_campaigns":false,"rs_blank_template":"","rs_page_bg_color":"","slide_template_v7":"","inline_featured_image":false,"_monsterinsights_skip_tracking":false,"_monsterinsights_sitenote_active":false,"_monsterinsights_sitenote_note":"","_monsterinsights_sitenote_category":0},"product_brand":[],"product_cat":[90,540],"product_tag":[],"class_list":{"0":"post-259000","1":"product","2":"type-product","3":"status-publish","4":"has-post-thumbnail","6":"product_cat-altres","7":"product_cat-otros","9":"first","10":"instock","11":"taxable","12":"shipping-taxable","13":"purchasable","14":"product-type-simple"},"acf":{"autor":"MONTGOMERY, LUCY MAUD","codart":"841594321","libros-coleccion":"","ediciones":"1","encuadernacion":"R\u00fastica","fecha_de_publicacion":"01\/05\/2014","novedad":"0","paginas":"288","subtitulo":"","orden":"999","portada":"0","idioma":"spa","autores-libros":[{"ID":162631,"post_author":"3","post_date":"2022-10-14 17:32:33","post_date_gmt":"2022-10-14 15:32:33","post_content":"","post_title":"LUCY MAUD MONTGOMERY","post_excerpt":"","post_status":"publish","comment_status":"closed","ping_status":"closed","post_password":"","post_name":"lucy-maud-montgomery","to_ping":"","pinged":"","post_modified":"2022-10-14 17:32:33","post_modified_gmt":"2022-10-14 15:32:33","post_content_filtered":"","post_parent":0,"guid":"http:\/\/dev.claret.cat\/autor\/lucy-maud-montgomery\/","menu_order":0,"post_type":"autor","post_mime_type":"","comment_count":"0","filter":"raw"}],"editorial":[{"ID":262523,"post_author":"3","post_date":"2022-10-24 11:25:29","post_date_gmt":"2022-10-24 09:25:29","post_content":"","post_title":"TOROMITICO","post_excerpt":"","post_status":"publish","comment_status":"closed","ping_status":"closed","post_password":"","post_name":"toromitico","to_ping":"","pinged":"","post_modified":"2022-10-24 11:25:29","post_modified_gmt":"2022-10-24 09:25:29","post_content_filtered":"","post_parent":0,"guid":"http:\/\/dev.claret.cat\/editorial\/toromitico\/","menu_order":0,"post_type":"editorial","post_mime_type":"","comment_count":"0","filter":"raw"}]},"aioseo_notices":[],"_links":{"self":[{"href":"https:\/\/www.claret.cat\/es\/wp-json\/wp\/v2\/product\/259000","targetHints":{"allow":["GET"]}}],"collection":[{"href":"https:\/\/www.claret.cat\/es\/wp-json\/wp\/v2\/product"}],"about":[{"href":"https:\/\/www.claret.cat\/es\/wp-json\/wp\/v2\/types\/product"}],"wp:featuredmedia":[{"embeddable":true,"href":"https:\/\/www.claret.cat\/es\/wp-json\/wp\/v2\/media\/277187"}],"wp:attachment":[{"href":"https:\/\/www.claret.cat\/es\/wp-json\/wp\/v2\/media?parent=259000"}],"wp:term":[{"taxonomy":"product_brand","embeddable":true,"href":"https:\/\/www.claret.cat\/es\/wp-json\/wp\/v2\/product_brand?post=259000"},{"taxonomy":"product_cat","embeddable":true,"href":"https:\/\/www.claret.cat\/es\/wp-json\/wp\/v2\/product_cat?post=259000"},{"taxonomy":"product_tag","embeddable":true,"href":"https:\/\/www.claret.cat\/es\/wp-json\/wp\/v2\/product_tag?post=259000"}],"curies":[{"name":"wp","href":"https:\/\/api.w.org\/{rel}","templated":true}]}}