{"id":259006,"date":"2022-10-21T12:50:40","date_gmt":"2022-10-21T10:50:40","guid":{"rendered":"http:\/\/dev.claret.cat\/producte\/excursions-amb-nens-per-la-catalunya-central\/"},"modified":"2023-01-28T07:54:15","modified_gmt":"2023-01-28T06:54:15","slug":"excursions-amb-nens-per-la-catalunya-central-9788490342343","status":"publish","type":"product","link":"https:\/\/www.claret.cat\/es\/libro\/excursions-amb-nens-per-la-catalunya-central-9788490342343\/","title":{"rendered":"EXCURSIONS AMB NENS PER LA CATALUNYA CENTRAL"},"content":{"rendered":"<p>&#8216;Excursions amb nens per la Catalunya Central des d&#8217;una \u00e0rea de p\u00edcnic&#8217; \u00e9s una guia f\u00e0cil i entenedora, que recull 12 itineraris pel Bages, el Solson\u00e8s i el Bergued\u00e0\u00a0 per fer a peu i en BTT, assequible per a totes les condicions f\u00edsiques i edats, especialment indicada per fer en fam\u00edlia. Amb aquest llibre podreu passejar per prats subalpins enmig de vaques i ramats d&#8217;ovelles, agafar llanterna i bicicleta per entrar, muntanya endins, en antigues vies de tren per al transport de fusta del bosc, travessar passeres i ponts penjats sobre rius vermellosos, veure com neix un riu de la muntanya o enfilar-vos dalt d&#8217;una roca per admirar un falc\u00f3 solitari. Totes les rutes proposades tenen com a nexe una \u00e0rea de p\u00edcnic, origen i dest\u00ed \u00ad des d&#8217;on emprendre l&#8217;aventura o refer forces despr\u00e9s d&#8217;una jornada d&#8217;acci\u00f3, amb una acurada descripci\u00f3 dels seus equipaments i serveis, la manera d&#8217;accedir-hi o els tel\u00e9fons de contacte.<\/p>\n","protected":false},"excerpt":{"rendered":"<p>VASTENAVOND, BARBARA \/ SERVENT ARRANC\u00d3, RAFAEL<\/p>\n","protected":false},"featured_media":319744,"template":"","meta":{"_acf_changed":false,"om_disable_all_campaigns":false,"rs_blank_template":"","rs_page_bg_color":"","slide_template_v7":"","inline_featured_image":false,"_monsterinsights_skip_tracking":false,"_monsterinsights_sitenote_active":false,"_monsterinsights_sitenote_note":"","_monsterinsights_sitenote_category":0},"product_brand":[],"product_cat":[557,107],"product_tag":[],"class_list":{"0":"post-259006","1":"product","2":"type-product","3":"status-publish","4":"has-post-thumbnail","6":"product_cat-guias-de-viaje","7":"product_cat-guies-de-viatge","9":"first","10":"instock","11":"taxable","12":"shipping-taxable","13":"purchasable","14":"product-type-simple"},"acf":{"autor":"VASTENAVOND, BARBARA \/ SERVENT ARRANC\u00d3, RAFAEL","codart":"849034234","libros-coleccion":"","ediciones":"1","encuadernacion":"R\u00fastica","fecha_de_publicacion":"01\/05\/2014","novedad":"0","paginas":"60","subtitulo":"DES D''UNA \u00c0REA DE P\u00cdCNIC","orden":"999","portada":"0","idioma":"spa","editorial":[{"ID":6171,"post_author":"3","post_date":"2022-07-28 17:46:25","post_date_gmt":"2022-07-28 15:46:25","post_content":"","post_title":"COSSETANIA EDICIONS","post_excerpt":"","post_status":"publish","comment_status":"closed","ping_status":"closed","post_password":"","post_name":"cossetania-edicions","to_ping":"","pinged":"","post_modified":"2022-07-28 17:46:25","post_modified_gmt":"2022-07-28 15:46:25","post_content_filtered":"","post_parent":0,"guid":"http:\/\/dev.claret.cat\/editorial\/cossetania-edicions\/","menu_order":0,"post_type":"editorial","post_mime_type":"","comment_count":"0","filter":"raw"}],"autores-libros":[{"ID":319743,"post_author":"3","post_date":"2023-01-02 23:35:21","post_date_gmt":"2023-01-02 22:35:21","post_content":"","post_title":"RAFAEL SERVENT ARRANC\u00d3","post_excerpt":"","post_status":"publish","comment_status":"closed","ping_status":"closed","post_password":"","post_name":"rafael-servent-arranco","to_ping":"","pinged":"","post_modified":"2023-01-02 23:35:21","post_modified_gmt":"2023-01-02 22:35:21","post_content_filtered":"","post_parent":0,"guid":"https:\/\/www.claret.cat\/autor\/rafael-servent-arranco\/","menu_order":0,"post_type":"autor","post_mime_type":"","comment_count":"0","filter":"raw"},{"ID":301250,"post_author":"3","post_date":"2022-12-16 02:48:08","post_date_gmt":"2022-12-16 01:48:08","post_content":"","post_title":"BARBARA VASTENAVOND","post_excerpt":"","post_status":"publish","comment_status":"closed","ping_status":"closed","post_password":"","post_name":"barbara-vastenavond","to_ping":"","pinged":"","post_modified":"2022-12-16 02:48:08","post_modified_gmt":"2022-12-16 01:48:08","post_content_filtered":"","post_parent":0,"guid":"http:\/\/dev.claret.cat\/autor\/barbara-vastenavond\/","menu_order":0,"post_type":"autor","post_mime_type":"","comment_count":"0","filter":"raw"}]},"aioseo_notices":[],"_links":{"self":[{"href":"https:\/\/www.claret.cat\/es\/wp-json\/wp\/v2\/product\/259006","targetHints":{"allow":["GET"]}}],"collection":[{"href":"https:\/\/www.claret.cat\/es\/wp-json\/wp\/v2\/product"}],"about":[{"href":"https:\/\/www.claret.cat\/es\/wp-json\/wp\/v2\/types\/product"}],"wp:featuredmedia":[{"embeddable":true,"href":"https:\/\/www.claret.cat\/es\/wp-json\/wp\/v2\/media\/319744"}],"wp:attachment":[{"href":"https:\/\/www.claret.cat\/es\/wp-json\/wp\/v2\/media?parent=259006"}],"wp:term":[{"taxonomy":"product_brand","embeddable":true,"href":"https:\/\/www.claret.cat\/es\/wp-json\/wp\/v2\/product_brand?post=259006"},{"taxonomy":"product_cat","embeddable":true,"href":"https:\/\/www.claret.cat\/es\/wp-json\/wp\/v2\/product_cat?post=259006"},{"taxonomy":"product_tag","embeddable":true,"href":"https:\/\/www.claret.cat\/es\/wp-json\/wp\/v2\/product_tag?post=259006"}],"curies":[{"name":"wp","href":"https:\/\/api.w.org\/{rel}","templated":true}]}}