{"id":259331,"date":"2022-10-21T12:59:28","date_gmt":"2022-10-21T10:59:28","guid":{"rendered":"http:\/\/dev.claret.cat\/producte\/si-beethoven-pogues-escoltar-me\/"},"modified":"2025-01-31T14:18:32","modified_gmt":"2025-01-31T13:18:32","slug":"si-beethoven-pogues-escoltarme-9788415642756","status":"publish","type":"product","link":"https:\/\/www.claret.cat\/es\/libro\/si-beethoven-pogues-escoltarme-9788415642756\/","title":{"rendered":"SI BEETHOVEN POGU\u00c9S ESCOLTAR-ME"},"content":{"rendered":"<p>Ramon Gener \u00e9s un apassionat de la m\u00fasica. De fet, nom\u00e9s hi ha una cosa que l?apassioni m\u00e9s: compartir aquesta d\u00e8ria, fer-nos c\u00f2mplices d?aquesta manera de viure i de sentir. Perqu\u00e8, com ens explica en aquest llibre, si s?apr\u00e8n a escoltar-la, a con\u00e8ixer-la, a estimar-la, la m\u00fasica ens pot donar les claus per entendre el valor de l?amistat, la necessitat de la imaginaci\u00f3 o la import\u00e0ncia de ser sempre curi\u00f3s i valent.<br \/>Aquestes s\u00f3n algunes de les coses que la m\u00fasica ha ensenyat a Ramon Gener al llarg de la vida, i que comparteix amb tots nosaltres en un llibre ple d?hist\u00f2ria i an\u00e8cdotes curioses, pinzellades biogr\u00e0fiques, sentit de l?humor, passi\u00f3 i molta, molt\u00edssima m\u00fasica.<br \/>\u00abLa m\u00fasica \u00e9s la millor companya de viatge que mai hauria pogut somiar. Una companya que no ha deixat mai d?ensenyar-me alguna cosa nova cada dia. He arribat fins aqu\u00ed gr\u00e0cies a ella i seguint sempre el dictat del cor. Moltes vegades m?he equivocat. Moltes. Moltes vegades no me n?he sortit. Per\u00f2 no importa quantes vegades m?hagi equivocat, no m?he penedit mai d?intentar-ho. Sempre hi he tornat, perqu\u00e8 s\u00e9 que si segueixo el cor i la m\u00fasica tot, absolutament tot, ser\u00e0 possible.\u00bb<\/p>\n","protected":false},"excerpt":{"rendered":"<p>GENER, RAMON<\/p>\n","protected":false},"featured_media":259332,"template":"","meta":{"_acf_changed":false,"om_disable_all_campaigns":false,"rs_blank_template":"","rs_page_bg_color":"","slide_template_v7":"","inline_featured_image":false,"_monsterinsights_skip_tracking":false,"_monsterinsights_sitenote_active":false,"_monsterinsights_sitenote_note":"","_monsterinsights_sitenote_category":0},"product_brand":[],"product_cat":[111,332,348,82],"product_tag":[],"class_list":{"0":"post-259331","1":"product","2":"type-product","3":"status-publish","4":"has-post-thumbnail","6":"product_cat-musica","7":"product_cat-musica-4_escolar-spa","8":"product_cat-pedagogia-2_humanidades","9":"product_cat-pedagogia","11":"first","12":"instock","13":"taxable","14":"shipping-taxable","15":"purchasable","16":"product-type-simple"},"acf":{"autor":"GENER, RAMON","codart":"841564275","libros-coleccion":"","ediciones":"0","encuadernacion":"Carton\u00e9","fecha_de_publicacion":"01\/04\/2014","novedad":"0","paginas":"226","subtitulo":"","orden":"999","portada":"0","idioma":"cat","editorial":[{"ID":147453,"post_author":"3","post_date":"2022-10-14 11:50:42","post_date_gmt":"2022-10-14 09:50:42","post_content":"","post_title":"ARA LLIBRES","post_excerpt":"","post_status":"publish","comment_status":"closed","ping_status":"closed","post_password":"","post_name":"ara-llibres","to_ping":"","pinged":"","post_modified":"2022-10-14 11:50:42","post_modified_gmt":"2022-10-14 09:50:42","post_content_filtered":"","post_parent":0,"guid":"http:\/\/dev.claret.cat\/editorial\/ara-llibres\/","menu_order":0,"post_type":"editorial","post_mime_type":"","comment_count":"0","filter":"raw"}],"autores-libros":[{"ID":167720,"post_author":"3","post_date":"2022-10-14 18:13:28","post_date_gmt":"2022-10-14 16:13:28","post_content":"","post_title":"RAMON GENER","post_excerpt":"","post_status":"publish","comment_status":"closed","ping_status":"closed","post_password":"","post_name":"ramon-gener","to_ping":"","pinged":"","post_modified":"2022-10-14 18:13:28","post_modified_gmt":"2022-10-14 16:13:28","post_content_filtered":"","post_parent":0,"guid":"http:\/\/dev.claret.cat\/autor\/ramon-gener\/","menu_order":0,"post_type":"autor","post_mime_type":"","comment_count":"0","filter":"raw"}]},"aioseo_notices":[],"_links":{"self":[{"href":"https:\/\/www.claret.cat\/es\/wp-json\/wp\/v2\/product\/259331","targetHints":{"allow":["GET"]}}],"collection":[{"href":"https:\/\/www.claret.cat\/es\/wp-json\/wp\/v2\/product"}],"about":[{"href":"https:\/\/www.claret.cat\/es\/wp-json\/wp\/v2\/types\/product"}],"wp:featuredmedia":[{"embeddable":true,"href":"https:\/\/www.claret.cat\/es\/wp-json\/wp\/v2\/media\/259332"}],"wp:attachment":[{"href":"https:\/\/www.claret.cat\/es\/wp-json\/wp\/v2\/media?parent=259331"}],"wp:term":[{"taxonomy":"product_brand","embeddable":true,"href":"https:\/\/www.claret.cat\/es\/wp-json\/wp\/v2\/product_brand?post=259331"},{"taxonomy":"product_cat","embeddable":true,"href":"https:\/\/www.claret.cat\/es\/wp-json\/wp\/v2\/product_cat?post=259331"},{"taxonomy":"product_tag","embeddable":true,"href":"https:\/\/www.claret.cat\/es\/wp-json\/wp\/v2\/product_tag?post=259331"}],"curies":[{"name":"wp","href":"https:\/\/api.w.org\/{rel}","templated":true}]}}