{"id":259356,"date":"2022-10-21T13:00:17","date_gmt":"2022-10-21T11:00:17","guid":{"rendered":"http:\/\/dev.claret.cat\/producte\/evangelio-segun-san-lucas-3\/"},"modified":"2025-11-24T11:42:15","modified_gmt":"2025-11-24T10:42:15","slug":"evangelio-segun-san-lucas-9788422017219","status":"publish","type":"product","link":"https:\/\/www.claret.cat\/es\/libro\/evangelio-segun-san-lucas-9788422017219\/","title":{"rendered":"EVANGELIO SEGUN SAN LUCAS"},"content":{"rendered":"<p>La serie Comprender la Palabra trata de explicar, comentar y acercar a los fieles el texto b\u00edblico que escuchan en la liturgia y leen personalmente o en grupo. Su finalidad es a la par profundamente pastoral y cient\u00edfica. Es decir, se trata de comentarios que parten de un serio estudio del texto y sus variantes, de los sentidos de las palabras, del contexto hist\u00f3rico y religioso, de las concepciones antropol\u00f3gicas y teol\u00f3gicas de fondo. A partir de ah\u00ed, cada comentario particular trata de mostrar al fiel cristiano con un lenguaje sencillo el significado del texto y su permanente valor para alimentar la vida de fe.<\/p>\n","protected":false},"excerpt":{"rendered":"<p>RODRIGUEZ CARMONA,ANTONIO<\/p>\n","protected":false},"featured_media":1067896,"template":"","meta":{"_acf_changed":false,"om_disable_all_campaigns":false,"rs_blank_template":"","rs_page_bg_color":"","slide_template_v7":"","inline_featured_image":false,"_monsterinsights_skip_tracking":false,"_monsterinsights_sitenote_active":false,"_monsterinsights_sitenote_note":"","_monsterinsights_sitenote_category":0},"product_brand":[],"product_cat":[90,540],"product_tag":[],"class_list":{"0":"post-259356","1":"product","2":"type-product","3":"status-publish","4":"has-post-thumbnail","6":"product_cat-altres","7":"product_cat-otros","9":"first","10":"instock","11":"taxable","12":"shipping-taxable","13":"purchasable","14":"product-type-simple"},"acf":{"autor":"RODRIGUEZ CARMONA,ANTONIO","codart":"842201721","libros-coleccion":"FORA DE COL.LECCI\u00d3","ediciones":"1","encuadernacion":"[EditValue is null]","fecha_de_publicacion":"01\/04\/2014","novedad":"0","paginas":"414","subtitulo":"","orden":"999","portada":"0","idioma":"spa","editorial":[{"ID":6143,"post_author":"3","post_date":"2022-07-28 17:45:48","post_date_gmt":"2022-07-28 15:45:48","post_content":"","post_title":"BIBLIOTECA AUTORES CRISTIANOS","post_excerpt":"","post_status":"publish","comment_status":"closed","ping_status":"closed","post_password":"","post_name":"biblioteca-autores-cristianos","to_ping":"","pinged":"","post_modified":"2022-07-28 17:45:48","post_modified_gmt":"2022-07-28 15:45:48","post_content_filtered":"","post_parent":0,"guid":"http:\/\/dev.claret.cat\/editorial\/biblioteca-autores-cristianos\/","menu_order":0,"post_type":"editorial","post_mime_type":"","comment_count":"0","filter":"raw"}],"autores-libros":[{"ID":5268,"post_author":"3","post_date":"2022-07-28 17:20:24","post_date_gmt":"2022-07-28 15:20:24","post_content":"","post_title":"ANTONIO RODRIGUEZ CARMONA","post_excerpt":"","post_status":"publish","comment_status":"closed","ping_status":"closed","post_password":"","post_name":"antonio-rodriguez-carmona","to_ping":"","pinged":"","post_modified":"2022-07-28 17:20:24","post_modified_gmt":"2022-07-28 15:20:24","post_content_filtered":"","post_parent":0,"guid":"http:\/\/dev.claret.cat\/autor\/antonio-rodriguez-carmona\/","menu_order":0,"post_type":"autor","post_mime_type":"","comment_count":"0","filter":"raw"}],"booktrailer":"","resenas":""},"aioseo_notices":[],"_links":{"self":[{"href":"https:\/\/www.claret.cat\/es\/wp-json\/wp\/v2\/product\/259356","targetHints":{"allow":["GET"]}}],"collection":[{"href":"https:\/\/www.claret.cat\/es\/wp-json\/wp\/v2\/product"}],"about":[{"href":"https:\/\/www.claret.cat\/es\/wp-json\/wp\/v2\/types\/product"}],"wp:featuredmedia":[{"embeddable":true,"href":"https:\/\/www.claret.cat\/es\/wp-json\/wp\/v2\/media\/1067896"}],"wp:attachment":[{"href":"https:\/\/www.claret.cat\/es\/wp-json\/wp\/v2\/media?parent=259356"}],"wp:term":[{"taxonomy":"product_brand","embeddable":true,"href":"https:\/\/www.claret.cat\/es\/wp-json\/wp\/v2\/product_brand?post=259356"},{"taxonomy":"product_cat","embeddable":true,"href":"https:\/\/www.claret.cat\/es\/wp-json\/wp\/v2\/product_cat?post=259356"},{"taxonomy":"product_tag","embeddable":true,"href":"https:\/\/www.claret.cat\/es\/wp-json\/wp\/v2\/product_tag?post=259356"}],"curies":[{"name":"wp","href":"https:\/\/api.w.org\/{rel}","templated":true}]}}