{"id":259359,"date":"2022-10-21T13:00:22","date_gmt":"2022-10-21T11:00:22","guid":{"rendered":"http:\/\/dev.claret.cat\/producte\/sicilia-4-2\/"},"modified":"2023-01-28T02:43:42","modified_gmt":"2023-01-28T01:43:42","slug":"sicilia-4-9788408125921","status":"publish","type":"product","link":"https:\/\/www.claret.cat\/es\/libro\/sicilia-4-9788408125921\/","title":{"rendered":"SICILIA 4"},"content":{"rendered":"<p>Ubicada en el coraz\u00f3n del Mediterr\u00e1neo es el eterno punto de encuentro entre Oriente y Occidente, \u00c1frica y Europa. No en vano Homero y Virgilio ya cantaron sus excelencias y los fenicios, los cartagineses, los griegos y los romanos se apresuraron a instalarse en ella.Incluye:Im\u00e1genes a color, itinerarios, rese\u00f1as y sugerencias para planificar el viaje perfectoCap\u00edtulo especial sobre la arquitectura de SiciliaConsejos para viajar con ni\u00f1os y desplazarse en cocheInformaci\u00f3n completa sobre: Palermo y alrededores, Sicilia occidental, Costa Tirrena, Islas Eolias, Costa J\u00f3nica, Siracusa y el Sureste, Sicilia central y Costa Mediterr\u00e1nea.<\/p>\n","protected":false},"excerpt":{"rendered":"<p>CLARK, GREGOR \/ MARIC, VE<\/p>\n","protected":false},"featured_media":259360,"template":"","meta":{"_acf_changed":false,"om_disable_all_campaigns":false,"rs_blank_template":"","rs_page_bg_color":"","slide_template_v7":"","inline_featured_image":false,"_monsterinsights_skip_tracking":false,"_monsterinsights_sitenote_active":false,"_monsterinsights_sitenote_note":"","_monsterinsights_sitenote_category":0},"product_brand":[],"product_cat":[107],"product_tag":[],"class_list":{"0":"post-259359","1":"product","2":"type-product","3":"status-publish","4":"has-post-thumbnail","6":"product_cat-guies-de-viatge","8":"first","9":"instock","10":"taxable","11":"shipping-taxable","12":"purchasable","13":"product-type-simple"},"acf":{"autor":"CLARK, GREGOR \/ MARIC, VE","codart":"840812592","libros-coleccion":"","ediciones":"1","encuadernacion":"R\u00fastica","fecha_de_publicacion":"01\/04\/2014","novedad":"0","paginas":"336","subtitulo":"","orden":"999","portada":"0","idioma":"spa","editorial":[{"ID":8244,"post_author":"3","post_date":"2022-09-30 09:21:26","post_date_gmt":"2022-09-30 07:21:26","post_content":"","post_title":"GEOPLANETA EDITORIAL","post_excerpt":"","post_status":"publish","comment_status":"closed","ping_status":"closed","post_password":"","post_name":"geoplaneta-editorial","to_ping":"","pinged":"","post_modified":"2022-09-30 09:21:26","post_modified_gmt":"2022-09-30 07:21:26","post_content_filtered":"","post_parent":0,"guid":"http:\/\/dev.claret.cat\/editorial\/geoplaneta-editorial\/","menu_order":0,"post_type":"editorial","post_mime_type":"","comment_count":"0","filter":"raw"}],"autores-libros":[{"ID":157122,"post_author":"3","post_date":"2022-10-14 15:26:17","post_date_gmt":"2022-10-14 13:26:17","post_content":"","post_title":"GREGOR CLARK","post_excerpt":"","post_status":"publish","comment_status":"closed","ping_status":"closed","post_password":"","post_name":"gregor-clark","to_ping":"","pinged":"","post_modified":"2022-10-14 15:26:17","post_modified_gmt":"2022-10-14 13:26:17","post_content_filtered":"","post_parent":0,"guid":"http:\/\/dev.claret.cat\/autor\/gregor-clark\/","menu_order":0,"post_type":"autor","post_mime_type":"","comment_count":"0","filter":"raw"}]},"aioseo_notices":[],"_links":{"self":[{"href":"https:\/\/www.claret.cat\/es\/wp-json\/wp\/v2\/product\/259359","targetHints":{"allow":["GET"]}}],"collection":[{"href":"https:\/\/www.claret.cat\/es\/wp-json\/wp\/v2\/product"}],"about":[{"href":"https:\/\/www.claret.cat\/es\/wp-json\/wp\/v2\/types\/product"}],"wp:featuredmedia":[{"embeddable":true,"href":"https:\/\/www.claret.cat\/es\/wp-json\/wp\/v2\/media\/259360"}],"wp:attachment":[{"href":"https:\/\/www.claret.cat\/es\/wp-json\/wp\/v2\/media?parent=259359"}],"wp:term":[{"taxonomy":"product_brand","embeddable":true,"href":"https:\/\/www.claret.cat\/es\/wp-json\/wp\/v2\/product_brand?post=259359"},{"taxonomy":"product_cat","embeddable":true,"href":"https:\/\/www.claret.cat\/es\/wp-json\/wp\/v2\/product_cat?post=259359"},{"taxonomy":"product_tag","embeddable":true,"href":"https:\/\/www.claret.cat\/es\/wp-json\/wp\/v2\/product_tag?post=259359"}],"curies":[{"name":"wp","href":"https:\/\/api.w.org\/{rel}","templated":true}]}}