{"id":25937,"date":"2022-10-02T10:37:45","date_gmt":"2022-10-02T08:37:45","guid":{"rendered":"http:\/\/dev.claret.cat\/producte\/las-parabolas-del-evangelio\/"},"modified":"2024-05-24T04:24:49","modified_gmt":"2024-05-24T02:24:49","slug":"las-parabolas-del-evangelio-9788432160615","status":"publish","type":"product","link":"https:\/\/www.claret.cat\/es\/libro\/las-parabolas-del-evangelio-9788432160615\/","title":{"rendered":"LAS PARABOLAS DEL EVANGELIO"},"content":{"rendered":"<p>Con sus comentarios a doce par\u00e1bolas, san Gregorio anima al amor a Dios y al pr\u00f3jimo, a la correcci\u00f3n fraterna y a vencer la tentaci\u00f3n.<\/p>\n","protected":false},"excerpt":{"rendered":"<p>SAN GREGORIO MAGNO<\/p>\n","protected":false},"featured_media":344630,"template":"","meta":{"_acf_changed":false,"om_disable_all_campaigns":false,"rs_blank_template":"","rs_page_bg_color":"","slide_template_v7":"","inline_featured_image":false,"_monsterinsights_skip_tracking":false,"_monsterinsights_sitenote_active":false,"_monsterinsights_sitenote_note":"","_monsterinsights_sitenote_category":0},"product_brand":[],"product_cat":[284,418,275,413,278,508],"product_tag":[],"class_list":{"0":"post-25937","1":"product","2":"type-product","3":"status-publish","4":"has-post-thumbnail","6":"product_cat-espiritual","7":"product_cat-espiritual-teologia-1_espiritualidad","8":"product_cat-fonamental","9":"product_cat-fundamental","10":"product_cat-misteri-de-deu","11":"product_cat-misterio-de-dios","13":"first","14":"instock","15":"taxable","16":"shipping-taxable","17":"purchasable","18":"product-type-simple"},"acf":{"autor":"SAN GREGORIO MAGNO","codart":"843216061","libros-coleccion":"Nebl\u00ed","ediciones":"3","encuadernacion":"R\u00fastica","fecha_de_publicacion":"01\/02\/2022","novedad":"1","paginas":"210","subtitulo":"","orden":"0","portada":"0","idioma":"spa","editorial":[{"ID":6348,"post_author":"3","post_date":"2022-07-28 17:50:16","post_date_gmt":"2022-07-28 15:50:16","post_content":"","post_title":"Rialp","post_excerpt":"","post_status":"publish","comment_status":"closed","ping_status":"closed","post_password":"","post_name":"rialp","to_ping":"","pinged":"","post_modified":"2022-07-28 17:50:16","post_modified_gmt":"2022-07-28 15:50:16","post_content_filtered":"","post_parent":0,"guid":"http:\/\/dev.claret.cat\/editorial\/rialp\/","menu_order":0,"post_type":"editorial","post_mime_type":"","comment_count":"0","filter":"raw"}],"autores-libros":[{"ID":168915,"post_author":"3","post_date":"2022-10-14 22:22:58","post_date_gmt":"2022-10-14 20:22:58","post_content":"","post_title":"SAN GREGORIO MAGNO","post_excerpt":"","post_status":"publish","comment_status":"closed","ping_status":"closed","post_password":"","post_name":"san-gregorio-magno","to_ping":"","pinged":"","post_modified":"2022-10-14 22:22:58","post_modified_gmt":"2022-10-14 20:22:58","post_content_filtered":"","post_parent":0,"guid":"http:\/\/dev.claret.cat\/autor\/san-gregorio-magno\/","menu_order":0,"post_type":"autor","post_mime_type":"","comment_count":"0","filter":"raw"}]},"aioseo_notices":[],"_links":{"self":[{"href":"https:\/\/www.claret.cat\/es\/wp-json\/wp\/v2\/product\/25937","targetHints":{"allow":["GET"]}}],"collection":[{"href":"https:\/\/www.claret.cat\/es\/wp-json\/wp\/v2\/product"}],"about":[{"href":"https:\/\/www.claret.cat\/es\/wp-json\/wp\/v2\/types\/product"}],"wp:featuredmedia":[{"embeddable":true,"href":"https:\/\/www.claret.cat\/es\/wp-json\/wp\/v2\/media\/344630"}],"wp:attachment":[{"href":"https:\/\/www.claret.cat\/es\/wp-json\/wp\/v2\/media?parent=25937"}],"wp:term":[{"taxonomy":"product_brand","embeddable":true,"href":"https:\/\/www.claret.cat\/es\/wp-json\/wp\/v2\/product_brand?post=25937"},{"taxonomy":"product_cat","embeddable":true,"href":"https:\/\/www.claret.cat\/es\/wp-json\/wp\/v2\/product_cat?post=25937"},{"taxonomy":"product_tag","embeddable":true,"href":"https:\/\/www.claret.cat\/es\/wp-json\/wp\/v2\/product_tag?post=25937"}],"curies":[{"name":"wp","href":"https:\/\/api.w.org\/{rel}","templated":true}]}}