{"id":259504,"date":"2022-10-21T13:04:05","date_gmt":"2022-10-21T11:04:05","guid":{"rendered":"http:\/\/dev.claret.cat\/producte\/mes-de-mayo-con-el-papa-francisco\/"},"modified":"2024-05-23T07:04:44","modified_gmt":"2024-05-23T05:04:44","slug":"mes-de-mayo-con-el-papa-francisco-9788490231722","status":"publish","type":"product","link":"https:\/\/www.claret.cat\/es\/libro\/mes-de-mayo-con-el-papa-francisco-9788490231722\/","title":{"rendered":"MES DE MAYO CON EL PAPA FRANCISCO"},"content":{"rendered":"<p>Se ofrece en este breve libro una recopilaci\u00f3n del pensamiento del papa Francisco sobre Mar\u00eda en el per\u00edodo comprendido entre el 13 de marzo de 2013 y el 31 de diciembre de 2013. A lo largo de estos meses de pontificado, el papa Francisco ha hablado de Mar\u00eda en diversas ocasiones. Las intervenciones se encuentran en la p\u00e1gina web del Vaticano al alcance de todos. Esa ha sido la fuente de donde se han extra\u00eddo los textos aqu\u00ed recogidos, con el permiso pertinente de la Librer\u00eda Editrice Vaticana. El &#8216;mes de mayo&#8217; es una oportunidad que la tradici\u00f3n popular mariana nos ofrece a los cristianos para profundizar en la devoci\u00f3n mariana.<\/p>\n","protected":false},"excerpt":{"rendered":"<p>ALVARO, GINEL<\/p>\n","protected":false},"featured_media":358985,"template":"","meta":{"_acf_changed":false,"om_disable_all_campaigns":false,"rs_blank_template":"","rs_page_bg_color":"","slide_template_v7":"","inline_featured_image":false,"_monsterinsights_skip_tracking":false,"_monsterinsights_sitenote_active":false,"_monsterinsights_sitenote_note":"","_monsterinsights_sitenote_category":0},"product_brand":[],"product_cat":[90,540],"product_tag":[],"class_list":{"0":"post-259504","1":"product","2":"type-product","3":"status-publish","4":"has-post-thumbnail","6":"product_cat-altres","7":"product_cat-otros","9":"first","10":"instock","11":"taxable","12":"shipping-taxable","13":"purchasable","14":"product-type-simple"},"acf":{"autor":"ALVARO, GINEL","codart":"849023172","libros-coleccion":"Celebrar y Orar","ediciones":"1","encuadernacion":"[Vac\u00edo]","fecha_de_publicacion":"01\/04\/2014","novedad":"0","paginas":"92","subtitulo":"","orden":"999","portada":"0","idioma":"spa","editorial":[{"ID":6155,"post_author":"3","post_date":"2022-07-28 17:46:04","post_date_gmt":"2022-07-28 15:46:04","post_content":"","post_title":"Central Catequ\u00edstica Salesiana","post_excerpt":"","post_status":"publish","comment_status":"closed","ping_status":"closed","post_password":"","post_name":"central-catequistica-salesiana","to_ping":"","pinged":"","post_modified":"2022-07-28 17:46:04","post_modified_gmt":"2022-07-28 15:46:04","post_content_filtered":"","post_parent":0,"guid":"http:\/\/dev.claret.cat\/editorial\/central-catequistica-salesiana\/","menu_order":0,"post_type":"editorial","post_mime_type":"","comment_count":"0","filter":"raw"}],"autores-libros":[{"ID":358984,"post_author":"3","post_date":"2023-01-15 04:30:09","post_date_gmt":"2023-01-15 03:30:09","post_content":"","post_title":"GINEL ALVARO","post_excerpt":"","post_status":"publish","comment_status":"closed","ping_status":"closed","post_password":"","post_name":"ginel-alvaro","to_ping":"","pinged":"","post_modified":"2023-01-15 04:30:09","post_modified_gmt":"2023-01-15 03:30:09","post_content_filtered":"","post_parent":0,"guid":"https:\/\/www.claret.cat\/autor\/ginel-alvaro\/","menu_order":0,"post_type":"autor","post_mime_type":"","comment_count":"0","filter":"raw"}]},"aioseo_notices":[],"_links":{"self":[{"href":"https:\/\/www.claret.cat\/es\/wp-json\/wp\/v2\/product\/259504","targetHints":{"allow":["GET"]}}],"collection":[{"href":"https:\/\/www.claret.cat\/es\/wp-json\/wp\/v2\/product"}],"about":[{"href":"https:\/\/www.claret.cat\/es\/wp-json\/wp\/v2\/types\/product"}],"wp:featuredmedia":[{"embeddable":true,"href":"https:\/\/www.claret.cat\/es\/wp-json\/wp\/v2\/media\/358985"}],"wp:attachment":[{"href":"https:\/\/www.claret.cat\/es\/wp-json\/wp\/v2\/media?parent=259504"}],"wp:term":[{"taxonomy":"product_brand","embeddable":true,"href":"https:\/\/www.claret.cat\/es\/wp-json\/wp\/v2\/product_brand?post=259504"},{"taxonomy":"product_cat","embeddable":true,"href":"https:\/\/www.claret.cat\/es\/wp-json\/wp\/v2\/product_cat?post=259504"},{"taxonomy":"product_tag","embeddable":true,"href":"https:\/\/www.claret.cat\/es\/wp-json\/wp\/v2\/product_tag?post=259504"}],"curies":[{"name":"wp","href":"https:\/\/api.w.org\/{rel}","templated":true}]}}