{"id":259637,"date":"2022-10-21T13:07:45","date_gmt":"2022-10-21T11:07:45","guid":{"rendered":"http:\/\/dev.claret.cat\/producte\/la-cualidad-humana\/"},"modified":"2024-05-02T18:23:44","modified_gmt":"2024-05-02T16:23:44","slug":"la-cualidad-humana-9780991276295","status":"publish","type":"product","link":"https:\/\/www.claret.cat\/es\/libro\/la-cualidad-humana-9780991276295\/","title":{"rendered":"LA CUALIDAD HUMANA"},"content":{"rendered":"<p>La vida me ha mostrado una y otra vez que tomarme en serio mi deseo e intentar hacerlo real, es vivir. Mar\u00eda representa para m\u00ed un camino de identidad plena. Una orientaci\u00f3n de mi huella personal, que avanza libremente y como puede ante la adversidad, hacia un horizonte de Amor com\u00fan. Ella es el gesto de amor cuando el miedo se hace presente y los caminos piden ser elegidos. La confianza de dar un paso sin garant\u00edas desde el deseo en direcci\u00f3n a la posibilidad infinita, es Mar\u00eda.<br \/>El disco que acompa\u00f1a este libro, est\u00e1 hecho de aventura y relaciones de amor. Est\u00e1 grabado en la ermita donde he so\u00f1ado hacerlo cientos de veces, donde he recreado con Pau Figueres \u201cEls amants de Lilith\u201d, donde trabaj\u00e9 las canciones de La Cerim\u00f2nia de la Llum. Ahora, con los m\u00ednimos medios t\u00e9cnicos, en cuatro d\u00edas y casi sin opci\u00f3n para arreglar nada, he dado un paso en direcci\u00f3n a la confianza. No lo he hecho sola, estaba tan bien acompa\u00f1ada de personas y milagros, que ha sido realmente f\u00e1cil responder S\u00ed, Fiat Lux, h\u00e1gase en m\u00ed.<\/p>\n","protected":false},"excerpt":{"rendered":"<p>VOLPINI, \u00c1NGELA<\/p>\n","protected":false},"featured_media":329329,"template":"","meta":{"_acf_changed":false,"om_disable_all_campaigns":false,"rs_blank_template":"","rs_page_bg_color":"","slide_template_v7":"","inline_featured_image":false,"_monsterinsights_skip_tracking":false,"_monsterinsights_sitenote_active":false,"_monsterinsights_sitenote_note":"","_monsterinsights_sitenote_category":0},"product_brand":[],"product_cat":[90,540],"product_tag":[],"class_list":{"0":"post-259637","1":"product","2":"type-product","3":"status-publish","4":"has-post-thumbnail","6":"product_cat-altres","7":"product_cat-otros","9":"first","10":"outofstock","11":"taxable","12":"shipping-taxable","13":"purchasable","14":"product-type-simple"},"acf":{"autor":"VOLPINI, \u00c1NGELA","codart":"099127629","libros-coleccion":"","ediciones":"1","encuadernacion":"R\u00fastica","fecha_de_publicacion":"24\/03\/2014","novedad":"0","paginas":"100","subtitulo":"EL DESEO, LA POSIBILIDAD INFINITA: UN CRISTIANISMO PARA EL FUTURO","orden":"999","portada":"0","idioma":"spa","editorial":[{"ID":8263,"post_author":"3","post_date":"2022-09-30 09:21:35","post_date_gmt":"2022-09-30 07:21:35","post_content":"","post_title":"PASO DE BARCA","post_excerpt":"","post_status":"publish","comment_status":"closed","ping_status":"closed","post_password":"","post_name":"paso-de-barca","to_ping":"","pinged":"","post_modified":"2022-09-30 09:21:35","post_modified_gmt":"2022-09-30 07:21:35","post_content_filtered":"","post_parent":0,"guid":"http:\/\/dev.claret.cat\/editorial\/paso-de-barca\/","menu_order":0,"post_type":"editorial","post_mime_type":"","comment_count":"0","filter":"raw"}],"autores-libros":[{"ID":150447,"post_author":"3","post_date":"2022-10-14 14:33:02","post_date_gmt":"2022-10-14 12:33:02","post_content":"","post_title":"\u00c1NGELA VOLPINI","post_excerpt":"","post_status":"publish","comment_status":"closed","ping_status":"closed","post_password":"","post_name":"angela-volpini","to_ping":"","pinged":"","post_modified":"2022-10-14 14:33:02","post_modified_gmt":"2022-10-14 12:33:02","post_content_filtered":"","post_parent":0,"guid":"http:\/\/dev.claret.cat\/autor\/angela-volpini\/","menu_order":0,"post_type":"autor","post_mime_type":"","comment_count":"0","filter":"raw"}]},"aioseo_notices":[],"_links":{"self":[{"href":"https:\/\/www.claret.cat\/es\/wp-json\/wp\/v2\/product\/259637","targetHints":{"allow":["GET"]}}],"collection":[{"href":"https:\/\/www.claret.cat\/es\/wp-json\/wp\/v2\/product"}],"about":[{"href":"https:\/\/www.claret.cat\/es\/wp-json\/wp\/v2\/types\/product"}],"wp:featuredmedia":[{"embeddable":true,"href":"https:\/\/www.claret.cat\/es\/wp-json\/wp\/v2\/media\/329329"}],"wp:attachment":[{"href":"https:\/\/www.claret.cat\/es\/wp-json\/wp\/v2\/media?parent=259637"}],"wp:term":[{"taxonomy":"product_brand","embeddable":true,"href":"https:\/\/www.claret.cat\/es\/wp-json\/wp\/v2\/product_brand?post=259637"},{"taxonomy":"product_cat","embeddable":true,"href":"https:\/\/www.claret.cat\/es\/wp-json\/wp\/v2\/product_cat?post=259637"},{"taxonomy":"product_tag","embeddable":true,"href":"https:\/\/www.claret.cat\/es\/wp-json\/wp\/v2\/product_tag?post=259637"}],"curies":[{"name":"wp","href":"https:\/\/api.w.org\/{rel}","templated":true}]}}